{"id":2607,"date":"2023-01-05T11:52:24","date_gmt":"2023-01-05T10:52:24","guid":{"rendered":"https:\/\/www.camping-leboisverdon.com\/diensten-activiteiten\/"},"modified":"2025-11-27T14:44:56","modified_gmt":"2025-11-27T13:44:56","slug":"diensten-activiteiten","status":"publish","type":"page","link":"https:\/\/www.camping-leboisverdon.com\/nl\/diensten-activiteiten\/","title":{"rendered":"Diensten &amp; activiteiten"},"content":{"rendered":"\n<h1 class=\"wp-block-heading\">Diensten &amp; activiteiten<\/h1>\n\n\n\n<h2 class=\"wp-block-heading\">Ontdek onze diensten tijdens uw vakantie op de 4 sterren camping Le Bois Verdon in St Jean de Monts<\/h2>\n\n\n\n<div style=\"height:30px\" aria-hidden=\"true\" class=\"wp-block-spacer\"><\/div>\n\n\n\n<div class=\"wp-block-media-text alignwide is-stacked-on-mobile is-vertically-aligned-top\" style=\"grid-template-columns:35% auto\"><figure class=\"wp-block-media-text__media\"><img loading=\"lazy\" decoding=\"async\" width=\"1024\" height=\"768\" src=\"https:\/\/www.camping-leboisverdon.com\/wp-content\/uploads\/2023\/02\/20210508_084708-1024x768.jpg\" alt=\"\" class=\"wp-image-2007 size-full\" srcset=\"https:\/\/www.camping-leboisverdon.com\/wp-content\/uploads\/2023\/02\/20210508_084708-1024x768.jpg 1024w, https:\/\/www.camping-leboisverdon.com\/wp-content\/uploads\/2023\/02\/20210508_084708-300x225.jpg 300w, https:\/\/www.camping-leboisverdon.com\/wp-content\/uploads\/2023\/02\/20210508_084708-768x576.jpg 768w, https:\/\/www.camping-leboisverdon.com\/wp-content\/uploads\/2023\/02\/20210508_084708.jpg 1200w\" sizes=\"auto, (max-width: 1024px) 100vw, 1024px\" \/><\/figure><div class=\"wp-block-media-text__content\">\n<div class=\"wp-block-group is-layout-constrained wp-block-group-is-layout-constrained\" style=\"border-style:none;border-width:0px\">\n<div class=\"wp-block-group has-border-color has-cyan-border-color is-layout-constrained wp-container-core-group-is-layout-301020a0 wp-block-group-is-layout-constrained\" style=\"border-width:3px;padding-top:var(--wp--preset--spacing--50);padding-right:var(--wp--preset--spacing--50);padding-bottom:var(--wp--preset--spacing--50);padding-left:var(--wp--preset--spacing--50)\">\n<p class=\"has-text-align-left has-playfair-display-font-family has-moyen-font-size\">Receptie van de camping<\/p>\n\n\n\n<p class=\"has-text-align-left\">De camping verwelkomt u : <\/p>\n\n\n\n<ul class=\"wp-block-list\">\n<li>van 9.00 tot 12.30 uur en van 14.30 tot 19.00 uur<\/li>\n\n\n\n<li>Laagseizoen: 9.30 tot 12.30 uur en van 14.30 tot 18.00 uur<\/li>\n<\/ul>\n\n\n\n<p class=\"has-text-align-center\">Telefonische ontvangst het hele jaar door: 02 51 58 10 61.<br>Brochures en toeristische informatie over de badplaats St Jean de Monts en de omgeving.<\/p>\n<\/div>\n<\/div>\n\n\n\n<p><\/p>\n<\/div><\/div>\n\n\n\n<div style=\"height:30px\" aria-hidden=\"true\" class=\"wp-block-spacer\"><\/div>\n\n\n\n<figure class=\"wp-block-image aligncenter size-full is-resized\"><img loading=\"lazy\" decoding=\"async\" width=\"559\" height=\"150\" src=\"https:\/\/www.camping-leboisverdon.com\/wp-content\/uploads\/2023\/01\/trait.png\" alt=\"\" class=\"wp-image-407\" style=\"width:140px;height:38px\" srcset=\"https:\/\/www.camping-leboisverdon.com\/wp-content\/uploads\/2023\/01\/trait.png 559w, https:\/\/www.camping-leboisverdon.com\/wp-content\/uploads\/2023\/01\/trait-300x81.png 300w\" sizes=\"auto, (max-width: 559px) 100vw, 559px\" \/><\/figure>\n\n\n\n<div style=\"height:30px\" aria-hidden=\"true\" class=\"wp-block-spacer\"><\/div>\n\n\n\n<div class=\"wp-block-columns is-layout-flex wp-container-core-columns-is-layout-28f84493 wp-block-columns-is-layout-flex\">\n<div class=\"wp-block-column is-layout-flow wp-block-column-is-layout-flow\">\n<h2 class=\"wp-block-heading\"><strong>Aanvullende kruidenierswaren en lokale producten<\/strong><\/h2>\n\n\n\n<p>De 4* camping Le Bois Verdon in Saint Jean de Monts wil bepaalde producten uit onze streek, uit Saint Jean de Monts en uit de Vend\u00e9e promoten.<\/p>\n\n\n\n<p><strong>Brood- en banketbakkerij  <\/strong><br><em>(alleen in het hoogseizoen, juli en augustus)<\/em><br>Onze partnerbakker in St Jean de Monts voorziet ons elke ochtend van brood en heerlijk gebak.<\/p>\n\n\n\n<p><strong>Food Truck<br><\/strong><em>2 keer per week in juli en augustus.<\/em><\/p>\n\n\n\n<h2 class=\"wp-block-heading\"><strong>Verhuur<\/strong><\/h2>\n\n\n\n<ul class=\"wp-block-list\">\n<li>Gasbarbecue (7 \u20ac per dag of 5 \u20ac per maaltijd),<\/li>\n\n\n\n<li>Babykit (kinderbed + kinderstoel): 20 \u20ac \/ week of verblijf of 10 \u20ac eenheid\/week of woonkamer (aankleedkussen en babybadje beschikbaar)<\/li>\n\n\n\n<li>Lakenpakket (een- of tweepersoonsbed: 14 \u20ac)<\/li>\n\n\n\n<li>Handdoekpakket (een badlaken + een handdoek): 8 \u20ac per persoon<\/li>\n\n\n\n<li>Fietsverhuur (externe dienstverlener)<\/li>\n\n\n\n<li>Huur koelkast (40 \u20ac per week)<\/li>\n<\/ul>\n\n\n\n<h2 class=\"wp-block-heading\"><strong>BAR &#8211; COCKTAILS<\/strong><\/h2>\n\n\n\n<p>Zin in een <strong>ijsje <\/strong>of een verfrissende <strong>cocktail<\/strong>?<\/p>\n\n\n\n<p>Een <strong>bar<\/strong> met een <strong>schaduwrijk terras<\/strong> staat voor u klaar van Juni tot augustus.<\/p>\n<\/div>\n\n\n\n<div class=\"wp-block-column is-layout-flow wp-block-column-is-layout-flow\">\n<h2 class=\"wp-block-heading\"><strong>Wasruimte &#8211; Sanitaire voorzieningen<\/strong><\/h2>\n\n\n\n<p>De 4* Camping le Bois Verdon staat al jaren bekend om zijn netheid, hygi\u00ebne en respect voor het milieu.<\/p>\n\n\n\n<p>Individuele cabine, Italiaanse douche, afwasbakken, WC, wasbakken, luiertafel, genoeg voor de meest veeleisende op camping Le Bois Verdon in Saint Jean de Monts.<\/p>\n\n\n\n<p>Een wasmachine en een wasdroger zijn beschikbaar (5 \u20ac voor een munt met waspoeder, 5 \u20ac voor een wasdroger).<\/p>\n\n\n\n<p>Op Camping Le Bois Verdon in Saint Jean de Monts is ook <strong>een sanitairblok voor mindervaliden<\/strong> beschikbaar.<\/p>\n\n\n\n<h2 class=\"wp-block-heading\"><strong>Diverse diensten<\/strong><\/h2>\n\n\n\n<ul class=\"wp-block-list\">\n<li>Kranten beschikbaar<\/li>\n\n\n\n<li>leenstroomadapter<\/li>\n\n\n\n<li>bruikleen van strijkijzer en strijkplank<\/li>\n\n\n\n<li>lening haardroger<\/li>\n\n\n\n<li>bruikleen van tafeltennisrackets en ballen<\/li>\n\n\n\n<li>lening van bordspellen, Molky<\/li>\n<\/ul>\n\n\n\n<h2 class=\"wp-block-heading\"><strong>WIFI<\/strong><\/h2>\n\n\n\n<p>Op de 4* camping Le Bois Verdon heeft u, voor nog meer comfort, overal op de camping toegang tot een WIFI-verbinding. WIFI beschikbaar op de hele camping (tegen betaling).<\/p>\n<\/div>\n<\/div>\n\n\n\n<figure class=\"wp-block-image aligncenter size-full is-resized\"><img loading=\"lazy\" decoding=\"async\" width=\"559\" height=\"150\" src=\"https:\/\/www.camping-leboisverdon.com\/wp-content\/uploads\/2023\/01\/trait.png\" alt=\"\" class=\"wp-image-407\" style=\"width:140px;height:38px\" srcset=\"https:\/\/www.camping-leboisverdon.com\/wp-content\/uploads\/2023\/01\/trait.png 559w, https:\/\/www.camping-leboisverdon.com\/wp-content\/uploads\/2023\/01\/trait-300x81.png 300w\" sizes=\"auto, (max-width: 559px) 100vw, 559px\" \/><\/figure>\n\n\n\n<div class=\"wp-block-media-text alignwide has-media-on-the-right is-stacked-on-mobile is-image-fill-element\" style=\"grid-template-columns:auto 30%\"><div class=\"wp-block-media-text__content\">\n<h2 class=\"wp-block-heading has-text-align-right has-normal-font-size\">Activiteiten op de 4-sterren camping in Saint Jean de Monts<\/h2>\n\n\n\n<p class=\"has-text-align-right\">Vanwege de <strong>nabijheid van het stadscentrum en de voetgangersstraat van Saint Jean de Monts<\/strong>, die elke dag zeer levendige plaatsen zijn, en om de rust op de camping te garanderen, hebben wij geen avondanimatie.<\/p>\n\n\n\n<p class=\"has-text-align-right\"><strong><em>Er zijn echter een aantal recreatiemogelijkheden ter plaatse:<\/em><\/strong><\/p>\n\n\n\n<p class=\"has-text-align-right\"><strong>Kinderspeelplaats  <\/strong><br>Voor de jongsten onder onze vakantiegangers in Saint Jean de Monts die in alle veiligheid zullen genieten van de <strong>glijbaan<\/strong>, de <strong>trampoline<\/strong>, de <strong>lentespelen<\/strong> en ook de <strong>pingpongtafel<\/strong>. Er zal veel plezier en gelach zijn met de nieuwe vrienden.<br><strong>HOME-BALL<\/strong>, een nieuw spelconcept waarbij de bal het veld nooit verlaat! De baan is vierkant en omsloten door een net.<\/p>\n\n\n\n<p><\/p>\n<\/div><figure class=\"wp-block-media-text__media\"><img loading=\"lazy\" decoding=\"async\" width=\"1024\" height=\"768\" src=\"https:\/\/www.camping-leboisverdon.com\/wp-content\/uploads\/2023\/01\/20210503_183249-1024x768.jpg\" alt=\"\" class=\"wp-image-688 size-full\" style=\"object-position:50% 50%\" srcset=\"https:\/\/www.camping-leboisverdon.com\/wp-content\/uploads\/2023\/01\/20210503_183249-1024x768.jpg 1024w, https:\/\/www.camping-leboisverdon.com\/wp-content\/uploads\/2023\/01\/20210503_183249-300x225.jpg 300w, https:\/\/www.camping-leboisverdon.com\/wp-content\/uploads\/2023\/01\/20210503_183249-768x576.jpg 768w, https:\/\/www.camping-leboisverdon.com\/wp-content\/uploads\/2023\/01\/20210503_183249.jpg 1200w\" sizes=\"auto, (max-width: 1024px) 100vw, 1024px\" \/><\/figure><\/div>\n\n\n<div class=\"wp-block-sev-diaporama alignfull\">\t\t\t<div id=\"sevgallery-408914443\" class=\"sev-diaporama sev-diaporama-portfolio\">\r\n\t\t\t<div class=\"row\">\r\n\r\n\t\t\t\r\n\t\t\t\t\r\n\t\t\t\t<div class=\"sev-diaporama-portfolio-item col-12 col-sm \">\r\n\r\n\t\t\t\t\t\t\t\t\t\t<a href=\"https:\/\/www.camping-leboisverdon.com\/wp-content\/uploads\/2023\/01\/20210614_122845.jpg\" data-lightbox=\"sevgallery-408914443\" style=\"background-image: url(https:\/\/www.camping-leboisverdon.com\/wp-content\/uploads\/2023\/01\/20210614_122845.jpg)\">\r\n\t\t\t\t\t\t\t\t\t\t\t<img decoding=\"async\" src=\"https:\/\/www.camping-leboisverdon.com\/wp-content\/uploads\/2023\/01\/20210614_122845.jpg\" alt=\"camping avec services 4 \u00e9toiles haur de gamme en Vend\u00e9e\" loading=\"lazy\">\r\n\t\t\t\t\t\t\t\t\t\t<\/a>\r\n\t\t\t\t\t\t\t\t\t<\/div>\r\n\r\n\t\t\t\t\r\n\t\t\t\t\t\t\t\t\t\t\t\r\n\t\t\t\t\r\n\t\t\t\t<div class=\"sev-diaporama-portfolio-item col-12 col-sm \">\r\n\r\n\t\t\t\t\t\t\t\t\t\t<a href=\"https:\/\/www.camping-leboisverdon.com\/wp-content\/uploads\/2023\/01\/20210614_122922.jpg\" data-lightbox=\"sevgallery-408914443\" style=\"background-image: url(https:\/\/www.camping-leboisverdon.com\/wp-content\/uploads\/2023\/01\/20210614_122922.jpg)\">\r\n\t\t\t\t\t\t\t\t\t\t\t<img decoding=\"async\" src=\"https:\/\/www.camping-leboisverdon.com\/wp-content\/uploads\/2023\/01\/20210614_122922.jpg\" alt=\"camping avec services 4 \u00e9toiles haut de gamme en Vend\u00e9e\" loading=\"lazy\">\r\n\t\t\t\t\t\t\t\t\t\t<\/a>\r\n\t\t\t\t\t\t\t\t\t<\/div>\r\n\r\n\t\t\t\t\r\n\t\t\t\t\t\t\t\t\t\t\t\r\n\t\t\t\t\r\n\t\t\t\t<div class=\"sev-diaporama-portfolio-item col-12 col-sm  col-shrink\">\r\n\r\n\t\t\t\t\t\t\t\t\t\t<a href=\"https:\/\/www.camping-leboisverdon.com\/wp-content\/uploads\/2023\/01\/20210614_123033.jpg\" data-lightbox=\"sevgallery-408914443\" style=\"background-image: url(https:\/\/www.camping-leboisverdon.com\/wp-content\/uploads\/2023\/01\/20210614_123033.jpg)\">\r\n\t\t\t\t\t\t\t\t\t\t\t<img decoding=\"async\" src=\"https:\/\/www.camping-leboisverdon.com\/wp-content\/uploads\/2023\/01\/20210614_123033.jpg\" alt=\"camping avec services 4 \u00e9toiles en Vend\u00e9e\" loading=\"lazy\">\r\n\t\t\t\t\t\t\t\t\t\t<\/a>\r\n\t\t\t\t\t\t\t\t\t<\/div>\r\n\r\n\t\t\t\t\r\n\t\t\t\t\t\t\t\t\t\t\t\r\n\t\t\t\t\r\n\t\t\t\t<div class=\"sev-diaporama-portfolio-item col-12 col-sm  col-shrink\">\r\n\r\n\t\t\t\t\t\t\t\t\t\t<a href=\"https:\/\/www.camping-leboisverdon.com\/wp-content\/uploads\/2023\/01\/20210901_092338.jpg\" data-lightbox=\"sevgallery-408914443\" style=\"background-image: url(https:\/\/www.camping-leboisverdon.com\/wp-content\/uploads\/2023\/01\/20210901_092338.jpg)\">\r\n\t\t\t\t\t\t\t\t\t\t\t<img decoding=\"async\" src=\"https:\/\/www.camping-leboisverdon.com\/wp-content\/uploads\/2023\/01\/20210901_092338.jpg\" alt=\"camping avec services 4 \u00e9toiles en Vend\u00e9e\" loading=\"lazy\">\r\n\t\t\t\t\t\t\t\t\t\t<\/a>\r\n\t\t\t\t\t\t\t\t\t<\/div>\r\n\r\n\t\t\t\t\t\t\t\t\t<div class=\"w-100\"><\/div>\r\n\t\t\t\t\t\t\t\t\t\r\n\t\t\t\t\t\t\t\t\t\t\t\r\n\t\t\t\t\r\n\t\t\t\t<div class=\"sev-diaporama-portfolio-item col-12 col-sm  col-shrink\">\r\n\r\n\t\t\t\t\t\t\t\t\t\t<a href=\"https:\/\/www.camping-leboisverdon.com\/wp-content\/uploads\/2023\/01\/c-DSC03520.jpeg\" data-lightbox=\"sevgallery-408914443\" style=\"background-image: url(https:\/\/www.camping-leboisverdon.com\/wp-content\/uploads\/2023\/01\/c-DSC03520.jpeg)\">\r\n\t\t\t\t\t\t\t\t\t\t\t<img decoding=\"async\" src=\"https:\/\/www.camping-leboisverdon.com\/wp-content\/uploads\/2023\/01\/c-DSC03520.jpeg\" alt=\"camping avec services 4 \u00e9toiles en Vend\u00e9e\" loading=\"lazy\">\r\n\t\t\t\t\t\t\t\t\t\t<\/a>\r\n\t\t\t\t\t\t\t\t\t<\/div>\r\n\r\n\t\t\t\t\r\n\t\t\t\t\t\t\t\t\t\t\t\r\n\t\t\t\t\r\n\t\t\t\t<div class=\"sev-diaporama-portfolio-item col-12 col-sm \">\r\n\r\n\t\t\t\t\t\t\t\t\t\t<a href=\"https:\/\/www.camping-leboisverdon.com\/wp-content\/uploads\/2023\/01\/c-DSC03534.jpeg\" data-lightbox=\"sevgallery-408914443\" style=\"background-image: url(https:\/\/www.camping-leboisverdon.com\/wp-content\/uploads\/2023\/01\/c-DSC03534.jpeg)\">\r\n\t\t\t\t\t\t\t\t\t\t\t<img decoding=\"async\" src=\"https:\/\/www.camping-leboisverdon.com\/wp-content\/uploads\/2023\/01\/c-DSC03534.jpeg\" alt=\"camping avec services 4 \u00e9toiles en St Jean de Monts\" loading=\"lazy\">\r\n\t\t\t\t\t\t\t\t\t\t<\/a>\r\n\t\t\t\t\t\t\t\t\t<\/div>\r\n\r\n\t\t\t\t\r\n\t\t\t\t\t\t\t\t\t\t\t\r\n\t\t\t\t\r\n\t\t\t\t<div class=\"sev-diaporama-portfolio-item col-12 col-sm  col-grow\">\r\n\r\n\t\t\t\t\t\t\t\t\t\t<a href=\"https:\/\/www.camping-leboisverdon.com\/wp-content\/uploads\/2023\/01\/c-DSC03537.jpeg\" data-lightbox=\"sevgallery-408914443\" style=\"background-image: url(https:\/\/www.camping-leboisverdon.com\/wp-content\/uploads\/2023\/01\/c-DSC03537.jpeg)\">\r\n\t\t\t\t\t\t\t\t\t\t\t<img decoding=\"async\" src=\"https:\/\/www.camping-leboisverdon.com\/wp-content\/uploads\/2023\/01\/c-DSC03537.jpeg\" alt=\"camping avec services 4 \u00e9toiles en St Jean de Monts\" loading=\"lazy\">\r\n\t\t\t\t\t\t\t\t\t\t<\/a>\r\n\t\t\t\t\t\t\t\t\t<\/div>\r\n\r\n\t\t\t\t\r\n\t\t\t\t\t\t\t\t\t\t\t\r\n\t\t\t\t\r\n\t\t\t\t<div class=\"sev-diaporama-portfolio-item col-12 col-sm  col-grow\">\r\n\r\n\t\t\t\t\t\t\t\t\t\t<a href=\"https:\/\/www.camping-leboisverdon.com\/wp-content\/uploads\/2023\/01\/comp-cocktail-02.jpeg\" data-lightbox=\"sevgallery-408914443\" style=\"background-image: url(https:\/\/www.camping-leboisverdon.com\/wp-content\/uploads\/2023\/01\/comp-cocktail-02.jpeg)\">\r\n\t\t\t\t\t\t\t\t\t\t\t<img decoding=\"async\" src=\"https:\/\/www.camping-leboisverdon.com\/wp-content\/uploads\/2023\/01\/comp-cocktail-02.jpeg\" alt=\"camping avec services 4 \u00e9toiles en St Jean de Monts\" loading=\"lazy\">\r\n\t\t\t\t\t\t\t\t\t\t<\/a>\r\n\t\t\t\t\t\t\t\t\t<\/div>\r\n\r\n\t\t\t\t\t\t\t\t\t<div class=\"w-100\"><\/div>\r\n\t\t\t\t\t\t\t\t\t\r\n\t\t\t\t\t\t\t\t\t\t\t\r\n\t\t\t\t\r\n\t\t\t\t<div class=\"sev-diaporama-portfolio-item col-12 col-sm \">\r\n\r\n\t\t\t\t\t\t\t\t\t\t<a href=\"https:\/\/www.camping-leboisverdon.com\/wp-content\/uploads\/2023\/01\/comp-cocktail-04.jpeg\" data-lightbox=\"sevgallery-408914443\" style=\"background-image: url(https:\/\/www.camping-leboisverdon.com\/wp-content\/uploads\/2023\/01\/comp-cocktail-04.jpeg)\">\r\n\t\t\t\t\t\t\t\t\t\t\t<img decoding=\"async\" src=\"https:\/\/www.camping-leboisverdon.com\/wp-content\/uploads\/2023\/01\/comp-cocktail-04.jpeg\" alt=\"camping avec services 4 \u00e9toiles en St Jean de Monts\" loading=\"lazy\">\r\n\t\t\t\t\t\t\t\t\t\t<\/a>\r\n\t\t\t\t\t\t\t\t\t<\/div>\r\n\r\n\t\t\t\t\r\n\t\t\t\t\t\t\t\t\t\t\t\r\n\t\t\t\t\r\n\t\t\t\t<div class=\"sev-diaporama-portfolio-item col-12 col-sm  col-grow\">\r\n\r\n\t\t\t\t\t\t\t\t\t\t<a href=\"https:\/\/www.camping-leboisverdon.com\/wp-content\/uploads\/2023\/01\/comp-cocktail-06.jpeg\" data-lightbox=\"sevgallery-408914443\" style=\"background-image: url(https:\/\/www.camping-leboisverdon.com\/wp-content\/uploads\/2023\/01\/comp-cocktail-06.jpeg)\">\r\n\t\t\t\t\t\t\t\t\t\t\t<img decoding=\"async\" src=\"https:\/\/www.camping-leboisverdon.com\/wp-content\/uploads\/2023\/01\/comp-cocktail-06.jpeg\" alt=\"camping avec services 4 \u00e9toiles en St Jean de Monts\" loading=\"lazy\">\r\n\t\t\t\t\t\t\t\t\t\t<\/a>\r\n\t\t\t\t\t\t\t\t\t<\/div>\r\n\r\n\t\t\t\t\r\n\t\t\t\t\t\t\t\t\t\t\t\t\t\t<\/div>\r\n\t\t\t<\/div>\r\n\r\n\t\t\t<script>\r\n\t\t\tjQuery(function($) {\r\n\r\n\t\t\t\tvar marginPortfolio = function() {\r\n\r\n\t\t\t\t\tvar $diapo          = $('#sevgallery-408914443');\r\n\t\t\t\t\tvar container_width = $diapo.parent().outerWidth();\r\n\t\t\t\t\tvar side            = ( $(window).innerWidth() - container_width ) \/ 2;\r\n\r\n\t\t\t\t\t$diapo.css( {\r\n\t\t\t\t\t\t'margin-left': '-' + side + 'px',\r\n\t\t\t\t\t\t'margin-right': '-' + side + 'px',\r\n\t\t\t\t\t} );\r\n\t\t\t\t};\r\n\r\n\t\t\t\t$( window ).resize( function() {\r\n\t\t\t\t\tmarginPortfolio();\r\n\t\t\t\t} );\r\n\t\t\t\tmarginPortfolio();\r\n\t\t\t});\r\n\t\t\t<\/script>\r\n\t\t\t<\/div>","protected":false},"excerpt":{"rendered":"<p>Diensten &amp; activiteiten Ontdek onze diensten tijdens uw vakantie op de 4 sterren camping Le Bois Verdon in St Jean de Monts Aanvullende kruidenierswaren en lokale producten De 4* camping Le Bois Verdon in Saint Jean de Monts wil bepaalde producten uit onze streek, uit Saint Jean de Monts en uit de Vend\u00e9e promoten. Brood- [&hellip;]<\/p>\n","protected":false},"author":1,"featured_media":0,"parent":0,"menu_order":0,"comment_status":"closed","ping_status":"closed","template":"","meta":{"_seopress_robots_primary_cat":"","_seopress_titles_title":"Camping avec activit\u00e9s \u00e0 Saint Jean de Monts","_seopress_titles_desc":"Le camping le Bois Verdon propose de nombreuses activit\u00e9s comme aire de jeux enfants piscine couverte chauff\u00e9e et pistes cyclables \u00e0 la sortie du camping.","_seopress_robots_index":"","footnotes":""},"class_list":["post-2607","page","type-page","status-publish","hentry"],"_links":{"self":[{"href":"https:\/\/www.camping-leboisverdon.com\/nl\/wp-json\/wp\/v2\/pages\/2607","targetHints":{"allow":["GET"]}}],"collection":[{"href":"https:\/\/www.camping-leboisverdon.com\/nl\/wp-json\/wp\/v2\/pages"}],"about":[{"href":"https:\/\/www.camping-leboisverdon.com\/nl\/wp-json\/wp\/v2\/types\/page"}],"author":[{"embeddable":true,"href":"https:\/\/www.camping-leboisverdon.com\/nl\/wp-json\/wp\/v2\/users\/1"}],"replies":[{"embeddable":true,"href":"https:\/\/www.camping-leboisverdon.com\/nl\/wp-json\/wp\/v2\/comments?post=2607"}],"version-history":[{"count":7,"href":"https:\/\/www.camping-leboisverdon.com\/nl\/wp-json\/wp\/v2\/pages\/2607\/revisions"}],"predecessor-version":[{"id":27200,"href":"https:\/\/www.camping-leboisverdon.com\/nl\/wp-json\/wp\/v2\/pages\/2607\/revisions\/27200"}],"wp:attachment":[{"href":"https:\/\/www.camping-leboisverdon.com\/nl\/wp-json\/wp\/v2\/media?parent=2607"}],"curies":[{"name":"wp","href":"https:\/\/api.w.org\/{rel}","templated":true}]}}