{"id":57,"date":"2022-12-01T23:42:07","date_gmt":"2022-12-01T22:42:07","guid":{"rendered":"https:\/\/www.camping-leboisverdon.com\/accueil\/"},"modified":"2025-11-27T13:27:30","modified_gmt":"2025-11-27T12:27:30","slug":"accueil","status":"publish","type":"page","link":"https:\/\/www.camping-leboisverdon.com\/en\/","title":{"rendered":"Accueil"},"content":{"rendered":"\n<div class=\"wp-block-columns alignwide is-layout-flex wp-container-core-columns-is-layout-cf05694f wp-block-columns-is-layout-flex\">\n<div class=\"wp-block-column is-layout-flow wp-block-column-is-layout-flow\" style=\"flex-basis:66.66%\">\n<h1 class=\"wp-block-heading\">Bois Verdon<\/h1>\n\n\n\n<h2 class=\"wp-block-heading has-normal-font-size\">4 star open air hotel, quiet and without ENTERTAINMENTS<\/h2>\n\n\n\n<p>Only 900 m from the fine sandy <a href=\"https:\/\/www.camping-leboisverdon.com\/en\/sea-islands-side\/beaches-and-forests\/\" data-type=\"page\" data-id=\"308\">beaches<\/a> of <a href=\"https:\/\/www.camping-leboisverdon.com\/en\/saint-jean-de-monts-2-2\/\" data-type=\"page\" data-id=\"304\">Saint Jean de Monts<\/a>, on the edge of the Pays de Monts national forest and facing the bicycle paths, the 4-star Le Bois Verdon campsite is a charming campsite with 59 <a href=\"https:\/\/www.camping-leboisverdon.com\/en\/lodging\/\" data-type=\"page\" data-id=\"15\">pitches<\/a>. A true haven of peace,<strong> without any entertainment<\/strong>, it is an ideal place for a calm and relaxing vacation, while enjoying high quality services.<\/p>\n\n\n\n<p>In the two<a href=\"https:\/\/www.camping-leboisverdon.com\/en\/lodging\/\" data-type=\"page\" data-id=\"15\"> Premium areas <\/a>Exotic Malaka and Nature Terre et Mer, you will discover modern, <strong>top-of-the-range<\/strong>, very comfortable, eco-designed mobile homes, <strong>all equipped with<\/strong> semi-covered wooden <strong>terraces<\/strong>.<\/p>\n\n\n\n<p>For camping enthusiasts, a natural, wooded and preserved area awaits you, in order to take advantage of the <a href=\"https:\/\/www.camping-leboisverdon.com\/en\/lodging\/#emplacements\">spacious<\/a>, well-defined, semi-shaded <a href=\"https:\/\/www.camping-leboisverdon.com\/en\/lodging\/#emplacements\">pitches<\/a> for tents, caravans and motor homes.<\/p>\n\n\n\n<p>A small <strong>campsite on a human scale<\/strong>, Camping le Bois Verdon in<strong> Saint Jean de Monts<\/strong> will seduce you with its <strong>landscaped <\/strong>and <strong>flowery<\/strong> layout where the privacy of each person is preserved. So yes, if you want a quiet campsite without animations, you are in the right place.<\/p>\n\n\n\n<p>Once installed, you will be able to take advantage of the many <a href=\"https:\/\/www.camping-leboisverdon.com\/en\/services-activities\/\" data-type=\"page\" data-id=\"96\">services<\/a> offered (bar from May to September, swimming pool, grocery store, playground for children &#8230;)<\/p>\n\n\n\n<p>At the Bois Verdon campsite, if the vacations rhyme with <strong>rest <\/strong>and <strong>relaxation<\/strong>, they will also allow the curious to discover the <a href=\"https:\/\/www.camping-leboisverdon.com\/en\/visits-and-excursions\/\" data-type=\"page\" data-id=\"404\">tourist treasures<\/a> of the Pays de Monts and the surroundings (Ile d&#8217;Yeu, Ile de Noirmoutier, Beaches and Forest, Puy du Fou &#8230;).<\/p>\n\n\n\n<div style=\"height:50px\" aria-hidden=\"true\" class=\"wp-block-spacer\"><\/div>\n<\/div>\n\n\n\n<div class=\"wp-block-column is-layout-flow wp-block-column-is-layout-flow\" style=\"flex-basis:33.33%\">\n<div class=\"wp-block-columns is-layout-flex wp-container-core-columns-is-layout-b8e64976 wp-block-columns-is-layout-flex\" style=\"margin-top:var(--wp--preset--spacing--80)\">\n<div class=\"wp-block-column is-layout-flow wp-block-column-is-layout-flow\">\n<p class=\"has-playfair-display-font-family\">Location:<br>62 rue du Moulin Casse<br>85160 Saint Jean de Monts<\/p>\n\n\n\n<p class=\"content-tel has-playfair-display-font-family\" style=\"font-size:110%\"><a href=\"tel:+33251581061\" data-type=\"tel\" data-id=\"tel:+33251581061\">+33 02 51 58 10 61<\/a><\/p>\n<\/div>\n\n\n\n<div class=\"wp-block-column is-layout-flow wp-block-column-is-layout-flow\">\n<figure class=\"wp-block-image alignright size-full\"><img decoding=\"async\" src=\"https:\/\/www.camping-leboisverdon.com\/wp-content\/uploads\/2023\/01\/home-map.png\" alt=\"\" class=\"wp-image-73\"\/><\/figure>\n<\/div>\n<\/div>\n\n\n\n<p class=\"has-playfair-display-font-family\" style=\"margin-top:var(--wp--preset--spacing--70);margin-bottom:var(--wp--preset--spacing--70)\">The campsite is open from May 12 to September 12, 2026. Pitch is open from June 1 to September 5, 2026<br>Opening of the 2026 reservations: November 15, 2025<\/p>\n\n\n\n<figure class=\"wp-block-image aligncenter size-full is-resized\"><a href=\"https:\/\/www.tripadvisor.fr\/Hotel_Review-g196656-d9459965-Reviews-Camping_Le_Bois_Verdon-Saint_Jean_de_Monts_Vendee_Pays_de_la_Loire.html\" target=\"_blank\" rel=\"noopener\"><img loading=\"lazy\" decoding=\"async\" width=\"151\" height=\"100\" src=\"https:\/\/www.camping-leboisverdon.com\/wp-content\/uploads\/2023\/03\/tchotel_2022_LL.png\" alt=\"avis clients du camping \u00e0 Saint Jean de Monts en Vend\u00e9e\" class=\"wp-image-6361\"\/><\/a><\/figure>\n\n\n\n<ctv-reviews data-modal-position=\"bottom\" data-small=\"true\"><\/ctv-reviews>\n<\/div>\n<\/div>\n\n\n\n<div class=\"wp-block-cover alignfull has-custom-content-position is-position-bottom-left\" style=\"margin-top:var(--wp--preset--spacing--80);min-height:55vh;aspect-ratio:unset;\" id=\"hebergements\"><img decoding=\"async\" class=\"wp-block-cover__image-background wp-image-111\" alt=\"\" src=\"https:\/\/www.camping-leboisverdon.com\/wp-content\/uploads\/2023\/01\/cover-hebergements.jpg\" style=\"object-position:44% 0%\" data-object-fit=\"cover\" data-object-position=\"44% 0%\"\/><span aria-hidden=\"true\" class=\"wp-block-cover__background has-background-dim wp-block-cover__gradient-background has-background-gradient\" style=\"background:linear-gradient(135deg,rgb(1,1,1) 0%,rgba(255,255,255,0) 100%)\"><\/span><div class=\"wp-block-cover__inner-container is-layout-flow wp-block-cover-is-layout-flow\">\n<h2 class=\"wp-block-heading has-gris-tres-fonce-color has-white-background-color has-text-color has-background has-grand-font-size\" style=\"text-transform:none\">Our accommodations<\/h2>\n<\/div><\/div>\n\n\n\n<div class=\"wp-block-group alignwide is-layout-flow wp-block-group-is-layout-flow\">\n<p style=\"padding-top:1.5rem;padding-right:0rem;padding-bottom:0rem;padding-left:2rem;font-size:90%;letter-spacing:3px;text-transform:uppercase\">Cottages in a landscaped environment<\/p>\n<\/div>\n\n\n\n<div class=\"wp-block-columns alignfull is-layout-flex wp-container-core-columns-is-layout-059203fb wp-block-columns-is-layout-flex\" style=\"padding-top:var(--wp--preset--spacing--60);padding-right:var(--wp--preset--spacing--60);padding-bottom:var(--wp--preset--spacing--60);padding-left:var(--wp--preset--spacing--60)\">\n<div class=\"wp-block-column is-layout-flow wp-block-column-is-layout-flow\">\n<div class=\"wp-block-sev-encart\"><a href=\"https:\/\/www.camping-leboisverdon.com\/en\/lodging\/#exotique\"><img decoding=\"async\" src=\"https:\/\/www.camping-leboisverdon.com\/wp-content\/uploads\/2023\/01\/comp-MH734TI-02.jpeg\" alt=\"\"\/><div class=\"wp-block-sev-encart-content\"><div class=\"wp-block-sev-encart-label\">Exotic Premium Area<\/div><\/div><div class=\"wp-block-sev-encart-btn\">Discover<\/div><\/a><\/div>\n<\/div>\n\n\n\n<div class=\"wp-block-column is-layout-flow wp-block-column-is-layout-flow\">\n<div class=\"wp-block-sev-encart\"><a href=\"https:\/\/www.camping-leboisverdon.com\/en\/lodging\/#nature\"><img decoding=\"async\" src=\"https:\/\/www.camping-leboisverdon.com\/wp-content\/uploads\/2023\/02\/DSC04209_1.jpg\" alt=\"\"\/><div class=\"wp-block-sev-encart-content\"><div class=\"wp-block-sev-encart-label\">Nature Premium Area<\/div><\/div><div class=\"wp-block-sev-encart-btn\">Discover<\/div><\/a><\/div>\n<\/div>\n\n\n\n<div class=\"wp-block-column is-layout-flow wp-block-column-is-layout-flow\">\n<div class=\"wp-block-sev-encart\"><a href=\"https:\/\/www.camping-leboisverdon.com\/en\/lodging\/#emplacements\"><img decoding=\"async\" src=\"https:\/\/www.camping-leboisverdon.com\/wp-content\/uploads\/2023\/01\/nos-emplacements.jpg\" alt=\"\"\/><div class=\"wp-block-sev-encart-content\"><div class=\"wp-block-sev-encart-label\">Pitches<\/div><\/div><div class=\"wp-block-sev-encart-btn\">Discover<\/div><\/a><\/div>\n<\/div>\n<\/div>\n\n\n\n<div class=\"wp-block-buttons is-content-justification-center is-layout-flex wp-container-core-buttons-is-layout-dd320d38 wp-block-buttons-is-layout-flex\" style=\"margin-bottom:var(--wp--preset--spacing--40)\">\n<div class=\"wp-block-button\"><a class=\"wp-block-button__link has-white-color has-cyan-background-color has-text-color has-background has-petit-font-size has-custom-font-size wp-element-button\" href=\"https:\/\/www.camping-leboisverdon.com\/en\/lodging\/\" style=\"border-radius:0px;padding-top:var(--wp--preset--spacing--40);padding-right:var(--wp--preset--spacing--50);padding-bottom:var(--wp--preset--spacing--40);padding-left:var(--wp--preset--spacing--50);letter-spacing:2px;text-transform:uppercase\">See all accommodations<\/a><\/div>\n<\/div>\n\n\n\n<div class=\"wp-block-sev-overlay-banner alignfull\" id=\"boisverdon\" style=\"padding-top:var(--wp--preset--spacing--80);padding-right:var(--wp--preset--spacing--60);padding-bottom:0;padding-left:var(--wp--preset--spacing--60)\"><div class=\"wp-block-sev-overlay-banner-image\" style=\"flex-basis:55%\"><img decoding=\"async\" src=\"https:\/\/www.camping-leboisverdon.com\/wp-content\/uploads\/2023\/01\/a-ne-pas-manquer.jpg\" alt=\"\"\/><\/div><div class=\"wp-block-sev-overlay-banner-content\" style=\"flex-basis:calc( ( 100% - 55% ) + 10% )\">\n<h2 class=\"wp-block-heading has-playfair-display-font-family has-grand-font-size\" style=\"text-transform:none\">Not to be missed<\/h2>\n\n\n\n<p>A unique environment to discover in Saint Jean de Monts between sea and forest, calm and serenity, exoticism and nature in order to share exceptional moments with your family full of discoveries, experiences and memories.<\/p>\n\n\n\n<p style=\"padding-top:var(--wp--preset--spacing--40);padding-right:0rem;padding-bottom:0rem;padding-left:0rem;font-size:90%;letter-spacing:3px;text-transform:uppercase\">At the bois verdon campsite<\/p>\n\n\n\n<div class=\"wp-block-sev-featured-text\" style=\"width:50%\"><div class=\"wp-block-sev-featured-text-content\"><a href=\"https:\/\/www.camping-leboisverdon.com\/en\/environmental-approach\/\" data-type=\"page\" data-id=\"136\">Environmental approach<\/a><\/div><\/div>\n\n\n\n<div class=\"wp-block-sev-featured-text\" style=\"width:50%\"><div class=\"wp-block-sev-featured-text-content\"><a href=\"https:\/\/www.camping-leboisverdon.com\/en\/the-advantages-of-the-campsite\/\" data-type=\"page\" data-id=\"113\">The advantages of the campsite<\/a><\/div><\/div>\n\n\n\n<div class=\"wp-block-sev-featured-text\" style=\"width:50%\"><div class=\"wp-block-sev-featured-text-content\"><a href=\"https:\/\/www.camping-leboisverdon.com\/en\/aquatic-area\/\" data-type=\"page\" data-id=\"68\">The aquatic area<\/a><\/div><\/div>\n\n\n\n<div class=\"wp-block-sev-featured-text\" style=\"width:50%\"><div class=\"wp-block-sev-featured-text-content\"><a href=\"https:\/\/www.camping-leboisverdon.com\/en\/services-activities\/\" data-type=\"page\" data-id=\"96\">Services and activities<\/a><\/div><\/div>\n\n\n\n<div class=\"wp-block-sev-featured-text\" style=\"width:50%\"><div class=\"wp-block-sev-featured-text-content\"><a href=\"https:\/\/www.camping-leboisverdon.com\/en\/photo-video-gallery\/\" data-type=\"page\" data-id=\"171\">Photos &amp; videos<\/a><\/div><\/div>\n<\/div><\/div>\n\n\n\n<div class=\"wp-block-group alignfull is-layout-constrained wp-block-group-is-layout-constrained\" id=\"experiences\" style=\"padding-top:var(--wp--preset--spacing--80)\"><div class=\"wp-block-sev-diaporama alignfull\">\t\t<div id=\"sevdiaporama_336960143\" class=\"carousel slide sev-diaporama-bootstrap sev-diaporama-pages\" data-ride=\"carousel\">\r\n\r\n\t\t\t<div class=\"carousel-inner\">\r\n\t\t\t\t\t\t\t\t\t\t\t\t\t\t\t\t\t\t<div class=\"carousel-item active\">\r\n\t\t\t\t\t\t\r\n\t\t\t\t\t\t\t\t\t\t\t\t\t<a href=\"https:\/\/www.camping-leboisverdon.com\/en\/ground-side\/the-salt-marshes\/\">\r\n\t\t\t\t\t\t\r\n\t\t\t\t\t\t\t<img decoding=\"async\" class=\"d-block w-100\" src=\"https:\/\/www.camping-leboisverdon.com\/wp-content\/uploads\/2023\/02\/visite_famille_les_salines-3.jpg\" alt=\"exp\u00e9rience unique pr\u00e8s du camping aux salines\" desc=\"\" loading=\"lazy\">\r\n\r\n\t\t\t\t\t\t\t\t\t\t\t\t\t\t<div class=\"carousel-caption\">\r\n\t\t\t\t\t\t\t\t<div class=\"carousel-caption-title\">AS THE WATER FLOWS, MOTHER NATURE IS SUBLIME<\/div>\r\n\t\t\t\t\t\t\t\t<p class=\"carousel-caption-subtitle\">\r\n\t\t\t\t\t\t\t\t\t<i class=\"fas fa-chevron-right\"><\/i>\r\n\t\t\t\t\t\t\t\t\tA note of romance in the heart of the salt marshes\t\t\t\t\t\t\t\t<\/p>\r\n\t\t\t\t\t\t\t<\/div>\r\n\t\t\t\t\t\t\t\r\n\t\t\t\t\t\t\t\t\t\t\t\t<\/a>\r\n\t\t\t\t\t\t\t\t\t\t\t<\/div>\r\n\t\t\t\t\t\t\t\t\t\t\t\t\t\t\t\t\t\t\t<div class=\"carousel-item\">\r\n\t\t\t\t\t\t\r\n\t\t\t\t\t\t\t\t\t\t\t\t\t<a href=\"https:\/\/www.camping-leboisverdon.com\/en\/our-experiences\/yeu-island-experience\/\">\r\n\t\t\t\t\t\t\r\n\t\t\t\t\t\t\t<img decoding=\"async\" class=\"d-block w-100\" src=\"https:\/\/www.camping-leboisverdon.com\/wp-content\/uploads\/2023\/02\/IledYeu8-1.jpg\" alt=\"camping proche de l&#039;\u00eele d&#039;Yeu\" desc=\"\" loading=\"lazy\">\r\n\r\n\t\t\t\t\t\t\t\t\t\t\t\t\t\t<div class=\"carousel-caption\">\r\n\t\t\t\t\t\t\t\t<div class=\"carousel-caption-title\">GETTING AWAY<\/div>\r\n\t\t\t\t\t\t\t\t<p class=\"carousel-caption-subtitle\">\r\n\t\t\t\t\t\t\t\t\t<i class=\"fas fa-chevron-right\"><\/i>\r\n\t\t\t\t\t\t\t\t\tDiscover the island of Yeu, the pearl of the Atlantic.\t\t\t\t\t\t\t\t<\/p>\r\n\t\t\t\t\t\t\t<\/div>\r\n\t\t\t\t\t\t\t\r\n\t\t\t\t\t\t\t\t\t\t\t\t<\/a>\r\n\t\t\t\t\t\t\t\t\t\t\t<\/div>\r\n\t\t\t\t\t\t\t\t\t\t\t\t\t\t\t\t\t\t\t<div class=\"carousel-item\">\r\n\t\t\t\t\t\t\r\n\t\t\t\t\t\t\t\t\t\t\t\t\t<a href=\"https:\/\/www.camping-leboisverdon.com\/en\/our-experiences\/noirmoutier-experience\/\">\r\n\t\t\t\t\t\t\r\n\t\t\t\t\t\t\t<img decoding=\"async\" class=\"d-block w-100\" src=\"https:\/\/www.camping-leboisverdon.com\/wp-content\/uploads\/2023\/02\/Aerienne-Noirmoutier17-1.jpg\" alt=\"exp\u00e9rience unique pr\u00e8s du camping \u00e0 Noirmoutier\" desc=\"\" loading=\"lazy\">\r\n\r\n\t\t\t\t\t\t\t\t\t\t\t\t\t\t<div class=\"carousel-caption\">\r\n\t\t\t\t\t\t\t\t<div class=\"carousel-caption-title\">DESTINATION NOIRMOUTIER&#8230;<\/div>\r\n\t\t\t\t\t\t\t\t<p class=\"carousel-caption-subtitle\">\r\n\t\t\t\t\t\t\t\t\t<i class=\"fas fa-chevron-right\"><\/i>\r\n\t\t\t\t\t\t\t\t\tCrush getaway on the island of Mimosas\t\t\t\t\t\t\t\t<\/p>\r\n\t\t\t\t\t\t\t<\/div>\r\n\t\t\t\t\t\t\t\r\n\t\t\t\t\t\t\t\t\t\t\t\t<\/a>\r\n\t\t\t\t\t\t\t\t\t\t\t<\/div>\r\n\t\t\t\t\t\t\t\t\t\t\t\t\t\t\t\t\t\t\t<div class=\"carousel-item\">\r\n\t\t\t\t\t\t\r\n\t\t\t\t\t\t\t\t\t\t\t\t\t<a href=\"https:\/\/www.camping-leboisverdon.com\/en\/our-experiences\/salt-road-experience\/\">\r\n\t\t\t\t\t\t\r\n\t\t\t\t\t\t\t<img decoding=\"async\" class=\"d-block w-100\" src=\"https:\/\/www.camping-leboisverdon.com\/wp-content\/uploads\/2023\/02\/Sallertaine-0818.jpg\" alt=\"exp\u00e9rience unique pr\u00e8s du camping \u00e0 Sallertaine\" desc=\"\" loading=\"lazy\">\r\n\r\n\t\t\t\t\t\t\t\t\t\t\t\t\t\t<div class=\"carousel-caption\">\r\n\t\t\t\t\t\t\t\t<div class=\"carousel-caption-title\">THE SALT ROAD AND ITS MAGIC<\/div>\r\n\t\t\t\t\t\t\t\t<p class=\"carousel-caption-subtitle\">\r\n\t\t\t\t\t\t\t\t\t<i class=\"fas fa-chevron-right\"><\/i>\r\n\t\t\t\t\t\t\t\t\tFor a life-size adventure! \t\t\t\t\t\t\t\t<\/p>\r\n\t\t\t\t\t\t\t<\/div>\r\n\t\t\t\t\t\t\t\r\n\t\t\t\t\t\t\t\t\t\t\t\t<\/a>\r\n\t\t\t\t\t\t\t\t\t\t\t<\/div>\r\n\t\t\t\t\t\t\t\t\t\t\t\t\t\t\t\t\t\t\t<div class=\"carousel-item\">\r\n\t\t\t\t\t\t\r\n\t\t\t\t\t\t\t\t\t\t\t\t\t<a href=\"https:\/\/www.camping-leboisverdon.com\/en\/our-experiences\/beach-museum-experience\/\">\r\n\t\t\t\t\t\t\r\n\t\t\t\t\t\t\t<img decoding=\"async\" class=\"d-block w-100\" src=\"https:\/\/www.camping-leboisverdon.com\/wp-content\/uploads\/2023\/02\/LBDM_ledaviaud17.jpg\" alt=\"exp\u00e9rience unique pr\u00e8s du camping au Daviaud\" desc=\"\" loading=\"lazy\">\r\n\r\n\t\t\t\t\t\t\t\t\t\t\t\t\t\t<div class=\"carousel-caption\">\r\n\t\t\t\t\t\t\t\t<div class=\"carousel-caption-title\">DISCOVERING A PRESERVED TERRITORY<\/div>\r\n\t\t\t\t\t\t\t\t<p class=\"carousel-caption-subtitle\">\r\n\t\t\t\t\t\t\t\t\t<i class=\"fas fa-chevron-right\"><\/i>\r\n\t\t\t\t\t\t\t\t\tDream beach&#8230; Immersion in the Breton Marshes of the Vend\u00e9e\t\t\t\t\t\t\t\t<\/p>\r\n\t\t\t\t\t\t\t<\/div>\r\n\t\t\t\t\t\t\t\r\n\t\t\t\t\t\t\t\t\t\t\t\t<\/a>\r\n\t\t\t\t\t\t\t\t\t\t\t<\/div>\r\n\t\t\t\t\t\t\t\t\t\t\t\t\t\t\t\t\t\t\t<div class=\"carousel-item\">\r\n\t\t\t\t\t\t\r\n\t\t\t\t\t\t\t\t\t\t\t\t\t<a href=\"https:\/\/www.camping-leboisverdon.com\/en\/experience-saint-gilles-croix-de-vie\/\">\r\n\t\t\t\t\t\t\r\n\t\t\t\t\t\t\t<img decoding=\"async\" class=\"d-block w-100\" src=\"https:\/\/www.camping-leboisverdon.com\/wp-content\/uploads\/2023\/02\/SaintGillesCroixdeVie-1-1.jpg\" alt=\"vacances pr\u00e8s de Saint Gilles Croix de Vie\" desc=\"\" loading=\"lazy\">\r\n\r\n\t\t\t\t\t\t\t\t\t\t\t\t\t\t<div class=\"carousel-caption\">\r\n\t\t\t\t\t\t\t\t<div class=\"carousel-caption-title\">TO RECHARGE YOUR BATTERIES<\/div>\r\n\t\t\t\t\t\t\t\t<p class=\"carousel-caption-subtitle\">\r\n\t\t\t\t\t\t\t\t\t<i class=\"fas fa-chevron-right\"><\/i>\r\n\t\t\t\t\t\t\t\t\tThe charm and authenticity of Saint Gilles Croix de Vie\t\t\t\t\t\t\t\t<\/p>\r\n\t\t\t\t\t\t\t<\/div>\r\n\t\t\t\t\t\t\t\r\n\t\t\t\t\t\t\t\t\t\t\t\t<\/a>\r\n\t\t\t\t\t\t\t\t\t\t\t<\/div>\r\n\t\t\t\t\t\t\t\t\t\t\t\t<\/div>\r\n\r\n\t\t\t\t\t\t\t\t\t\t\t<a class=\"carousel-control-prev\" href=\"#sevdiaporama_336960143\" role=\"button\" data-slide=\"prev\">\r\n\t\t\t\t\t<span class=\"carousel-control-prev-icon\" aria-hidden=\"true\"><\/span>\r\n\t\t\t\t\t<span class=\"sr-only\">Pr\u00e9c\u00e9dent<\/span>\r\n\t\t\t\t<\/a>\r\n\t\t\t\t<a class=\"carousel-control-next\" href=\"#sevdiaporama_336960143\" role=\"button\" data-slide=\"next\">\r\n\t\t\t\t\t<span class=\"carousel-control-next-icon\" aria-hidden=\"true\"><\/span>\r\n\t\t\t\t\t<span class=\"sr-only\">Suivant<\/span>\r\n\t\t\t\t<\/a>\r\n\t\t\t\t\r\n\t\t\t\t\t\t\t\t<ol class=\"carousel-indicators\">\r\n\t\t\t\t\t\t\t\t\t\t\t\t\t\t\t\t\t\t\t\t\t\t<li data-target=\"#sevdiaporama_336960143\" data-slide-to=\"0\" class=\"active\"><\/li>\r\n\t\t\t\t\t\t\t\t\t\t\t\t\t\t\t\t\t\t\t\t\t\t\t<li data-target=\"#sevdiaporama_336960143\" data-slide-to=\"1\"><\/li>\r\n\t\t\t\t\t\t\t\t\t\t\t\t\t\t\t\t\t\t\t\t\t\t\t<li data-target=\"#sevdiaporama_336960143\" data-slide-to=\"2\"><\/li>\r\n\t\t\t\t\t\t\t\t\t\t\t\t\t\t\t\t\t\t\t\t\t\t\t<li data-target=\"#sevdiaporama_336960143\" data-slide-to=\"3\"><\/li>\r\n\t\t\t\t\t\t\t\t\t\t\t\t\t\t\t\t\t\t\t\t\t\t\t<li data-target=\"#sevdiaporama_336960143\" data-slide-to=\"4\"><\/li>\r\n\t\t\t\t\t\t\t\t\t\t\t\t\t\t\t\t\t\t\t\t\t\t\t<li data-target=\"#sevdiaporama_336960143\" data-slide-to=\"5\"><\/li>\r\n\t\t\t\t\t\t\t\t\t\t\t\t\t\t\t<\/ol>\r\n\t\t\t\t\t\t\t\t\t<\/div>\r\n\t\t<\/div><\/div>\n\n\n\n<div class=\"wp-block-cover alignfull is-light has-custom-content-position is-position-bottom-left\" style=\"margin-top:var(--wp--preset--spacing--80)\" id=\"saintjean\"><img decoding=\"async\" class=\"wp-block-cover__image-background wp-image-198\" alt=\"\" src=\"https:\/\/www.camping-leboisverdon.com\/wp-content\/uploads\/2023\/01\/saint-jean-de-monts.jpg\" style=\"object-position:52% 47%\" data-object-fit=\"cover\" data-object-position=\"52% 47%\"\/><span aria-hidden=\"true\" class=\"wp-block-cover__background has-background-dim wp-block-cover__gradient-background has-background-gradient\" style=\"background:linear-gradient(135deg,rgb(0,0,0) 0%,rgba(255,255,255,0) 100%)\"><\/span><div class=\"wp-block-cover__inner-container is-layout-flow wp-block-cover-is-layout-flow\">\n<h2 class=\"wp-block-heading has-gris-tres-fonce-color has-white-background-color has-text-color has-background has-grand-font-size\" style=\"text-transform:none\">Around Saint Jean de Monts<\/h2>\n<\/div><\/div>\n\n\n\n<div class=\"wp-block-group alignwide is-layout-flow wp-block-group-is-layout-flow\" style=\"margin-top:0\">\n<p class=\"has-normal-font-size\" style=\"margin-top:var(--wp--preset--spacing--50);margin-left:2rem;letter-spacing:3px;text-transform:uppercase\">The Vend\u00e9e, varied landscapes that invite you to escape<\/p>\n<\/div>\n\n\n\n<div class=\"wp-block-columns alignfull is-layout-flex wp-container-core-columns-is-layout-087fe210 wp-block-columns-is-layout-flex\" style=\"padding-top:var(--wp--preset--spacing--60);padding-right:var(--wp--preset--spacing--60);padding-bottom:var(--wp--preset--spacing--30);padding-left:var(--wp--preset--spacing--60)\">\n<div class=\"wp-block-column is-layout-flow wp-block-column-is-layout-flow\">\n<div class=\"wp-block-sev-encart\"><a href=\"https:\/\/www.camping-leboisverdon.com\/en\/sea-islands-side\/\"><img decoding=\"async\" src=\"https:\/\/www.camping-leboisverdon.com\/wp-content\/uploads\/2023\/01\/cote-mer-iles.jpg\" alt=\"\"\/><div class=\"wp-block-sev-encart-content\"><div class=\"wp-block-sev-encart-label\">Sea &amp; Islands side<\/div><\/div><div class=\"wp-block-sev-encart-btn\">Discover<\/div><\/a><\/div>\n<\/div>\n\n\n\n<div class=\"wp-block-column is-layout-flow wp-block-column-is-layout-flow\">\n<div class=\"wp-block-sev-encart\"><a href=\"https:\/\/www.camping-leboisverdon.com\/en\/ground-side\/\"><img decoding=\"async\" src=\"https:\/\/www.camping-leboisverdon.com\/wp-content\/uploads\/2023\/01\/cote-terre.jpg\" alt=\"\"\/><div class=\"wp-block-sev-encart-content\"><div class=\"wp-block-sev-encart-label\">Ground side<\/div><\/div><div class=\"wp-block-sev-encart-btn\">Discover<\/div><\/a><\/div>\n<\/div>\n\n\n\n<div class=\"wp-block-column is-layout-flow wp-block-column-is-layout-flow\">\n<div class=\"wp-block-sev-encart\"><a href=\"https:\/\/www.camping-leboisverdon.com\/en\/visits-and-excursions\/\"><img decoding=\"async\" src=\"https:\/\/www.camping-leboisverdon.com\/wp-content\/uploads\/2023\/01\/cote-visites-excursions.jpg\" alt=\"\"\/><div class=\"wp-block-sev-encart-content\"><div class=\"wp-block-sev-encart-label\">Visits and excursions<\/div><\/div><div class=\"wp-block-sev-encart-btn\">Discover<\/div><\/a><\/div>\n<\/div>\n<\/div>\n","protected":false},"excerpt":{"rendered":"<p>Bois Verdon 4 star open air hotel, quiet and without ENTERTAINMENTS Only 900 m from the fine sandy beaches of Saint Jean de Monts, on the edge of the Pays de Monts national forest and facing the bicycle paths, the 4-star Le Bois Verdon campsite is a charming campsite with 59 pitches. A true haven [&hellip;]<\/p>\n","protected":false},"author":1,"featured_media":0,"parent":0,"menu_order":0,"comment_status":"closed","ping_status":"closed","template":"","meta":{"_seopress_robots_primary_cat":"","_seopress_titles_title":"Camping Saint Jean de Monts 4 stars - le Bois Verdon","_seopress_titles_desc":"Camping le Bois Verdon Saint Jean de Monts in Vend\u00e9e near the beaches with indoor heated pool spa massaging jets water games solarium.","_seopress_robots_index":"","footnotes":""},"class_list":["post-57","page","type-page","status-publish","hentry"],"_links":{"self":[{"href":"https:\/\/www.camping-leboisverdon.com\/en\/wp-json\/wp\/v2\/pages\/57","targetHints":{"allow":["GET"]}}],"collection":[{"href":"https:\/\/www.camping-leboisverdon.com\/en\/wp-json\/wp\/v2\/pages"}],"about":[{"href":"https:\/\/www.camping-leboisverdon.com\/en\/wp-json\/wp\/v2\/types\/page"}],"author":[{"embeddable":true,"href":"https:\/\/www.camping-leboisverdon.com\/en\/wp-json\/wp\/v2\/users\/1"}],"replies":[{"embeddable":true,"href":"https:\/\/www.camping-leboisverdon.com\/en\/wp-json\/wp\/v2\/comments?post=57"}],"version-history":[{"count":19,"href":"https:\/\/www.camping-leboisverdon.com\/en\/wp-json\/wp\/v2\/pages\/57\/revisions"}],"predecessor-version":[{"id":27193,"href":"https:\/\/www.camping-leboisverdon.com\/en\/wp-json\/wp\/v2\/pages\/57\/revisions\/27193"}],"wp:attachment":[{"href":"https:\/\/www.camping-leboisverdon.com\/en\/wp-json\/wp\/v2\/media?parent=57"}],"curies":[{"name":"wp","href":"https:\/\/api.w.org\/{rel}","templated":true}]}}