{"id":2338,"date":"2023-01-06T11:34:51","date_gmt":"2023-01-06T10:34:51","guid":{"rendered":"https:\/\/www.camping-leboisverdon.com\/data-access-request\/"},"modified":"2023-02-22T16:25:15","modified_gmt":"2023-02-22T15:25:15","slug":"data-access-request","status":"publish","type":"page","link":"https:\/\/www.camping-leboisverdon.com\/en\/data-access-request\/","title":{"rendered":"Data Access Request"},"content":{"rendered":"\n<h1 class=\"wp-block-heading\">Data Access Request<\/h1>\n\r\n\t\t\r\n\t\t\t<form action=\"\" class=\"form-contact form-accesdonnees\" role=\"form\" method=\"post\">\r\n\t\t\t\t<p>\r\n\t\t\t\t\tIn order to access, modify or delete your personal data, please fill out this form &lt;strong&gt;as accurately as possible&lt;\/strong&gt;.\t\t\t\t\t\r\n\t\t\t\t<\/p>\r\n\t\t\t\t<div class=\"form-row\">\r\n\r\n\t\t\t\t\t<div class=\"form-group col-md-6 \">\r\n\t\t\t\t\t\t<label class=\"col-form-label\" for=\"contact-nom\">Name *<\/label>\r\n\t\t\t\t\t\t<input type=\"text\" id=\"contact-nom\" name=\"nom\" class=\"form-control\" value=\"\" required>\r\n\t\t\t\t\t\t<span class=\"help-block\"><\/span>\r\n\t\t\t\t\t<\/div>\r\n\r\n\t\t\t\t\t<div class=\"form-group col-md-6 \">\r\n\t\t\t\t\t\t<label class=\"col-form-label\" for=\"contact-prenom\">First name *<\/label>\r\n\t\t\t\t\t\t<input type=\"text\" id=\"contact-prenom\" name=\"prenom\" class=\"form-control\" value=\"\" required>\r\n\t\t\t\t\t\t<span class=\"help-block\"><\/span>\r\n\t\t\t\t\t<\/div>\r\n\r\n\t\t\t\t<\/div>\r\n\t\t\t\t<div class=\"form-row\">\r\n\r\n\t\t\t\t\t<div class=\"form-group col-md-12 \">\r\n\t\t\t\t\t\t<label class=\"col-form-label\" for=\"contact-email\">E-mail *<\/label>\r\n\t\t\t\t\t\t<input type=\"email\" name=\"email\" id=\"contact-email\" class=\"form-control\" value=\"\" required>\r\n\t\t\t\t\t\t<span class=\"help-block\"><\/span>\r\n\t\t\t\t\t<\/div>\r\n\r\n\t\t\t\t<\/div>\r\n\t\t\t\t<div class=\"form-group\">\r\n\t\t\t\t\t<label class=\"col-form-label\" for=\"contact-msg\">Specify your request *<\/label>\r\n\t\t\t\t\t<textarea name=\"msg\" id=\"contact-msg\" class=\"form-control\" rows=\"3\" required><\/textarea>\r\n\t\t\t\t\t<span class=\"help-block\"><\/span>\r\n\t\t\t\t<\/div>\r\n\r\n\t\t\t\t<div class=\"d-flex form-group flex-wrap \" required>\r\n\t\t\t\t\t<div class=\"form-check\">\r\n\t\t\t\t\t\t\r\n\t\t\t\t\t\t<input type=\"checkbox\" class=\"form-check-input\" id=\"contact-rgpd\" name=\"rgpd\">\r\n\t\t\t\t\t\t<label class=\"col-form-label pt-0\" for=\"contact-rgpd\">\r\n\t\t\t\t\t\t\tEn soumettant ce formulaire, j&#039;accepte que les informations saisies soient exploit\u00e9es dans le cadre de la demande d&#039;acc\u00e8s, de modification ou de suppression de mes donn\u00e9es personnelles *\r\n\t\t\t\t\t\t<\/label>\r\n\t\t\t\t\t\t<span class=\"help-block\"><\/span>\r\n\t\t\t\t\t<\/div>\r\n\t\t\t\t<\/div>\r\n\r\n\t\t\t\t<div class=\"form-group contact-texte-container\">\r\n\t\t\t\t\t<input type=\"text\" class=\"contact-texte\" name=\"texte\" value=\"\">\r\n\t\t\t\t<\/div>\r\n\r\n\t\t\t\t<div class=\"form-group text-center\">\r\n\t\t\t\t\t<input type=\"hidden\" name=\"nonce\" value=\"68edf8361c\">\r\n\t\t\t\t\t<button type=\"submit\" name=\"submit\" class=\"btn btn-default\">Send<\/button>\r\n\t\t\t\t<\/div>\r\n\r\n\t\t\t\t<p><small>*Required Field<\/small><\/p>\r\n\t\t\t<\/form>\r\n\r\n\t\t\n","protected":false},"excerpt":{"rendered":"<p>Data Access Request<\/p>\n","protected":false},"author":1,"featured_media":0,"parent":0,"menu_order":0,"comment_status":"closed","ping_status":"closed","template":"","meta":{"_seopress_robots_primary_cat":"","_seopress_titles_title":"","_seopress_titles_desc":"","_seopress_robots_index":"","footnotes":""},"class_list":["post-2338","page","type-page","status-publish","hentry"],"_links":{"self":[{"href":"https:\/\/www.camping-leboisverdon.com\/en\/wp-json\/wp\/v2\/pages\/2338","targetHints":{"allow":["GET"]}}],"collection":[{"href":"https:\/\/www.camping-leboisverdon.com\/en\/wp-json\/wp\/v2\/pages"}],"about":[{"href":"https:\/\/www.camping-leboisverdon.com\/en\/wp-json\/wp\/v2\/types\/page"}],"author":[{"embeddable":true,"href":"https:\/\/www.camping-leboisverdon.com\/en\/wp-json\/wp\/v2\/users\/1"}],"replies":[{"embeddable":true,"href":"https:\/\/www.camping-leboisverdon.com\/en\/wp-json\/wp\/v2\/comments?post=2338"}],"version-history":[{"count":1,"href":"https:\/\/www.camping-leboisverdon.com\/en\/wp-json\/wp\/v2\/pages\/2338\/revisions"}],"predecessor-version":[{"id":2340,"href":"https:\/\/www.camping-leboisverdon.com\/en\/wp-json\/wp\/v2\/pages\/2338\/revisions\/2340"}],"wp:attachment":[{"href":"https:\/\/www.camping-leboisverdon.com\/en\/wp-json\/wp\/v2\/media?parent=2338"}],"curies":[{"name":"wp","href":"https:\/\/api.w.org\/{rel}","templated":true}]}}