{"id":59,"date":"2022-12-01T23:42:07","date_gmt":"2022-12-01T22:42:07","guid":{"rendered":"https:\/\/www.camping-leboisverdon.com\/accueil\/"},"modified":"2025-11-27T13:33:53","modified_gmt":"2025-11-27T12:33:53","slug":"accueil","status":"publish","type":"page","link":"https:\/\/www.camping-leboisverdon.com\/de\/","title":{"rendered":"Accueil"},"content":{"rendered":"\n<div class=\"wp-block-columns alignwide is-layout-flex wp-container-core-columns-is-layout-cf05694f wp-block-columns-is-layout-flex\">\n<div class=\"wp-block-column is-layout-flow wp-block-column-is-layout-flow\" style=\"flex-basis:66.66%\">\n<h1 class=\"wp-block-heading\">Le Bois Verdon<\/h1>\n\n\n\n<h2 class=\"wp-block-heading has-normal-font-size\">4-Sterne-Freilufthotel, ruhig und ohne Animationen<\/h2>\n\n\n\n<p>Nur 900 m von den feinen <a href=\"https:\/\/www.camping-leboisverdon.com\/de\/meerseite-inseln\/straende-und-waelder\/\" data-type=\"page\" data-id=\"308\">Sandstr\u00e4nden<\/a> von <a href=\"https:\/\/www.camping-leboisverdon.com\/de\/saint-jean-de-monts-2-2\/\" data-type=\"page\" data-id=\"304\">Saint Jean de Monts<\/a> entfernt, am Rande des Staatswaldes Pays de Monts und gegen\u00fcber den Fahrradwegen liegt der 4-Sterne-Campingplatz Le Bois Verdon, ein charmanter Campingplatz mit 59 <a href=\"https:\/\/www.camping-leboisverdon.com\/de\/unterkuenfte\/\" data-type=\"page\" data-id=\"15\">Stellpl\u00e4tzen<\/a>. Es ist eine wahre Oase des Friedens,<strong> ohne Animationen<\/strong>, und ein idealer Ort f\u00fcr einen ruhigen und erholsamen Urlaub, w\u00e4hrend Sie von Leistungen h\u00f6chster Qualit\u00e4t profitieren.<\/p>\n\n\n\n<p>In den beiden<a href=\"https:\/\/www.camping-leboisverdon.com\/de\/unterkuenfte\/\" data-type=\"page\" data-id=\"15\"> Premium-Vierteln <\/a>Exotique Malaka und Nature Terre et Mer werden Sie moderne, <strong>hochwertige<\/strong> Mobilheime mit sehr hohem Komfort und \u00d6ko-Design entdecken, die <strong>alle mit<\/strong> halb\u00fcberdachten <strong>Holzterrassen ausgestattet<\/strong> sind.<\/p>\n\n\n\n<p>F\u00fcr die Anh\u00e4nger des Campings erwartet Sie ein nat\u00fcrliches, bewaldetes und gesch\u00fctztes Gebiet, damit Sie die <a href=\"https:\/\/www.camping-leboisverdon.com\/de\/unterkuenfte\/#emplacements\">ger\u00e4umigen<\/a>, gut abgegrenzten, halbschattigen <a href=\"https:\/\/www.camping-leboisverdon.com\/de\/unterkuenfte\/#emplacements\">Stellpl\u00e4tze<\/a> f\u00fcr Zelte, Wohnwagen und Wohnmobile nutzen k\u00f6nnen.<\/p>\n\n\n\n<p>Der kleine, \u00fcberschaubare <strong>Campingplatz<\/strong> Camping le Bois Verdon in<strong> Saint Jean de Monts<\/strong> wird Sie mit seiner <strong>landschaftlichen <\/strong>und <strong>blumigen<\/strong> Gestaltung begeistern, bei der die Privatsph\u00e4re jedes Einzelnen gewahrt bleibt. Also ja, wenn Sie einen ruhigen Campingplatz ohne Animationen suchen, sind Sie hier genau richtig.<\/p>\n\n\n\n<p>Sobald Sie sich eingerichtet haben, k\u00f6nnen Sie von den zahlreichen <a href=\"https:\/\/www.camping-leboisverdon.com\/de\/dienstleistungen-aktivitaeten\/\" data-type=\"page\" data-id=\"96\">Dienstleistungen<\/a> profitieren, die Ihnen geboten werden (Bar von Mai bis September, Schwimmbad, Lebensmittelgesch\u00e4ft mit Beilagen, Kinderspielplatz &#8230;).<\/p>\n\n\n\n<p>Auf dem Campingplatz Le Bois Verdon bedeutet Urlaub nicht nur <strong>Ruhe <\/strong>und <strong>Entspannung<\/strong>, sondern auch die M\u00f6glichkeit, die <a href=\"https:\/\/www.camping-leboisverdon.com\/de\/seite-besichtigungen-und-ausfluege\/\" data-type=\"page\" data-id=\"404\">touristischen Sch\u00e4tze<\/a> des Pays de Monts und der Umgebung zu entdecken (Ile d&#8217;Yeu, Ile de Noirmoutier, Str\u00e4nde und W\u00e4lder, Puy du Fou &#8230;).<\/p>\n\n\n\n<div style=\"height:50px\" aria-hidden=\"true\" class=\"wp-block-spacer\"><\/div>\n<\/div>\n\n\n\n<div class=\"wp-block-column is-layout-flow wp-block-column-is-layout-flow\" style=\"flex-basis:33.33%\">\n<div class=\"wp-block-columns is-layout-flex wp-container-core-columns-is-layout-b8e64976 wp-block-columns-is-layout-flex\" style=\"margin-top:var(--wp--preset--spacing--80)\">\n<div class=\"wp-block-column is-layout-flow wp-block-column-is-layout-flow\">\n<p class=\"has-playfair-display-font-family\">Lokalisierung :<br>62 rue du Moulin Casse<br>85160 Saint Jean de Monts<\/p>\n\n\n\n<p class=\"content-tel has-playfair-display-font-family\" style=\"font-size:110%\"><a href=\"tel:+33251581061\" data-type=\"tel\" data-id=\"tel:+33251581061\">+33 02 51 58 10 61<\/a><\/p>\n<\/div>\n\n\n\n<div class=\"wp-block-column is-layout-flow wp-block-column-is-layout-flow\">\n<figure class=\"wp-block-image alignright size-full\"><img decoding=\"async\" src=\"https:\/\/www.camping-leboisverdon.com\/wp-content\/uploads\/2023\/01\/home-map.png\" alt=\"\" class=\"wp-image-73\"\/><\/figure>\n<\/div>\n<\/div>\n\n\n\n<p class=\"has-playfair-display-font-family\" style=\"margin-top:var(--wp--preset--spacing--70);margin-bottom:var(--wp--preset--spacing--70)\">Der Campingplatz ist vom 12. Mai bis zum 12. September 2026 ge\u00f6ffnet. Stellplatze ist vom 1. Juni bis zum 5. September 2026<br>Er\u00f6ffnung der Buchungen 2026: 15. November 2025<\/p>\n\n\n\n<figure class=\"wp-block-image aligncenter size-full is-resized\"><a href=\"https:\/\/www.tripadvisor.fr\/Hotel_Review-g196656-d9459965-Reviews-Camping_Le_Bois_Verdon-Saint_Jean_de_Monts_Vendee_Pays_de_la_Loire.html\" target=\"_blank\" rel=\"noopener\"><img loading=\"lazy\" decoding=\"async\" width=\"151\" height=\"100\" src=\"https:\/\/www.camping-leboisverdon.com\/wp-content\/uploads\/2023\/03\/tchotel_2022_LL.png\" alt=\"avis clients du camping \u00e0 Saint Jean de Monts en Vend\u00e9e\" class=\"wp-image-6361\"\/><\/a><\/figure>\n\n\n\n<ctv-reviews data-modal-position=\"bottom\" data-small=\"true\"><\/ctv-reviews>\n<\/div>\n<\/div>\n\n\n\n<div class=\"wp-block-cover alignfull has-custom-content-position is-position-bottom-left\" style=\"margin-top:var(--wp--preset--spacing--80);min-height:55vh;aspect-ratio:unset;\" id=\"hebergements\"><img decoding=\"async\" class=\"wp-block-cover__image-background wp-image-111\" alt=\"\" src=\"https:\/\/www.camping-leboisverdon.com\/wp-content\/uploads\/2023\/01\/cover-hebergements.jpg\" style=\"object-position:44% 0%\" data-object-fit=\"cover\" data-object-position=\"44% 0%\"\/><span aria-hidden=\"true\" class=\"wp-block-cover__background has-background-dim wp-block-cover__gradient-background has-background-gradient\" style=\"background:linear-gradient(135deg,rgb(1,1,1) 0%,rgba(255,255,255,0) 100%)\"><\/span><div class=\"wp-block-cover__inner-container is-layout-flow wp-block-cover-is-layout-flow\">\n<h2 class=\"wp-block-heading has-gris-tres-fonce-color has-white-background-color has-text-color has-background has-grand-font-size\" style=\"text-transform:none\">Unsere Unterk\u00fcnfte<\/h2>\n<\/div><\/div>\n\n\n\n<div class=\"wp-block-group alignwide is-layout-flow wp-block-group-is-layout-flow\">\n<p style=\"padding-top:1.5rem;padding-right:0rem;padding-bottom:0rem;padding-left:2rem;font-size:90%;letter-spacing:3px;text-transform:uppercase\">Cottages in einer landschaftlich reizvollen Umgebung<\/p>\n<\/div>\n\n\n\n<div class=\"wp-block-columns alignfull is-layout-flex wp-container-core-columns-is-layout-059203fb wp-block-columns-is-layout-flex\" style=\"padding-top:var(--wp--preset--spacing--60);padding-right:var(--wp--preset--spacing--60);padding-bottom:var(--wp--preset--spacing--60);padding-left:var(--wp--preset--spacing--60)\">\n<div class=\"wp-block-column is-layout-flow wp-block-column-is-layout-flow\">\n<div class=\"wp-block-sev-encart\"><a href=\"https:\/\/www.camping-leboisverdon.com\/de\/unterkuenfte\/#exotique\"><img decoding=\"async\" src=\"https:\/\/www.camping-leboisverdon.com\/wp-content\/uploads\/2023\/01\/comp-MH734TI-02.jpeg\" alt=\"\"\/><div class=\"wp-block-sev-encart-content\"><div class=\"wp-block-sev-encart-label\">Premium-Quartier Exotisch<\/div><\/div><div class=\"wp-block-sev-encart-btn\">Entdecken Sie<\/div><\/a><\/div>\n<\/div>\n\n\n\n<div class=\"wp-block-column is-layout-flow wp-block-column-is-layout-flow\">\n<div class=\"wp-block-sev-encart\"><a href=\"https:\/\/www.camping-leboisverdon.com\/de\/unterkuenfte\/#nature\"><img decoding=\"async\" src=\"https:\/\/www.camping-leboisverdon.com\/wp-content\/uploads\/2023\/02\/DSC04209_1.jpg\" alt=\"\"\/><div class=\"wp-block-sev-encart-content\"><div class=\"wp-block-sev-encart-label\">Premium-Quartier Natur<\/div><\/div><div class=\"wp-block-sev-encart-btn\">Entdecken Sie<\/div><\/a><\/div>\n<\/div>\n\n\n\n<div class=\"wp-block-column is-layout-flow wp-block-column-is-layout-flow\">\n<div class=\"wp-block-sev-encart\"><a href=\"https:\/\/www.camping-leboisverdon.com\/de\/unterkuenfte\/#emplacements\"><img decoding=\"async\" src=\"https:\/\/www.camping-leboisverdon.com\/wp-content\/uploads\/2023\/01\/nos-emplacements.jpg\" alt=\"\"\/><div class=\"wp-block-sev-encart-content\"><div class=\"wp-block-sev-encart-label\">Unsere Standorte<\/div><\/div><div class=\"wp-block-sev-encart-btn\">Entdecken Sie<\/div><\/a><\/div>\n<\/div>\n<\/div>\n\n\n\n<div class=\"wp-block-buttons is-content-justification-center is-layout-flex wp-container-core-buttons-is-layout-dd320d38 wp-block-buttons-is-layout-flex\" style=\"margin-bottom:var(--wp--preset--spacing--40)\">\n<div class=\"wp-block-button\"><a class=\"wp-block-button__link has-white-color has-cyan-background-color has-text-color has-background has-petit-font-size has-custom-font-size wp-element-button\" href=\"https:\/\/www.camping-leboisverdon.com\/de\/unterkuenfte\/\" style=\"border-radius:0px;padding-top:var(--wp--preset--spacing--40);padding-right:var(--wp--preset--spacing--50);padding-bottom:var(--wp--preset--spacing--40);padding-left:var(--wp--preset--spacing--50);letter-spacing:2px;text-transform:uppercase\">Alle Unterk\u00fcnfte ansehen<\/a><\/div>\n<\/div>\n\n\n\n<div class=\"wp-block-sev-overlay-banner alignfull\" id=\"boisverdon\" style=\"padding-top:var(--wp--preset--spacing--80);padding-right:var(--wp--preset--spacing--60);padding-bottom:0;padding-left:var(--wp--preset--spacing--60)\"><div class=\"wp-block-sev-overlay-banner-image\" style=\"flex-basis:55%\"><img decoding=\"async\" src=\"https:\/\/www.camping-leboisverdon.com\/wp-content\/uploads\/2023\/01\/a-ne-pas-manquer.jpg\" alt=\"\"\/><\/div><div class=\"wp-block-sev-overlay-banner-content\" style=\"flex-basis:calc( ( 100% - 55% ) + 10% )\">\n<h2 class=\"wp-block-heading has-playfair-display-font-family has-grand-font-size\" style=\"text-transform:none\">Nicht verpassen<\/h2>\n\n\n\n<p style=\"padding-top:var(--wp--preset--spacing--40);padding-right:0rem;padding-bottom:0rem;padding-left:0rem;font-size:90%;letter-spacing:3px;text-transform:uppercase\">Au Bois Verdon<\/p>\n\n\n\n<div class=\"wp-block-sev-featured-text\" style=\"width:50%\"><div class=\"wp-block-sev-featured-text-content\"><a href=\"https:\/\/www.camping-leboisverdon.com\/de\/oekologischer-ansatz\/\" data-type=\"page\" data-id=\"136\">\u00d6kologischer Ansatz<\/a><\/div><\/div>\n\n\n\n<div class=\"wp-block-sev-featured-text\" style=\"width:50%\"><div class=\"wp-block-sev-featured-text-content\"><a href=\"https:\/\/www.camping-leboisverdon.com\/de\/die-pluspunkte-des-campingplatzes\/\" data-type=\"page\" data-id=\"113\">Die Pluspunkte des Campingplatzes<\/a><\/div><\/div>\n\n\n\n<div class=\"wp-block-sev-featured-text\" style=\"width:50%\"><div class=\"wp-block-sev-featured-text-content\"><a href=\"https:\/\/www.camping-leboisverdon.com\/de\/wasserraum\/\" data-type=\"page\" data-id=\"68\">Der Wasserbereich<\/a><\/div><\/div>\n\n\n\n<div class=\"wp-block-sev-featured-text\" style=\"width:50%\"><div class=\"wp-block-sev-featured-text-content\"><a href=\"https:\/\/www.camping-leboisverdon.com\/de\/dienstleistungen-aktivitaeten\/\" data-type=\"page\" data-id=\"96\">Dienstleistungen und Aktivit\u00e4ten<\/a><\/div><\/div>\n\n\n\n<div class=\"wp-block-sev-featured-text\" style=\"width:50%\"><div class=\"wp-block-sev-featured-text-content\"><a href=\"https:\/\/www.camping-leboisverdon.com\/de\/foto-videogalerie\/\" data-type=\"page\" data-id=\"171\">Fotos &amp; Videos<\/a><\/div><\/div>\n<\/div><\/div>\n\n\n\n<div class=\"wp-block-group alignfull is-layout-constrained wp-block-group-is-layout-constrained\" id=\"experiences\" style=\"padding-top:var(--wp--preset--spacing--80)\"><div class=\"wp-block-sev-diaporama alignfull\">\t\t<div id=\"sevdiaporama_2331113713\" class=\"carousel slide sev-diaporama-bootstrap sev-diaporama-pages\" data-ride=\"carousel\">\r\n\r\n\t\t\t<div class=\"carousel-inner\">\r\n\t\t\t\t\t\t\t\t\t\t\t\t\t\t\t\t\t\t<div class=\"carousel-item active\">\r\n\t\t\t\t\t\t\r\n\t\t\t\t\t\t\t\t\t\t\t\t\t<a href=\"https:\/\/www.camping-leboisverdon.com\/de\/unsere-erfahrungen\/entdeckungsreise-durch-den-salzsumpf\/\">\r\n\t\t\t\t\t\t\r\n\t\t\t\t\t\t\t<img decoding=\"async\" class=\"d-block w-100\" src=\"https:\/\/www.camping-leboisverdon.com\/wp-content\/uploads\/2023\/02\/visite_famille_les_salines-3.jpg\" alt=\"exp\u00e9rience unique pr\u00e8s du camping aux salines\" desc=\"\" loading=\"lazy\">\r\n\r\n\t\t\t\t\t\t\t\t\t\t\t\t\t\t<div class=\"carousel-caption\">\r\n\t\t\t\t\t\t\t\t<div class=\"carousel-caption-title\">AM WASSERLAUF DAME NATURE SUBLIME<\/div>\r\n\t\t\t\t\t\t\t\t<p class=\"carousel-caption-subtitle\">\r\n\t\t\t\t\t\t\t\t\t<i class=\"fas fa-chevron-right\"><\/i>\r\n\t\t\t\t\t\t\t\t\tEin Hauch von Romantik im Herzen der Salzmarschen\t\t\t\t\t\t\t\t<\/p>\r\n\t\t\t\t\t\t\t<\/div>\r\n\t\t\t\t\t\t\t\r\n\t\t\t\t\t\t\t\t\t\t\t\t<\/a>\r\n\t\t\t\t\t\t\t\t\t\t\t<\/div>\r\n\t\t\t\t\t\t\t\t\t\t\t\t\t\t\t\t\t\t\t<div class=\"carousel-item\">\r\n\t\t\t\t\t\t\r\n\t\t\t\t\t\t\t\t\t\t\t\t\t<a href=\"https:\/\/www.camping-leboisverdon.com\/de\/unsere-erfahrungen\/erfahrung-insel-yeu\/\">\r\n\t\t\t\t\t\t\r\n\t\t\t\t\t\t\t<img decoding=\"async\" class=\"d-block w-100\" src=\"https:\/\/www.camping-leboisverdon.com\/wp-content\/uploads\/2023\/02\/IledYeu8-1.jpg\" alt=\"camping proche de l&#039;\u00eele d&#039;Yeu\" desc=\"\" loading=\"lazy\">\r\n\r\n\t\t\t\t\t\t\t\t\t\t\t\t\t\t<div class=\"carousel-caption\">\r\n\t\t\t\t\t\t\t\t<div class=\"carousel-caption-title\">AUSBRECHEN<\/div>\r\n\t\t\t\t\t\t\t\t<p class=\"carousel-caption-subtitle\">\r\n\t\t\t\t\t\t\t\t\t<i class=\"fas fa-chevron-right\"><\/i>\r\n\t\t\t\t\t\t\t\t\tEntdecken Sie die Ile d&#039;Yeu, die Perle des Atlantiks.\t\t\t\t\t\t\t\t<\/p>\r\n\t\t\t\t\t\t\t<\/div>\r\n\t\t\t\t\t\t\t\r\n\t\t\t\t\t\t\t\t\t\t\t\t<\/a>\r\n\t\t\t\t\t\t\t\t\t\t\t<\/div>\r\n\t\t\t\t\t\t\t\t\t\t\t\t\t\t\t\t\t\t\t<div class=\"carousel-item\">\r\n\t\t\t\t\t\t\r\n\t\t\t\t\t\t\t\t\t\t\t\t\t<a href=\"https:\/\/www.camping-leboisverdon.com\/de\/unsere-erfahrungen\/erfahrung-noirmoutier\/\">\r\n\t\t\t\t\t\t\r\n\t\t\t\t\t\t\t<img decoding=\"async\" class=\"d-block w-100\" src=\"https:\/\/www.camping-leboisverdon.com\/wp-content\/uploads\/2023\/02\/Aerienne-Noirmoutier17-1.jpg\" alt=\"exp\u00e9rience unique pr\u00e8s du camping \u00e0 Noirmoutier\" desc=\"\" loading=\"lazy\">\r\n\r\n\t\t\t\t\t\t\t\t\t\t\t\t\t\t<div class=\"carousel-caption\">\r\n\t\t\t\t\t\t\t\t<div class=\"carousel-caption-title\">ZIELORT NOIRMOUTIER&#8230;<\/div>\r\n\t\t\t\t\t\t\t\t<p class=\"carousel-caption-subtitle\">\r\n\t\t\t\t\t\t\t\t\t<i class=\"fas fa-chevron-right\"><\/i>\r\n\t\t\t\t\t\t\t\t\tEscapade Coup de coeur auf der Ile aux Mimosas\t\t\t\t\t\t\t\t<\/p>\r\n\t\t\t\t\t\t\t<\/div>\r\n\t\t\t\t\t\t\t\r\n\t\t\t\t\t\t\t\t\t\t\t\t<\/a>\r\n\t\t\t\t\t\t\t\t\t\t\t<\/div>\r\n\t\t\t\t\t\t\t\t\t\t\t\t\t\t\t\t\t\t\t<div class=\"carousel-item\">\r\n\t\t\t\t\t\t\r\n\t\t\t\t\t\t\t\t\t\t\t\t\t<a href=\"https:\/\/www.camping-leboisverdon.com\/de\/unsere-erfahrungen\/erfahrung-salzstrasse\/\">\r\n\t\t\t\t\t\t\r\n\t\t\t\t\t\t\t<img decoding=\"async\" class=\"d-block w-100\" src=\"https:\/\/www.camping-leboisverdon.com\/wp-content\/uploads\/2023\/02\/Sallertaine-0818.jpg\" alt=\"exp\u00e9rience unique pr\u00e8s du camping \u00e0 Sallertaine\" desc=\"\" loading=\"lazy\">\r\n\r\n\t\t\t\t\t\t\t\t\t\t\t\t\t\t<div class=\"carousel-caption\">\r\n\t\t\t\t\t\t\t\t<div class=\"carousel-caption-title\">DIE SALZSTRASSE UND IHRE MAGIE<\/div>\r\n\t\t\t\t\t\t\t\t<p class=\"carousel-caption-subtitle\">\r\n\t\t\t\t\t\t\t\t\t<i class=\"fas fa-chevron-right\"><\/i>\r\n\t\t\t\t\t\t\t\t\tF\u00fcr ein lebensgro\u00dfes Abenteuer! \t\t\t\t\t\t\t\t<\/p>\r\n\t\t\t\t\t\t\t<\/div>\r\n\t\t\t\t\t\t\t\r\n\t\t\t\t\t\t\t\t\t\t\t\t<\/a>\r\n\t\t\t\t\t\t\t\t\t\t\t<\/div>\r\n\t\t\t\t\t\t\t\t\t\t\t\t\t\t\t\t\t\t\t<div class=\"carousel-item\">\r\n\t\t\t\t\t\t\r\n\t\t\t\t\t\t\t\t\t\t\t\t\t<a href=\"https:\/\/www.camping-leboisverdon.com\/de\/unsere-erfahrungen\/strand-museumserlebnis\/\">\r\n\t\t\t\t\t\t\r\n\t\t\t\t\t\t\t<img decoding=\"async\" class=\"d-block w-100\" src=\"https:\/\/www.camping-leboisverdon.com\/wp-content\/uploads\/2023\/02\/LBDM_ledaviaud17.jpg\" alt=\"exp\u00e9rience unique pr\u00e8s du camping au Daviaud\" desc=\"\" loading=\"lazy\">\r\n\r\n\t\t\t\t\t\t\t\t\t\t\t\t\t\t<div class=\"carousel-caption\">\r\n\t\t\t\t\t\t\t\t<div class=\"carousel-caption-title\">DIE ENTDECKUNG EINES GESCH\u00dcTZTEN GEBIETES<\/div>\r\n\t\t\t\t\t\t\t\t<p class=\"carousel-caption-subtitle\">\r\n\t\t\t\t\t\t\t\t\t<i class=\"fas fa-chevron-right\"><\/i>\r\n\t\t\t\t\t\t\t\t\tTraumhafter Strand &#8230; Eintauchen in das bretonische Sumpfgebiet der Vend\u00e9e\t\t\t\t\t\t\t\t<\/p>\r\n\t\t\t\t\t\t\t<\/div>\r\n\t\t\t\t\t\t\t\r\n\t\t\t\t\t\t\t\t\t\t\t\t<\/a>\r\n\t\t\t\t\t\t\t\t\t\t\t<\/div>\r\n\t\t\t\t\t\t\t\t\t\t\t\t\t\t\t\t\t\t\t<div class=\"carousel-item\">\r\n\t\t\t\t\t\t\r\n\t\t\t\t\t\t\t\t\t\t\t\t\t<a href=\"https:\/\/www.camping-leboisverdon.com\/de\/erfahrung-saint-gilles-croix-de-vie\/\">\r\n\t\t\t\t\t\t\r\n\t\t\t\t\t\t\t<img decoding=\"async\" class=\"d-block w-100\" src=\"https:\/\/www.camping-leboisverdon.com\/wp-content\/uploads\/2023\/02\/SaintGillesCroixdeVie-1-1.jpg\" alt=\"vacances pr\u00e8s de Saint Gilles Croix de Vie\" desc=\"\" loading=\"lazy\">\r\n\r\n\t\t\t\t\t\t\t\t\t\t\t\t\t\t<div class=\"carousel-caption\">\r\n\t\t\t\t\t\t\t\t<div class=\"carousel-caption-title\">UM SICH ZU ERHOLEN<\/div>\r\n\t\t\t\t\t\t\t\t<p class=\"carousel-caption-subtitle\">\r\n\t\t\t\t\t\t\t\t\t<i class=\"fas fa-chevron-right\"><\/i>\r\n\t\t\t\t\t\t\t\t\tDer Charme und die Authentizit\u00e4t von Saint Gilles Croix de Vie\t\t\t\t\t\t\t\t<\/p>\r\n\t\t\t\t\t\t\t<\/div>\r\n\t\t\t\t\t\t\t\r\n\t\t\t\t\t\t\t\t\t\t\t\t<\/a>\r\n\t\t\t\t\t\t\t\t\t\t\t<\/div>\r\n\t\t\t\t\t\t\t\t\t\t\t\t<\/div>\r\n\r\n\t\t\t\t\t\t\t\t\t\t\t<a class=\"carousel-control-prev\" href=\"#sevdiaporama_2331113713\" role=\"button\" data-slide=\"prev\">\r\n\t\t\t\t\t<span class=\"carousel-control-prev-icon\" aria-hidden=\"true\"><\/span>\r\n\t\t\t\t\t<span class=\"sr-only\">Pr\u00e9c\u00e9dent<\/span>\r\n\t\t\t\t<\/a>\r\n\t\t\t\t<a class=\"carousel-control-next\" href=\"#sevdiaporama_2331113713\" role=\"button\" data-slide=\"next\">\r\n\t\t\t\t\t<span class=\"carousel-control-next-icon\" aria-hidden=\"true\"><\/span>\r\n\t\t\t\t\t<span class=\"sr-only\">Suivant<\/span>\r\n\t\t\t\t<\/a>\r\n\t\t\t\t\r\n\t\t\t\t\t\t\t\t<ol class=\"carousel-indicators\">\r\n\t\t\t\t\t\t\t\t\t\t\t\t\t\t\t\t\t\t\t\t\t\t<li data-target=\"#sevdiaporama_2331113713\" data-slide-to=\"0\" class=\"active\"><\/li>\r\n\t\t\t\t\t\t\t\t\t\t\t\t\t\t\t\t\t\t\t\t\t\t\t<li data-target=\"#sevdiaporama_2331113713\" data-slide-to=\"1\"><\/li>\r\n\t\t\t\t\t\t\t\t\t\t\t\t\t\t\t\t\t\t\t\t\t\t\t<li data-target=\"#sevdiaporama_2331113713\" data-slide-to=\"2\"><\/li>\r\n\t\t\t\t\t\t\t\t\t\t\t\t\t\t\t\t\t\t\t\t\t\t\t<li data-target=\"#sevdiaporama_2331113713\" data-slide-to=\"3\"><\/li>\r\n\t\t\t\t\t\t\t\t\t\t\t\t\t\t\t\t\t\t\t\t\t\t\t<li data-target=\"#sevdiaporama_2331113713\" data-slide-to=\"4\"><\/li>\r\n\t\t\t\t\t\t\t\t\t\t\t\t\t\t\t\t\t\t\t\t\t\t\t<li data-target=\"#sevdiaporama_2331113713\" data-slide-to=\"5\"><\/li>\r\n\t\t\t\t\t\t\t\t\t\t\t\t\t\t\t<\/ol>\r\n\t\t\t\t\t\t\t\t\t<\/div>\r\n\t\t<\/div><\/div>\n\n\n\n<div class=\"wp-block-cover alignfull is-light has-custom-content-position is-position-bottom-left\" style=\"margin-top:var(--wp--preset--spacing--80)\" id=\"saintjean\"><img decoding=\"async\" class=\"wp-block-cover__image-background wp-image-198\" alt=\"\" src=\"https:\/\/www.camping-leboisverdon.com\/wp-content\/uploads\/2023\/01\/saint-jean-de-monts.jpg\" style=\"object-position:52% 47%\" data-object-fit=\"cover\" data-object-position=\"52% 47%\"\/><span aria-hidden=\"true\" class=\"wp-block-cover__background has-background-dim wp-block-cover__gradient-background has-background-gradient\" style=\"background:linear-gradient(135deg,rgb(0,0,0) 0%,rgba(255,255,255,0) 100%)\"><\/span><div class=\"wp-block-cover__inner-container is-layout-flow wp-block-cover-is-layout-flow\">\n<h2 class=\"wp-block-heading has-gris-tres-fonce-color has-white-background-color has-text-color has-background has-grand-font-size\" style=\"text-transform:none\">Rund um Saint Jean de Monts<\/h2>\n<\/div><\/div>\n\n\n\n<div class=\"wp-block-group alignwide is-layout-flow wp-block-group-is-layout-flow\" style=\"margin-top:0\">\n<p class=\"has-normal-font-size\" style=\"margin-top:var(--wp--preset--spacing--50);margin-left:2rem;letter-spacing:3px;text-transform:uppercase\">Die Vend\u00e9e, vielf\u00e4ltige Landschaften, die zu einer Flucht aus dem Alltag einladen<\/p>\n<\/div>\n\n\n\n<div class=\"wp-block-columns alignfull is-layout-flex wp-container-core-columns-is-layout-087fe210 wp-block-columns-is-layout-flex\" style=\"padding-top:var(--wp--preset--spacing--60);padding-right:var(--wp--preset--spacing--60);padding-bottom:var(--wp--preset--spacing--30);padding-left:var(--wp--preset--spacing--60)\">\n<div class=\"wp-block-column is-layout-flow wp-block-column-is-layout-flow\">\n<div class=\"wp-block-sev-encart\"><a href=\"https:\/\/www.camping-leboisverdon.com\/de\/meerseite-inseln\/\"><img decoding=\"async\" src=\"https:\/\/www.camping-leboisverdon.com\/wp-content\/uploads\/2023\/01\/cote-mer-iles.jpg\" alt=\"\"\/><div class=\"wp-block-sev-encart-content\"><div class=\"wp-block-sev-encart-label\">Meerseite &amp; Inseln<\/div><\/div><div class=\"wp-block-sev-encart-btn\">Entdecken Sie<\/div><\/a><\/div>\n<\/div>\n\n\n\n<div class=\"wp-block-column is-layout-flow wp-block-column-is-layout-flow\">\n<div class=\"wp-block-sev-encart\"><a href=\"https:\/\/www.camping-leboisverdon.com\/de\/landseite\/\"><img decoding=\"async\" src=\"https:\/\/www.camping-leboisverdon.com\/wp-content\/uploads\/2023\/01\/cote-terre.jpg\" alt=\"\"\/><div class=\"wp-block-sev-encart-content\"><div class=\"wp-block-sev-encart-label\">Landseite<\/div><\/div><div class=\"wp-block-sev-encart-btn\">Entdecken Sie<\/div><\/a><\/div>\n<\/div>\n\n\n\n<div class=\"wp-block-column is-layout-flow wp-block-column-is-layout-flow\">\n<div class=\"wp-block-sev-encart\"><a href=\"https:\/\/www.camping-leboisverdon.com\/de\/seite-besichtigungen-und-ausfluege\/\"><img decoding=\"async\" src=\"https:\/\/www.camping-leboisverdon.com\/wp-content\/uploads\/2023\/01\/cote-visites-excursions.jpg\" alt=\"\"\/><div class=\"wp-block-sev-encart-content\"><div class=\"wp-block-sev-encart-label\">Seite Besichtigungen &amp; Ausfl\u00fcge<\/div><\/div><div class=\"wp-block-sev-encart-btn\">Entdecken Sie<\/div><\/a><\/div>\n<\/div>\n<\/div>\n","protected":false},"excerpt":{"rendered":"<p>Le Bois Verdon 4-Sterne-Freilufthotel, ruhig und ohne Animationen Nur 900 m von den feinen Sandstr\u00e4nden von Saint Jean de Monts entfernt, am Rande des Staatswaldes Pays de Monts und gegen\u00fcber den Fahrradwegen liegt der 4-Sterne-Campingplatz Le Bois Verdon, ein charmanter Campingplatz mit 59 Stellpl\u00e4tzen. Es ist eine wahre Oase des Friedens, ohne Animationen, und ein [&hellip;]<\/p>\n","protected":false},"author":1,"featured_media":0,"parent":0,"menu_order":0,"comment_status":"closed","ping_status":"closed","template":"","meta":{"_seopress_robots_primary_cat":"","_seopress_titles_title":"Campingplatz Saint Jean de Monts 4 Sterne - le Bois Verdon","_seopress_titles_desc":"Camping le Bois Verdon Saint Jean de Monts in der Vend\u00e9e in der N\u00e4he der Str\u00e4nde mit beheiztem Hallenbad Spa Massaged\u00fcsen Aqualudiaspiele Solarium.","_seopress_robots_index":"","footnotes":""},"class_list":["post-59","page","type-page","status-publish","hentry"],"_links":{"self":[{"href":"https:\/\/www.camping-leboisverdon.com\/de\/wp-json\/wp\/v2\/pages\/59","targetHints":{"allow":["GET"]}}],"collection":[{"href":"https:\/\/www.camping-leboisverdon.com\/de\/wp-json\/wp\/v2\/pages"}],"about":[{"href":"https:\/\/www.camping-leboisverdon.com\/de\/wp-json\/wp\/v2\/types\/page"}],"author":[{"embeddable":true,"href":"https:\/\/www.camping-leboisverdon.com\/de\/wp-json\/wp\/v2\/users\/1"}],"replies":[{"embeddable":true,"href":"https:\/\/www.camping-leboisverdon.com\/de\/wp-json\/wp\/v2\/comments?post=59"}],"version-history":[{"count":14,"href":"https:\/\/www.camping-leboisverdon.com\/de\/wp-json\/wp\/v2\/pages\/59\/revisions"}],"predecessor-version":[{"id":27195,"href":"https:\/\/www.camping-leboisverdon.com\/de\/wp-json\/wp\/v2\/pages\/59\/revisions\/27195"}],"wp:attachment":[{"href":"https:\/\/www.camping-leboisverdon.com\/de\/wp-json\/wp\/v2\/media?parent=59"}],"curies":[{"name":"wp","href":"https:\/\/api.w.org\/{rel}","templated":true}]}}