{"id":2682,"date":"2023-01-05T11:30:28","date_gmt":"2023-01-05T10:30:28","guid":{"rendered":"https:\/\/www.camping-leboisverdon.com\/wasserraum\/"},"modified":"2025-01-24T14:15:27","modified_gmt":"2025-01-24T13:15:27","slug":"wasserraum","status":"publish","type":"page","link":"https:\/\/www.camping-leboisverdon.com\/de\/wasserraum\/","title":{"rendered":"Wasserraum"},"content":{"rendered":"\n<h1 class=\"wp-block-heading\">Wasserbereich des Campingplatzes in Saint Jean de Monts<\/h1>\n\n\n\n<h2 class=\"wp-block-heading\">GENIESSEN SIE UNSER SCH\u00d6NES SCHWIMMBAD IN SAINT JEAN DE MONTS<\/h2>\n\n\n\n<p>Kein Campingurlaub in<strong> Saint Jean de Monts<\/strong> ohne Baden!<br>Gro\u00df und Klein werden die ganze Saison \u00fcber unseren neuen, halb \u00fcberdachten Wasserbereich zu sch\u00e4tzen wissen, dessen <strong>Wasser<\/strong> von April bis September <strong>auf 28 \u00b0 C erw\u00e4rmt<\/strong> wird.<br>Die Eltern k\u00f6nnen sich im <strong>SPA <\/strong>oder auf unseren <strong>Massageb\u00e4nken und<\/strong> -d\u00fcsen entspannen.<br>Und f\u00fcr die Kinder: Entdecken Sie die Freuden des Wassers im <strong>Planschbecken <\/strong>und seinen <strong>Wasserspielen<\/strong>.<br>W\u00e4hrend Ihr Stamm den Badespa\u00df genie\u00dft, k\u00f6nnen Sie sich auf unseren <strong>Sonnenliegen <\/strong>im Solariumbereich ausruhen.<\/p>\n\n\n\n<div class=\"wp-block-media-text alignwide is-stacked-on-mobile\"><figure class=\"wp-block-media-text__media\"><img loading=\"lazy\" decoding=\"async\" width=\"1024\" height=\"575\" src=\"https:\/\/www.camping-leboisverdon.com\/wp-content\/uploads\/2023\/01\/IMG_20160515_145256-1024x575-1.jpg\" alt=\"Hallenbad auf dem Campingplatz in Saint Jean de Monts\" class=\"wp-image-70 size-full\" srcset=\"https:\/\/www.camping-leboisverdon.com\/wp-content\/uploads\/2023\/01\/IMG_20160515_145256-1024x575-1.jpg 1024w, https:\/\/www.camping-leboisverdon.com\/wp-content\/uploads\/2023\/01\/IMG_20160515_145256-1024x575-1-300x168.jpg 300w, https:\/\/www.camping-leboisverdon.com\/wp-content\/uploads\/2023\/01\/IMG_20160515_145256-1024x575-1-768x431.jpg 768w\" sizes=\"auto, (max-width: 1024px) 100vw, 1024px\" \/><\/figure><div class=\"wp-block-media-text__content\">\n<div class=\"wp-block-group has-border-color has-cyan-border-color has-white-background-color has-background is-layout-constrained wp-container-core-group-is-layout-ca09131d wp-block-group-is-layout-constrained\" style=\"padding-top:var(--wp--preset--spacing--60);padding-right:var(--wp--preset--spacing--60);padding-bottom:var(--wp--preset--spacing--60);padding-left:var(--wp--preset--spacing--60)\">\n<p class=\"has-text-align-center has-playfair-display-font-family has-moyen-font-size\"><img loading=\"lazy\" decoding=\"async\" width=\"50\" height=\"58\" class=\"wp-image-79\" style=\"width: 50px;\" src=\"https:\/\/www.camping-leboisverdon.com\/wp-content\/uploads\/2023\/01\/picto-info-1.png\" alt=\"\" srcset=\"https:\/\/www.camping-leboisverdon.com\/wp-content\/uploads\/2023\/01\/picto-info-1.png 528w, https:\/\/www.camping-leboisverdon.com\/wp-content\/uploads\/2023\/01\/picto-info-1-261x300.png 261w\" sizes=\"auto, (max-width: 50px) 100vw, 50px\" \/>  N\u00e4mlich<\/p>\n\n\n\n<ul class=\"wp-block-list\">\n<li>Ge\u00f6ffnet von April bis September.<\/li>\n\n\n\n<li>Aus hygienischen Gr\u00fcnden ist der Zugang zum Schwimmbad nur in Badehosen erlaubt.  <strong>Badeshorts sind verboten.<\/strong><\/li>\n<\/ul>\n<\/div>\n<\/div><\/div>\n\n\n\n<div style=\"height:30px\" aria-hidden=\"true\" class=\"wp-block-spacer\"><\/div>\n\n\n\n<figure class=\"wp-block-image aligncenter size-full is-resized\"><img loading=\"lazy\" decoding=\"async\" width=\"559\" height=\"150\" src=\"https:\/\/www.camping-leboisverdon.com\/wp-content\/uploads\/2023\/01\/trait.png\" alt=\"\" class=\"wp-image-407\" style=\"width:140px;height:38px\" srcset=\"https:\/\/www.camping-leboisverdon.com\/wp-content\/uploads\/2023\/01\/trait.png 559w, https:\/\/www.camping-leboisverdon.com\/wp-content\/uploads\/2023\/01\/trait-300x81.png 300w\" sizes=\"auto, (max-width: 559px) 100vw, 559px\" \/><\/figure>\n\n\n\n<div class=\"wp-block-media-text alignwide has-media-on-the-right is-stacked-on-mobile\"><div class=\"wp-block-media-text__content\">\n<h2 class=\"wp-block-heading has-text-align-right\">Das beheizte Hallenbad<\/h2>\n\n\n\n<h2 class=\"wp-block-heading has-text-align-right\">Badespa\u00df zu jeder Jahreszeit<\/h2>\n\n\n\n<p class=\"has-text-align-right\">Die ganze Saison \u00fcber wird Sie der<strong>\u00fcberdachte und beheizte Wasserbereich<\/strong> begeistern. Ein echter Lebensraum f\u00fcr die ganze Familie mit Whirlpool, Massageb\u00e4nken und -d\u00fcsen, Planschbecken und Wasserspielen. Entspannung und Lachen garantiert! Und faulenzen Sie garantiert am Sonnenstrand unseres 4-Sterne-Campingplatzes in Saint Jean de Monts in der Vend\u00e9e.<\/p>\n<\/div><figure class=\"wp-block-media-text__media\"><img loading=\"lazy\" decoding=\"async\" width=\"1024\" height=\"575\" src=\"https:\/\/www.camping-leboisverdon.com\/wp-content\/uploads\/2023\/01\/piscine-jaccuzi-1024x575-1.jpg\" alt=\"\u00fcberdachtes und beheiztes Schwimmbad auf dem Campingplatz in Saint Jean de Monts\" class=\"wp-image-620 size-full\" srcset=\"https:\/\/www.camping-leboisverdon.com\/wp-content\/uploads\/2023\/01\/piscine-jaccuzi-1024x575-1.jpg 1024w, https:\/\/www.camping-leboisverdon.com\/wp-content\/uploads\/2023\/01\/piscine-jaccuzi-1024x575-1-300x168.jpg 300w, https:\/\/www.camping-leboisverdon.com\/wp-content\/uploads\/2023\/01\/piscine-jaccuzi-1024x575-1-768x431.jpg 768w\" sizes=\"auto, (max-width: 1024px) 100vw, 1024px\" \/><\/figure><\/div>\n\n\n\n<p><\/p>\n\n\n<div class=\"wp-block-sev-diaporama alignfull\">\t\t\t<div id=\"sevgallery-3409705265\" class=\"sev-diaporama sev-diaporama-portfolio\">\r\n\t\t\t<div class=\"row\">\r\n\r\n\t\t\t\r\n\t\t\t\t\r\n\t\t\t\t<div class=\"sev-diaporama-portfolio-item col-12 col-sm  col-grow\">\r\n\r\n\t\t\t\t\t\t\t\t\t\t<a href=\"https:\/\/www.camping-leboisverdon.com\/wp-content\/uploads\/2023\/01\/20210608_140552.jpg\" data-lightbox=\"sevgallery-3409705265\" style=\"background-image: url(https:\/\/www.camping-leboisverdon.com\/wp-content\/uploads\/2023\/01\/20210608_140552.jpg)\">\r\n\t\t\t\t\t\t\t\t\t\t\t<img decoding=\"async\" src=\"https:\/\/www.camping-leboisverdon.com\/wp-content\/uploads\/2023\/01\/20210608_140552.jpg\" alt=\"piscine couverte et chauff\u00e9e du camping \u00e0 Saint Jean de Monts\" loading=\"lazy\">\r\n\t\t\t\t\t\t\t\t\t\t<\/a>\r\n\t\t\t\t\t\t\t\t\t<\/div>\r\n\r\n\t\t\t\t\r\n\t\t\t\t\t\t\t\t\t\t\t\r\n\t\t\t\t\r\n\t\t\t\t<div class=\"sev-diaporama-portfolio-item col-12 col-sm  col-shrink\">\r\n\r\n\t\t\t\t\t\t\t\t\t\t<a href=\"https:\/\/www.camping-leboisverdon.com\/wp-content\/uploads\/2023\/01\/IMG_20160515_145256-1024x575-2.jpg\" data-lightbox=\"sevgallery-3409705265\" style=\"background-image: url(https:\/\/www.camping-leboisverdon.com\/wp-content\/uploads\/2023\/01\/IMG_20160515_145256-1024x575-2.jpg)\">\r\n\t\t\t\t\t\t\t\t\t\t\t<img decoding=\"async\" src=\"https:\/\/www.camping-leboisverdon.com\/wp-content\/uploads\/2023\/01\/IMG_20160515_145256-1024x575-2.jpg\" alt=\"piscine couverte et chauff\u00e9e du camping \u00e0 Saint Jean de Monts\" loading=\"lazy\">\r\n\t\t\t\t\t\t\t\t\t\t<\/a>\r\n\t\t\t\t\t\t\t\t\t<\/div>\r\n\r\n\t\t\t\t\r\n\t\t\t\t\t\t\t\t\t\t\t\r\n\t\t\t\t\r\n\t\t\t\t<div class=\"sev-diaporama-portfolio-item col-12 col-sm  col-shrink\">\r\n\r\n\t\t\t\t\t\t\t\t\t\t<a href=\"https:\/\/www.camping-leboisverdon.com\/wp-content\/uploads\/2023\/01\/piscine-jaccuzi-1024x575-1.jpg\" data-lightbox=\"sevgallery-3409705265\" style=\"background-image: url(https:\/\/www.camping-leboisverdon.com\/wp-content\/uploads\/2023\/01\/piscine-jaccuzi-1024x575-1.jpg)\">\r\n\t\t\t\t\t\t\t\t\t\t\t<img decoding=\"async\" src=\"https:\/\/www.camping-leboisverdon.com\/wp-content\/uploads\/2023\/01\/piscine-jaccuzi-1024x575-1.jpg\" alt=\"piscine couverte et chauff\u00e9e du camping \u00e0 Saint Jean de Monts\" loading=\"lazy\">\r\n\t\t\t\t\t\t\t\t\t\t<\/a>\r\n\t\t\t\t\t\t\t\t\t<\/div>\r\n\r\n\t\t\t\t\t\t\t\t\t<div class=\"w-100\"><\/div>\r\n\t\t\t\t\t\t\t\t\t\r\n\t\t\t\t\t\t\t\t\t\t\t\r\n\t\t\t\t\r\n\t\t\t\t<div class=\"sev-diaporama-portfolio-item col-12 col-sm  col-grow\">\r\n\r\n\t\t\t\t\t\t\t\t\t\t<a href=\"https:\/\/www.camping-leboisverdon.com\/wp-content\/uploads\/2023\/02\/DSC_0871.jpg\" data-lightbox=\"sevgallery-3409705265\" style=\"background-image: url(https:\/\/www.camping-leboisverdon.com\/wp-content\/uploads\/2023\/02\/DSC_0871.jpg)\">\r\n\t\t\t\t\t\t\t\t\t\t\t<img decoding=\"async\" src=\"https:\/\/www.camping-leboisverdon.com\/wp-content\/uploads\/2023\/02\/DSC_0871.jpg\" alt=\"espace aquatique du camping\" loading=\"lazy\">\r\n\t\t\t\t\t\t\t\t\t\t<\/a>\r\n\t\t\t\t\t\t\t\t\t<\/div>\r\n\r\n\t\t\t\t\r\n\t\t\t\t\t\t\t\t\t\t\t\r\n\t\t\t\t\r\n\t\t\t\t<div class=\"sev-diaporama-portfolio-item col-12 col-sm  col-shrink\">\r\n\r\n\t\t\t\t\t\t\t\t\t\t<a href=\"https:\/\/www.camping-leboisverdon.com\/wp-content\/uploads\/2023\/02\/DSC_0872.jpg\" data-lightbox=\"sevgallery-3409705265\" style=\"background-image: url(https:\/\/www.camping-leboisverdon.com\/wp-content\/uploads\/2023\/02\/DSC_0872.jpg)\">\r\n\t\t\t\t\t\t\t\t\t\t\t<img decoding=\"async\" src=\"https:\/\/www.camping-leboisverdon.com\/wp-content\/uploads\/2023\/02\/DSC_0872.jpg\" alt=\"espace aquatique du camping en Vend\u00e9e\" loading=\"lazy\">\r\n\t\t\t\t\t\t\t\t\t\t<\/a>\r\n\t\t\t\t\t\t\t\t\t<\/div>\r\n\r\n\t\t\t\t\r\n\t\t\t\t\t\t\t\t\t\t\t\r\n\t\t\t\t\r\n\t\t\t\t<div class=\"sev-diaporama-portfolio-item col-12 col-sm  col-shrink\">\r\n\r\n\t\t\t\t\t\t\t\t\t\t<a href=\"https:\/\/www.camping-leboisverdon.com\/wp-content\/uploads\/2023\/02\/DSC_0873.jpg\" data-lightbox=\"sevgallery-3409705265\" style=\"background-image: url(https:\/\/www.camping-leboisverdon.com\/wp-content\/uploads\/2023\/02\/DSC_0873.jpg)\">\r\n\t\t\t\t\t\t\t\t\t\t\t<img decoding=\"async\" src=\"https:\/\/www.camping-leboisverdon.com\/wp-content\/uploads\/2023\/02\/DSC_0873.jpg\" alt=\"espace aquatique du camping 4 \u00e9toiles en Vend\u00e9e\" loading=\"lazy\">\r\n\t\t\t\t\t\t\t\t\t\t<\/a>\r\n\t\t\t\t\t\t\t\t\t<\/div>\r\n\r\n\t\t\t\t\t\t\t\t\t<div class=\"w-100\"><\/div>\r\n\t\t\t\t\t\t\t\t\t\r\n\t\t\t\t\t\t\t\t\t\t\t\r\n\t\t\t\t\r\n\t\t\t\t<div class=\"sev-diaporama-portfolio-item col-12 col-sm  col-shrink\">\r\n\r\n\t\t\t\t\t\t\t\t\t\t<a href=\"https:\/\/www.camping-leboisverdon.com\/wp-content\/uploads\/2023\/02\/DSC_0874.jpg\" data-lightbox=\"sevgallery-3409705265\" style=\"background-image: url(https:\/\/www.camping-leboisverdon.com\/wp-content\/uploads\/2023\/02\/DSC_0874.jpg)\">\r\n\t\t\t\t\t\t\t\t\t\t\t<img decoding=\"async\" src=\"https:\/\/www.camping-leboisverdon.com\/wp-content\/uploads\/2023\/02\/DSC_0874.jpg\" alt=\"espace aquatique du camping en Vend\u00e9e\" loading=\"lazy\">\r\n\t\t\t\t\t\t\t\t\t\t<\/a>\r\n\t\t\t\t\t\t\t\t\t<\/div>\r\n\r\n\t\t\t\t\r\n\t\t\t\t\t\t\t\t\t\t\t\r\n\t\t\t\t\r\n\t\t\t\t<div class=\"sev-diaporama-portfolio-item col-12 col-sm \">\r\n\r\n\t\t\t\t\t\t\t\t\t\t<a href=\"https:\/\/www.camping-leboisverdon.com\/wp-content\/uploads\/2023\/02\/DSC_0876.jpg\" data-lightbox=\"sevgallery-3409705265\" style=\"background-image: url(https:\/\/www.camping-leboisverdon.com\/wp-content\/uploads\/2023\/02\/DSC_0876.jpg)\">\r\n\t\t\t\t\t\t\t\t\t\t\t<img decoding=\"async\" src=\"https:\/\/www.camping-leboisverdon.com\/wp-content\/uploads\/2023\/02\/DSC_0876.jpg\" alt=\"espace aquatique couvert du camping en Vend\u00e9e\" loading=\"lazy\">\r\n\t\t\t\t\t\t\t\t\t\t<\/a>\r\n\t\t\t\t\t\t\t\t\t<\/div>\r\n\r\n\t\t\t\t\r\n\t\t\t\t\t\t\t\t\t\t\t\r\n\t\t\t\t\r\n\t\t\t\t<div class=\"sev-diaporama-portfolio-item col-12 col-sm  col-shrink\">\r\n\r\n\t\t\t\t\t\t\t\t\t\t<a href=\"https:\/\/www.camping-leboisverdon.com\/wp-content\/uploads\/2023\/02\/DSC03626.jpg\" data-lightbox=\"sevgallery-3409705265\" style=\"background-image: url(https:\/\/www.camping-leboisverdon.com\/wp-content\/uploads\/2023\/02\/DSC03626.jpg)\">\r\n\t\t\t\t\t\t\t\t\t\t\t<img decoding=\"async\" src=\"https:\/\/www.camping-leboisverdon.com\/wp-content\/uploads\/2023\/02\/DSC03626.jpg\" alt=\"espace aquatique couvert et chauff\u00e9 du camping en Vend\u00e9e\" loading=\"lazy\">\r\n\t\t\t\t\t\t\t\t\t\t<\/a>\r\n\t\t\t\t\t\t\t\t\t<\/div>\r\n\r\n\t\t\t\t\t\t\t\t\t<div class=\"w-100\"><\/div>\r\n\t\t\t\t\t\t\t\t\t\r\n\t\t\t\t\t\t\t\t\t\t\t\t\t\t<\/div>\r\n\t\t\t<\/div>\r\n\r\n\t\t\t<script>\r\n\t\t\tjQuery(function($) {\r\n\r\n\t\t\t\tvar marginPortfolio = function() {\r\n\r\n\t\t\t\t\tvar $diapo          = $('#sevgallery-3409705265');\r\n\t\t\t\t\tvar container_width = $diapo.parent().outerWidth();\r\n\t\t\t\t\tvar side            = ( $(window).innerWidth() - container_width ) \/ 2;\r\n\r\n\t\t\t\t\t$diapo.css( {\r\n\t\t\t\t\t\t'margin-left': '-' + side + 'px',\r\n\t\t\t\t\t\t'margin-right': '-' + side + 'px',\r\n\t\t\t\t\t} );\r\n\t\t\t\t};\r\n\r\n\t\t\t\t$( window ).resize( function() {\r\n\t\t\t\t\tmarginPortfolio();\r\n\t\t\t\t} );\r\n\t\t\t\tmarginPortfolio();\r\n\t\t\t});\r\n\t\t\t<\/script>\r\n\t\t\t<\/div>","protected":false},"excerpt":{"rendered":"<p>Wasserbereich des Campingplatzes in Saint Jean de Monts GENIESSEN SIE UNSER SCH\u00d6NES SCHWIMMBAD IN SAINT JEAN DE MONTS Kein Campingurlaub in Saint Jean de Monts ohne Baden!Gro\u00df und Klein werden die ganze Saison \u00fcber unseren neuen, halb \u00fcberdachten Wasserbereich zu sch\u00e4tzen wissen, dessen Wasser von April bis September auf 28 \u00b0 C erw\u00e4rmt wird.Die Eltern [&hellip;]<\/p>\n","protected":false},"author":1,"featured_media":0,"parent":0,"menu_order":0,"comment_status":"closed","ping_status":"closed","template":"","meta":{"_seopress_robots_primary_cat":"","_seopress_titles_title":"Campingplatz mit Wasserpark Saint Jean de Monts","_seopress_titles_desc":"Der Campingplatz Le Bois Verdon in Saint Jean de Monts bietet einen kompletten Wasserbereich mit Hallenbad, Spa, Massageb\u00e4nken und Solariumspielen.","_seopress_robots_index":"","footnotes":""},"class_list":["post-2682","page","type-page","status-publish","hentry"],"_links":{"self":[{"href":"https:\/\/www.camping-leboisverdon.com\/de\/wp-json\/wp\/v2\/pages\/2682","targetHints":{"allow":["GET"]}}],"collection":[{"href":"https:\/\/www.camping-leboisverdon.com\/de\/wp-json\/wp\/v2\/pages"}],"about":[{"href":"https:\/\/www.camping-leboisverdon.com\/de\/wp-json\/wp\/v2\/types\/page"}],"author":[{"embeddable":true,"href":"https:\/\/www.camping-leboisverdon.com\/de\/wp-json\/wp\/v2\/users\/1"}],"replies":[{"embeddable":true,"href":"https:\/\/www.camping-leboisverdon.com\/de\/wp-json\/wp\/v2\/comments?post=2682"}],"version-history":[{"count":4,"href":"https:\/\/www.camping-leboisverdon.com\/de\/wp-json\/wp\/v2\/pages\/2682\/revisions"}],"predecessor-version":[{"id":21877,"href":"https:\/\/www.camping-leboisverdon.com\/de\/wp-json\/wp\/v2\/pages\/2682\/revisions\/21877"}],"wp:attachment":[{"href":"https:\/\/www.camping-leboisverdon.com\/de\/wp-json\/wp\/v2\/media?parent=2682"}],"curies":[{"name":"wp","href":"https:\/\/api.w.org\/{rel}","templated":true}]}}