{"id":2659,"date":"2022-12-05T11:16:55","date_gmt":"2022-12-05T10:16:55","guid":{"rendered":"https:\/\/www.camping-leboisverdon.com\/editorial\/"},"modified":"2024-10-16T09:21:34","modified_gmt":"2024-10-16T07:21:34","slug":"editorial","status":"publish","type":"page","link":"https:\/\/www.camping-leboisverdon.com\/de\/editorial\/","title":{"rendered":"Editorial"},"content":{"rendered":"\n<h1 class=\"wp-block-heading\" style=\"margin-bottom:var(--wp--preset--spacing--60)\">\u00c9ditorial<\/h1>\n\n<div class=\"editos\">\n\t\t\t<p>Aucun article pour le moment<\/p>\n\n\t\t<\/div>\n","protected":false},"excerpt":{"rendered":"<p>\u00c9ditorial<\/p>\n","protected":false},"author":1,"featured_media":0,"parent":0,"menu_order":0,"comment_status":"closed","ping_status":"closed","template":"","meta":{"_seopress_robots_primary_cat":"","_seopress_titles_title":"Editorial - Blog du camping le Bois Verdon en Vend\u00e9e","_seopress_titles_desc":"Retrouvez tous les articles du blog du camping le Bois Verdon situ\u00e9 proche des plages en Vend\u00e9e","_seopress_robots_index":"","footnotes":""},"class_list":["post-2659","page","type-page","status-publish","hentry"],"_links":{"self":[{"href":"https:\/\/www.camping-leboisverdon.com\/de\/wp-json\/wp\/v2\/pages\/2659","targetHints":{"allow":["GET"]}}],"collection":[{"href":"https:\/\/www.camping-leboisverdon.com\/de\/wp-json\/wp\/v2\/pages"}],"about":[{"href":"https:\/\/www.camping-leboisverdon.com\/de\/wp-json\/wp\/v2\/types\/page"}],"author":[{"embeddable":true,"href":"https:\/\/www.camping-leboisverdon.com\/de\/wp-json\/wp\/v2\/users\/1"}],"replies":[{"embeddable":true,"href":"https:\/\/www.camping-leboisverdon.com\/de\/wp-json\/wp\/v2\/comments?post=2659"}],"version-history":[{"count":2,"href":"https:\/\/www.camping-leboisverdon.com\/de\/wp-json\/wp\/v2\/pages\/2659\/revisions"}],"predecessor-version":[{"id":19148,"href":"https:\/\/www.camping-leboisverdon.com\/de\/wp-json\/wp\/v2\/pages\/2659\/revisions\/19148"}],"wp:attachment":[{"href":"https:\/\/www.camping-leboisverdon.com\/de\/wp-json\/wp\/v2\/media?parent=2659"}],"curies":[{"name":"wp","href":"https:\/\/api.w.org\/{rel}","templated":true}]}}