{"id":2616,"date":"2022-12-01T23:42:07","date_gmt":"2022-12-01T22:42:07","guid":{"rendered":"https:\/\/www.camping-leboisverdon.com\/rechtliche-hinweise\/"},"modified":"2023-03-01T16:50:27","modified_gmt":"2023-03-01T15:50:27","slug":"rechtliche-hinweise","status":"publish","type":"page","link":"https:\/\/www.camping-leboisverdon.com\/de\/rechtliche-hinweise\/","title":{"rendered":"Rechtliche Hinweise"},"content":{"rendered":"\n<h1 class=\"wp-block-heading\">Rechtliche Hinweise<\/h1>\n\n\n\n<h2>Qui sommes-nous\u00a0?<\/h2>\r\n<div class=\"row\">\r\n\t<div class=\"col-12 col-lg-6\">\t\r\n\t\t<h3>\u00c9diteur<\/h3>\r\n\t\t<p>CAMPING LE BOIS VERDON<\/p>\r\n\r\n\t\t<p>\r\n\t\t\t80097040200015<br>\r\n\t\t\tSi\u00e8ge social : 62 rue du Moulin Casse, 85160 Saint Jean de Monts<br>\r\n\t\t\tN\u00b0 de t\u00e9l\u00e9phone : 02 51 58 10 61<br>\r\n\t\t\tE-mail : info@camping-leboisverdon.com<br>\r\n\t\t<\/p>\r\n\r\n\t\t<h3>Directeur de la publication<\/h3>\r\n\t\t<p>Tony Proust<\/p>\r\n\t<\/div>\r\n\t<div class=\"col-12 col-lg-6\">\r\n\t\t<h3>R\u00e9alisation Technique & Graphique<\/h3>\r\n\t\tSEV \/ Ouest-Communication.com\r\n\r\n\t\t<p>\r\n\t\t\tLogis Ste Anne<br>\r\n\t\t\t85580 Jard sur Mer<br>\r\n\t\t\tT\u00e9l. : 02 51 20 30 40<br>\r\n\t\t\tE-mail : contact@ouest-communication.com<br>\r\n\t\t\tSite internet : <a href=\"https:\/\/www.ouest-communication.com\/\" target=\"_blank\">https:\/\/www.ouest-communication.com\/<\/a><br>\r\n\t\t<\/p>\r\n\r\n\t\t<h3>H\u00e9bergement du site<\/h3>\r\n\t\t<p>\r\n\t\t\tOVH<br>\r\n\t\t\t2 rue Kellermann<br>\r\n\t\t\t59100 Roubaix<br>\r\n\t\t<\/p>\r\n\r\n\t<\/div>\r\n<\/div>\r\n\r\n\r\n\r\n<h2>Welche personenbezogenen Daten wir sammeln und warum wir sie sammeln<\/h2>\r\n\r\n<p>Ihre pers\u00f6nlichen Daten werden nur im Rahmen der Gesch\u00e4ftsbeziehung zwischen Ihnen und dem Verlag verwendet \"CAMPING LE BOIS VERDON\".<\/p>\r\n\r\n<p> Sofern Sie nicht ausdr\u00fccklich zustimmen, werden Ihre Daten nicht an Dritte weitergegeben. <\/ p>\r\n\r\n<h3>Kontaktformulare<\/h3>\r\n\r\n<p>Die von den Formularen gesammelten Informationen werden im Rahmen einer Informationsanfrage und der daraus resultierenden Gesch\u00e4ftsbeziehung in einer Computerdatei aufgezeichnet. Sie k\u00f6nnen ein Recht auf Zugang zu Ihren pers\u00f6nlichen Daten aus\u00fcben, indem Sie <a href=\"https:\/\/www.camping-leboisverdon.com\/demande-dacces-aux-donnees\/\">das daf\u00fcr bereitgestellte Formular verwenden.<\/a><\/p>\r\n\r\n<h3>Cookies<\/h3>\r\n\r\n<p>Wenn Sie einen Kommentar auf unserer Website schreiben, kann das eine Einwilligung sein, Ihren Namen, E-Mail-Adresse und Website in Cookies zu speichern. Dies ist eine Komfortfunktion, damit Sie nicht, wenn Sie einen weiteren Kommentar schreiben, all diese Daten erneut eingeben m\u00fcssen. Diese Cookies werden ein Jahr lang gespeichert.<\/p>\r\n\r\n<p>Falls Sie ein Konto haben und Sie sich auf dieser Website anmelden, werden wir ein tempor\u00e4res Cookie setzen, um festzustellen, ob Ihr Browser Cookies akzeptiert. Dieses Cookie enth\u00e4lt keine personenbezogenen Daten und wird verworfen, wenn Sie Ihren Browser schlie\u00dfen.<\/p>\r\n\r\n<p>Zu statistischen Zwecken verwendet diese Website Cookies, mit denen Informationen auf den von Ihnen besuchten Seiten gesammelt werden sollen. Insbesondere speichern sie anonyme Informationen, insbesondere zu Ihrer geografischen Position, Ihrem Browser usw.<\/p>\r\n\r\n\r\n\r\n<h3>Media<\/h3>\r\n<p>Wenn Sie ein registrierter Benutzer sind und Fotos auf diese Website laden, sollten Sie vermeiden, Fotos mit einem EXIF-GPS-Standort hochzuladen. Besucher dieser Website k\u00f6nnten Fotos, die auf dieser Website gespeichert sind, downloaden und deren Standort-Informationen extrahieren.<\/p>\r\n\r\n<h3>Eingebettete Inhalte von anderen Websites<\/h3>\r\n<p>Beitr\u00e4ge auf dieser Website k\u00f6nnen eingebettete Inhalte beinhalten (z.&nbsp;B. Videos, Bilder, Beitr\u00e4ge etc.). Eingebettete Inhalte von anderen Websites verhalten sich exakt so, als ob der Besucher die andere Website besucht h\u00e4tte.<\/p>\r\n\r\n<p>Diese Websites k\u00f6nnen Daten \u00fcber Sie sammeln, Cookies benutzen, zus\u00e4tzliche Tracking-Dienste von Dritten einbetten und Ihre Interaktion mit diesem eingebetteten Inhalt aufzeichnen, inklusive Ihrer Interaktion mit dem eingebetteten Inhalt, falls Sie ein Konto haben und auf dieser Website angemeldet sind.<\/p>\r\n\r\n\r\n<h2>Wie lange wir deine Daten speichern<\/h2>\r\n<p>Wenn Sie einen Kommentar schreiben, wird dieser inklusive Metadaten zeitlich unbegrenzt gespeichert. Auf diese Art k\u00f6nnen wir Folgekommentare automatisch erkennen und freigeben, anstelle sie in einer Moderations-Warteschlange festzuhalten.<\/p>\r\n\r\n<p>F\u00fcr Benutzer, die sich auf unserer Website registrieren, speichern wir zus\u00e4tzlich die pers\u00f6nlichen Informationen, die sie in ihren Benutzerprofilen angeben. Alle Benutzer k\u00f6nnen jederzeit ihre pers\u00f6nlichen Informationen einsehen, ver\u00e4ndern oder l\u00f6schen (der Benutzername kann nicht ver\u00e4ndert werden). Administratoren der Website k\u00f6nnen diese Informationen ebenfalls einsehen und ver\u00e4ndern.<\/p>\r\n\r\n<h2>Welche Rechte Sie an Ihren Daten haben<\/h2>\r\n<p>Si vous avez un compte ou si vous avez laiss\u00e9 des commentaires sur le site, vous pouvez demander \u00e0 recevoir un fichier contenant toutes les donn\u00e9es personnelles que nous poss\u00e9dons \u00e0 votre sujet, incluant celles que vous nous avez fournies. Vous pouvez \u00e9galement demander la suppression des donn\u00e9es personnelles vous concernant. Cela ne prend pas en compte les donn\u00e9es stock\u00e9es \u00e0 des fins administratives, l\u00e9gales ou pour des raisons de s\u00e9curit\u00e9.<\/p>\n\n\n\n<h2 class=\"wp-block-heading\">Bildnachweis<\/h2>\n\n\n\n<p><a rel=\"noreferrer noopener\" href=\"http:\/\/www.photo-vendee.com\" target=\"_blank\">www.photo-vendee.com<\/a> \u00a9Roland OZIEL Nachdruck und Ver\u00f6ffentlichung mit Genehmigung.<br>A.Lamoureux\/Vend\u00e9e Expansion\/ Jede Vervielf\u00e4ltigung oder Ver\u00f6ffentlichung ist untersagt.<br>Puy du Fou\/Vend\u00e9e Expansion\/ jegliche Reproduktion oder Ver\u00f6ffentlichung verboten<br>\u00a9simonbourcier.com. S.BOURCIER\/Vend\u00e9e Expansion-rechte vorbehalten &#8211; www.vendee-tourisme.com \/ jegliche Vervielf\u00e4ltigung oder Ver\u00f6ffentlichung verboten<br>Julien GAZEAU \/ Vend\u00e9e Expansion &#8211; Rechte vorbehalten &#8211; www.vendee-tourisme.com &#8211; jegliche Vervielf\u00e4ltigung oder Ver\u00f6ffentlichung ist untersagt.<br>Stephane GROSSIN<br><\/p>\n","protected":false},"excerpt":{"rendered":"<p>Rechtliche Hinweise Bildnachweis www.photo-vendee.com \u00a9Roland OZIEL Nachdruck und Ver\u00f6ffentlichung mit Genehmigung.A.Lamoureux\/Vend\u00e9e Expansion\/ Jede Vervielf\u00e4ltigung oder Ver\u00f6ffentlichung ist untersagt.Puy du Fou\/Vend\u00e9e Expansion\/ jegliche Reproduktion oder Ver\u00f6ffentlichung verboten\u00a9simonbourcier.com. S.BOURCIER\/Vend\u00e9e Expansion-rechte vorbehalten &#8211; www.vendee-tourisme.com \/ jegliche Vervielf\u00e4ltigung oder Ver\u00f6ffentlichung verbotenJulien GAZEAU \/ Vend\u00e9e Expansion &#8211; Rechte vorbehalten &#8211; www.vendee-tourisme.com &#8211; jegliche Vervielf\u00e4ltigung oder Ver\u00f6ffentlichung ist untersagt.Stephane GROSSIN<\/p>\n","protected":false},"author":1,"featured_media":0,"parent":0,"menu_order":0,"comment_status":"closed","ping_status":"closed","template":"","meta":{"_seopress_robots_primary_cat":"","_seopress_titles_title":"","_seopress_titles_desc":"","_seopress_robots_index":"","footnotes":""},"class_list":["post-2616","page","type-page","status-publish","hentry"],"_links":{"self":[{"href":"https:\/\/www.camping-leboisverdon.com\/de\/wp-json\/wp\/v2\/pages\/2616","targetHints":{"allow":["GET"]}}],"collection":[{"href":"https:\/\/www.camping-leboisverdon.com\/de\/wp-json\/wp\/v2\/pages"}],"about":[{"href":"https:\/\/www.camping-leboisverdon.com\/de\/wp-json\/wp\/v2\/types\/page"}],"author":[{"embeddable":true,"href":"https:\/\/www.camping-leboisverdon.com\/de\/wp-json\/wp\/v2\/users\/1"}],"replies":[{"embeddable":true,"href":"https:\/\/www.camping-leboisverdon.com\/de\/wp-json\/wp\/v2\/comments?post=2616"}],"version-history":[{"count":2,"href":"https:\/\/www.camping-leboisverdon.com\/de\/wp-json\/wp\/v2\/pages\/2616\/revisions"}],"predecessor-version":[{"id":6323,"href":"https:\/\/www.camping-leboisverdon.com\/de\/wp-json\/wp\/v2\/pages\/2616\/revisions\/6323"}],"wp:attachment":[{"href":"https:\/\/www.camping-leboisverdon.com\/de\/wp-json\/wp\/v2\/media?parent=2616"}],"curies":[{"name":"wp","href":"https:\/\/api.w.org\/{rel}","templated":true}]}}