{"id":2599,"date":"2023-01-05T12:01:05","date_gmt":"2023-01-05T11:01:05","guid":{"rendered":"https:\/\/www.camping-leboisverdon.com\/die-pluspunkte-des-campingplatzes\/"},"modified":"2023-02-22T16:26:11","modified_gmt":"2023-02-22T15:26:11","slug":"die-pluspunkte-des-campingplatzes","status":"publish","type":"page","link":"https:\/\/www.camping-leboisverdon.com\/de\/die-pluspunkte-des-campingplatzes\/","title":{"rendered":"Die Pluspunkte des Campingplatzes"},"content":{"rendered":"\n<h1 class=\"wp-block-heading\">Vorteile des Campingplatzes le Bois Verdon in Saint Jean de Monts<\/h1>\n\n<h2 class=\"wp-block-heading\">IDEALER ORT ZUM ENTSPANNEN UND ENTDECKEN DES PAYS DE MONTS<\/h2>\n\n<p>Le Bois Verdon ist ein gr\u00fcnes Schmuckk\u00e4stchen <strong>ohne Animationen<\/strong>, in der N\u00e4he des <strong>Meeres<\/strong>, des Waldes und des Golfplatzes in <a href=\"https:\/\/www.camping-leboisverdon.com\/de\/meerseite-inseln\/saint-jean-de-monts-entdecken\/\" data-type=\"page\" data-id=\"304\">Saint Jean de Monts<\/a>. Spazierg\u00e4nge, Besichtigungen, Farniente werden Ihren Tagen bei der Entdeckung unserer Gegend den Rhythmus geben.<\/p>\n\n<div style=\"height:30px\" aria-hidden=\"true\" class=\"wp-block-spacer\"><\/div>\n\n<div class=\"wp-block-media-text alignwide is-stacked-on-mobile\"><figure class=\"wp-block-media-text__media\"><img loading=\"lazy\" decoding=\"async\" width=\"1024\" height=\"768\" src=\"https:\/\/www.camping-leboisverdon.com\/wp-content\/uploads\/2023\/01\/20200806_222453-1024x768.jpg\" alt=\"Wasserbereich des Campingplatzes\" class=\"wp-image-115 size-full\" srcset=\"https:\/\/www.camping-leboisverdon.com\/wp-content\/uploads\/2023\/01\/20200806_222453-1024x768.jpg 1024w, https:\/\/www.camping-leboisverdon.com\/wp-content\/uploads\/2023\/01\/20200806_222453-300x225.jpg 300w, https:\/\/www.camping-leboisverdon.com\/wp-content\/uploads\/2023\/01\/20200806_222453-768x576.jpg 768w, https:\/\/www.camping-leboisverdon.com\/wp-content\/uploads\/2023\/01\/20200806_222453.jpg 1200w\" sizes=\"auto, (max-width: 1024px) 100vw, 1024px\" \/><\/figure><div class=\"wp-block-media-text__content\">\n<h2 class=\"wp-block-heading\"><strong>Hallenbad in Saint Jean de Monts  <\/strong><\/h2>\n\n\n\n<p>Seitlich zu \u00f6ffnender, <strong>auf 28 \u00b0C beheizter<\/strong> <a href=\"https:\/\/www.camping-leboisverdon.com\/espace-aquatique\/\" data-type=\"page\" data-id=\"68\">Swimmingpool<\/a> mit <strong>Entspannungs- und Aqualandschaft<\/strong><br\/>Der 4* Campingplatz Le Bois Verdon ist von Mai bis September ge\u00f6ffnet. Genie\u00dfen Sie zu jeder Jahreszeit Badefreuden, ohne sich um das Wetter sorgen zu m\u00fcssen.<\/p>\n\n\n\n<p>W\u00e4hrend sich die Kinder <strong>im Wasserbereich<\/strong> vergn\u00fcgen, entspannen Sie sich auf den <strong>Sitzb\u00e4nken und Massaged\u00fcsen<\/strong> und relaxen Sie im Sprudelbad. Nutzen Sie unser <strong>Solarium<\/strong> f\u00fcr einen k\u00f6stlichen Moment des Faulenzens.<\/p>\n<\/div><\/div>\n\n<div style=\"height:30px\" aria-hidden=\"true\" class=\"wp-block-spacer\"><\/div>\n\n<figure class=\"wp-block-image aligncenter size-full is-resized\"><img loading=\"lazy\" decoding=\"async\" src=\"https:\/\/www.camping-leboisverdon.com\/wp-content\/uploads\/2023\/01\/trait.png\" alt=\"\" class=\"wp-image-407\" width=\"140\" height=\"38\" srcset=\"https:\/\/www.camping-leboisverdon.com\/wp-content\/uploads\/2023\/01\/trait.png 559w, https:\/\/www.camping-leboisverdon.com\/wp-content\/uploads\/2023\/01\/trait-300x81.png 300w\" sizes=\"auto, (max-width: 140px) 100vw, 140px\" \/><\/figure>\n<div class=\"wp-block-media-text alignwide has-media-on-the-right is-stacked-on-mobile\"><div class=\"wp-block-media-text__content\">\n<h2 class=\"wp-block-heading\"><strong>Ohne Animationen<\/strong><\/h2>\n\n\n\n<p><strong>Ruhe und Geselligkeit<\/strong> in einer privilegierten Umgebung in St Jean de Monts.<br\/>Kleiner, charmanter Campingplatz mit 59 Stellpl\u00e4tzen in<strong> Saint Jean de Monts<\/strong>, wo Ruhe und Frieden die Schl\u00fcsselw\u00f6rter Ihres Urlaubs sein werden.  <\/p>\n\n\n\n<p>Profitieren Sie von unseren neuen, <strong>hochwertigen<\/strong> und umweltfreundlich gestalteten Mobilheimen, die alle mit einer halb\u00fcberdachten Holzterrasse in einer sch\u00f6nen Landschaftsanlage ausgestattet sind.  <\/p>\n\n\n\n<p>F\u00fcr Ihren Komfort, <strong>ger\u00e4umige<\/strong> und abgegrenzte <strong>Stellpl\u00e4tze<\/strong> in einer gesch\u00fctzten, naturnahen Umgebung, die zum Entspannen und Erholen einl\u00e4dt.<\/p>\n<\/div><figure class=\"wp-block-media-text__media\"><img loading=\"lazy\" decoding=\"async\" width=\"1024\" height=\"768\" src=\"https:\/\/www.camping-leboisverdon.com\/wp-content\/uploads\/2023\/01\/DSC03624-1024x768.jpg\" alt=\"baumbestandener Campingplatz in der Vend\u00e9e\" class=\"wp-image-120 size-full\" srcset=\"https:\/\/www.camping-leboisverdon.com\/wp-content\/uploads\/2023\/01\/DSC03624-1024x768.jpg 1024w, https:\/\/www.camping-leboisverdon.com\/wp-content\/uploads\/2023\/01\/DSC03624-300x225.jpg 300w, https:\/\/www.camping-leboisverdon.com\/wp-content\/uploads\/2023\/01\/DSC03624-768x576.jpg 768w, https:\/\/www.camping-leboisverdon.com\/wp-content\/uploads\/2023\/01\/DSC03624.jpg 1200w\" sizes=\"auto, (max-width: 1024px) 100vw, 1024px\" \/><\/figure><\/div>\n\n<div style=\"height:30px\" aria-hidden=\"true\" class=\"wp-block-spacer\"><\/div>\n\n<figure class=\"wp-block-image aligncenter size-full is-resized\"><img loading=\"lazy\" decoding=\"async\" src=\"https:\/\/www.camping-leboisverdon.com\/wp-content\/uploads\/2023\/01\/trait.png\" alt=\"\" class=\"wp-image-407\" width=\"140\" height=\"38\" srcset=\"https:\/\/www.camping-leboisverdon.com\/wp-content\/uploads\/2023\/01\/trait.png 559w, https:\/\/www.camping-leboisverdon.com\/wp-content\/uploads\/2023\/01\/trait-300x81.png 300w\" sizes=\"auto, (max-width: 140px) 100vw, 140px\" \/><\/figure>\n<div class=\"wp-block-media-text alignwide is-stacked-on-mobile\"><figure class=\"wp-block-media-text__media\"><img loading=\"lazy\" decoding=\"async\" width=\"1024\" height=\"683\" src=\"https:\/\/www.camping-leboisverdon.com\/wp-content\/uploads\/2023\/01\/pistes-cyclables-velo-saintjeandemonts-IMG_4208-1-1024x683.jpg\" alt=\"camping au coeur de la nature saint jean de monts\" class=\"wp-image-989 size-full\" srcset=\"https:\/\/www.camping-leboisverdon.com\/wp-content\/uploads\/2023\/01\/pistes-cyclables-velo-saintjeandemonts-IMG_4208-1-1024x683.jpg 1024w, https:\/\/www.camping-leboisverdon.com\/wp-content\/uploads\/2023\/01\/pistes-cyclables-velo-saintjeandemonts-IMG_4208-1-300x200.jpg 300w, https:\/\/www.camping-leboisverdon.com\/wp-content\/uploads\/2023\/01\/pistes-cyclables-velo-saintjeandemonts-IMG_4208-1-768x512.jpg 768w, https:\/\/www.camping-leboisverdon.com\/wp-content\/uploads\/2023\/01\/pistes-cyclables-velo-saintjeandemonts-IMG_4208-1.jpg 1200w\" sizes=\"auto, (max-width: 1024px) 100vw, 1024px\" \/><\/figure><div class=\"wp-block-media-text__content\">\n<h2 class=\"wp-block-heading\"><strong>Radwege vor den Toren des Campingplatzes<\/strong><\/h2>\n\n\n\n<p>Genie\u00dfen Sie in aller Sicherheit die Natur und die Landschaften: Fahren Sie allein, mit der Familie oder mit Freunden mit dem Fahrrad und folgen Sie den zahlreichen Radwegen entlang des Pinienwaldes von Saint Jean de Monts und der Strandpromenade.<\/p>\n<\/div><\/div>\n\n<div style=\"height:30px\" aria-hidden=\"true\" class=\"wp-block-spacer\"><\/div>\n\n<figure class=\"wp-block-image aligncenter size-full is-resized\"><img loading=\"lazy\" decoding=\"async\" src=\"https:\/\/www.camping-leboisverdon.com\/wp-content\/uploads\/2023\/01\/trait.png\" alt=\"\" class=\"wp-image-407\" width=\"140\" height=\"38\" srcset=\"https:\/\/www.camping-leboisverdon.com\/wp-content\/uploads\/2023\/01\/trait.png 559w, https:\/\/www.camping-leboisverdon.com\/wp-content\/uploads\/2023\/01\/trait-300x81.png 300w\" sizes=\"auto, (max-width: 140px) 100vw, 140px\" \/><\/figure>\n<div class=\"wp-block-media-text alignwide has-media-on-the-right is-stacked-on-mobile\"><div class=\"wp-block-media-text__content\">\n<h2 class=\"wp-block-heading\"><strong>N\u00e4he zu Strand und Wald<\/strong><\/h2>\n\n\n\n<p>Der Campingplatz liegt <strong>gegen\u00fcber dem Pinienwald<\/strong> von Saint Jean de Monts, einer sehr angenehmen Umgebung, die Ihnen schon bei Ihrer Ankunft einen wahren Hauch von reiner, jodhaltiger Luft und ein echtes Urlaubsparfum beschert.<\/p>\n\n\n\n<p>Nach nur 900 m Fu\u00dfweg erreichen Sie den <strong>herrlichen Sandstrand<\/strong> von Saint Jean de Monts, ein riesiges, grandioses Naturgebiet, das sanft abf\u00e4llt und keine Str\u00f6mung hat. Ein bewachter und sehr sicherer Strand f\u00fcr Familien mit Kleinkindern.<\/p>\n<\/div><figure class=\"wp-block-media-text__media\"><img loading=\"lazy\" decoding=\"async\" width=\"990\" height=\"660\" src=\"https:\/\/www.camping-leboisverdon.com\/wp-content\/uploads\/2023\/01\/saint-jean-de-monts-plage-et-foret-DSC_2862.jpg\" alt=\"strand von saint jean de Monts in der n\u00e4he des campingplatzes\" class=\"wp-image-124 size-full\" srcset=\"https:\/\/www.camping-leboisverdon.com\/wp-content\/uploads\/2023\/01\/saint-jean-de-monts-plage-et-foret-DSC_2862.jpg 990w, https:\/\/www.camping-leboisverdon.com\/wp-content\/uploads\/2023\/01\/saint-jean-de-monts-plage-et-foret-DSC_2862-300x200.jpg 300w, https:\/\/www.camping-leboisverdon.com\/wp-content\/uploads\/2023\/01\/saint-jean-de-monts-plage-et-foret-DSC_2862-768x512.jpg 768w\" sizes=\"auto, (max-width: 990px) 100vw, 990px\" \/><\/figure><\/div>\n\n<div style=\"height:30px\" aria-hidden=\"true\" class=\"wp-block-spacer\"><\/div>\n\n<figure class=\"wp-block-image aligncenter size-full is-resized\"><img loading=\"lazy\" decoding=\"async\" src=\"https:\/\/www.camping-leboisverdon.com\/wp-content\/uploads\/2023\/01\/trait.png\" alt=\"\" class=\"wp-image-407\" width=\"140\" height=\"38\" srcset=\"https:\/\/www.camping-leboisverdon.com\/wp-content\/uploads\/2023\/01\/trait.png 559w, https:\/\/www.camping-leboisverdon.com\/wp-content\/uploads\/2023\/01\/trait-300x81.png 300w\" sizes=\"auto, (max-width: 140px) 100vw, 140px\" \/><\/figure>\n<div class=\"wp-block-media-text alignwide is-stacked-on-mobile is-image-fill\"><figure class=\"wp-block-media-text__media\" style=\"background-image:url(https:\/\/www.camping-leboisverdon.com\/wp-content\/uploads\/2023\/01\/saint-jean-de-monts-P1010052-2-1024x768.jpg);background-position:41% 50%\"><img loading=\"lazy\" decoding=\"async\" width=\"1024\" height=\"768\" src=\"https:\/\/www.camping-leboisverdon.com\/wp-content\/uploads\/2023\/01\/saint-jean-de-monts-P1010052-2-1024x768.jpg\" alt=\"stadtzentrum von saint jean de Monts in der n\u00e4he des campingplatzes\" class=\"wp-image-128 size-full\" srcset=\"https:\/\/www.camping-leboisverdon.com\/wp-content\/uploads\/2023\/01\/saint-jean-de-monts-P1010052-2-1024x768.jpg 1024w, https:\/\/www.camping-leboisverdon.com\/wp-content\/uploads\/2023\/01\/saint-jean-de-monts-P1010052-2-300x225.jpg 300w, https:\/\/www.camping-leboisverdon.com\/wp-content\/uploads\/2023\/01\/saint-jean-de-monts-P1010052-2-768x576.jpg 768w, https:\/\/www.camping-leboisverdon.com\/wp-content\/uploads\/2023\/01\/saint-jean-de-monts-P1010052-2.jpg 1190w\" sizes=\"auto, (max-width: 1024px) 100vw, 1024px\" \/><\/figure><div class=\"wp-block-media-text__content\">\n<h2 class=\"wp-block-heading\"><strong>N\u00e4he zum Stadtzentrum, zu M\u00e4rkten und zur Fu\u00dfg\u00e4ngerzone<\/strong><\/h2>\n\n\n\n<p>Der Campingplatz ist<strong> einer der n\u00e4chstgelegenen zum Stadtzentrum von Saint Jean de Monts <\/strong>, wo Sie eine Vielzahl von <strong>Gesch\u00e4ften<\/strong> sowie die <strong>t\u00e4glichen lokalen M\u00e4rkte<\/strong> finden, auf denen Sie die verschiedenen Produkte der Region Vend\u00e9e entdecken und kaufen k\u00f6nnen.<\/p>\n\n\n\n<p><strong>\u00dcberdachte M\u00e4rkte Place Jean Yole :<\/strong><br\/>&#8211; Das ganze Jahr \u00fcber mittwochs und samstags vormittags.<br\/>&#8211; T\u00e4glich: Fr\u00fchling\/Sommer (Anfang April bis Ende September), Allerheiligen- und Weihnachtsferien\/Silvester.<\/p>\n\n\n\n<p><strong>Markthalle am Strand in der Avenue des Demoiselles:<br\/><\/strong>&#8211; Jeden Morgen von Anfang Juli bis Ende August<\/p>\n\n\n\n<p>Nur 2 km entfernt k\u00f6nnen Sie ab den ersten sch\u00f6nen Tagen im April die Fu\u00dfg\u00e4ngerzone von St Jean de Monts entlang schlendern, die mit ihren zahlreichen Gesch\u00e4ften, Caf\u00e9s, Restaurants und der Atmosph\u00e4re eines Jahrmarkts im Hochsommer eine sehr belebte Stra\u00dfe des Ortes ist. Immer lebhaft, schl\u00e4ft sie erst ganz am Ende der Saison im Oktober ein.<\/p>\n<\/div><\/div>\n","protected":false},"excerpt":{"rendered":"<p>Vorteile des Campingplatzes le Bois Verdon in Saint Jean de Monts IDEALER ORT ZUM ENTSPANNEN UND ENTDECKEN DES PAYS DE MONTS Le Bois Verdon ist ein gr\u00fcnes Schmuckk\u00e4stchen ohne Animationen, in der N\u00e4he des Meeres, des Waldes und des Golfplatzes in Saint Jean de Monts. Spazierg\u00e4nge, Besichtigungen, Farniente werden Ihren Tagen bei der Entdeckung unserer [&hellip;]<\/p>\n","protected":false},"author":1,"featured_media":0,"parent":0,"menu_order":0,"comment_status":"closed","ping_status":"closed","template":"","meta":{"_seopress_robots_primary_cat":"","_seopress_titles_title":"Entdecken Sie die Pluspunkte des 4-Sterne-Campingplatzes in Saint Jean de Monts","_seopress_titles_desc":"Der Campingplatz le Bois Verdon ist ein guter Campingplatz in Saint Jean de Monts mit beheiztem Hallenbad ruhig Fahrradwege direkten Zugang zum Strand N\u00e4he der Stadt.","_seopress_robots_index":"","footnotes":""},"class_list":["post-2599","page","type-page","status-publish","hentry"],"_links":{"self":[{"href":"https:\/\/www.camping-leboisverdon.com\/de\/wp-json\/wp\/v2\/pages\/2599","targetHints":{"allow":["GET"]}}],"collection":[{"href":"https:\/\/www.camping-leboisverdon.com\/de\/wp-json\/wp\/v2\/pages"}],"about":[{"href":"https:\/\/www.camping-leboisverdon.com\/de\/wp-json\/wp\/v2\/types\/page"}],"author":[{"embeddable":true,"href":"https:\/\/www.camping-leboisverdon.com\/de\/wp-json\/wp\/v2\/users\/1"}],"replies":[{"embeddable":true,"href":"https:\/\/www.camping-leboisverdon.com\/de\/wp-json\/wp\/v2\/comments?post=2599"}],"version-history":[{"count":1,"href":"https:\/\/www.camping-leboisverdon.com\/de\/wp-json\/wp\/v2\/pages\/2599\/revisions"}],"predecessor-version":[{"id":2605,"href":"https:\/\/www.camping-leboisverdon.com\/de\/wp-json\/wp\/v2\/pages\/2599\/revisions\/2605"}],"wp:attachment":[{"href":"https:\/\/www.camping-leboisverdon.com\/de\/wp-json\/wp\/v2\/media?parent=2599"}],"curies":[{"name":"wp","href":"https:\/\/api.w.org\/{rel}","templated":true}]}}