{"id":2582,"date":"2023-01-05T12:25:37","date_gmt":"2023-01-05T11:25:37","guid":{"rendered":"https:\/\/www.camping-leboisverdon.com\/kundenmeinungen\/"},"modified":"2023-02-22T16:26:09","modified_gmt":"2023-02-22T15:26:09","slug":"kundenmeinungen","status":"publish","type":"page","link":"https:\/\/www.camping-leboisverdon.com\/de\/kundenmeinungen\/","title":{"rendered":"Kundenmeinungen"},"content":{"rendered":"\n<h1 class=\"wp-block-heading\">Kundenmeinungen<\/h1>\n\n<h2 class=\"wp-block-heading\">SEINE MEINUNG SAGEN: WARUM IST DAS WICHTIG?<\/h2>\n\n<p>Sie m\u00f6chten wissen, wie die Urlauber auf dem Campingplatz ihren Aufenthalt empfunden haben. Z\u00f6gern Sie nicht, sich unsere Kundenbewertungen anzusehen. Sie werden kein Geheimnis f\u00fcr Sie haben: Landschaftsgestaltung, Ruhig, ohne Animation, Sauberkeit der Umgebung, Moderne und komfortable Unterk\u00fcnfte, sch\u00f6ner Pool&#8230;.<br\/>Niemand ist besser geeignet als unsere Urlauber, um die Qualit\u00e4t unserer Einrichtung zu bezeugen und zu beurteilen!<\/p>\n\n<div style=\"height:30px\" aria-hidden=\"true\" class=\"wp-block-spacer\"><\/div>\n\n<div class=\"wp-block-media-text alignwide is-stacked-on-mobile is-image-fill\" style=\"grid-template-columns:40% auto\"><figure class=\"wp-block-media-text__media\" style=\"background-image:url(https:\/\/www.camping-leboisverdon.com\/wp-content\/uploads\/2023\/01\/20210901_092330-1-1024x640.jpg);background-position:29% 46%\"><img loading=\"lazy\" decoding=\"async\" width=\"1024\" height=\"640\" src=\"https:\/\/www.camping-leboisverdon.com\/wp-content\/uploads\/2023\/01\/20210901_092330-1-1024x640.jpg\" alt=\"\" class=\"wp-image-148 size-full\" srcset=\"https:\/\/www.camping-leboisverdon.com\/wp-content\/uploads\/2023\/01\/20210901_092330-1-1024x640.jpg 1024w, https:\/\/www.camping-leboisverdon.com\/wp-content\/uploads\/2023\/01\/20210901_092330-1-300x188.jpg 300w, https:\/\/www.camping-leboisverdon.com\/wp-content\/uploads\/2023\/01\/20210901_092330-1-768x480.jpg 768w, https:\/\/www.camping-leboisverdon.com\/wp-content\/uploads\/2023\/01\/20210901_092330-1-1536x960.jpg 1536w, https:\/\/www.camping-leboisverdon.com\/wp-content\/uploads\/2023\/01\/20210901_092330-1.jpg 1920w\" sizes=\"auto, (max-width: 1024px) 100vw, 1024px\" \/><\/figure><div class=\"wp-block-media-text__content\">\n<div class=\"wp-block-group is-content-justification-center is-layout-constrained wp-block-group-is-layout-constrained\">\n<div id=\"TA_selfserveprop884\" class=\"TA_selfserveprop\">\n<ul id=\"s9dLsyqsdS\" class=\"TA_links dniK5WXq\"><li id=\"m6pDhrgF\" class=\"HnFxZb5LfD98\"><a href=\"https:\/\/www.tripadvisor.fr\/Hotel_Review-g196656-d9459965-Reviews-Camping_Le_Bois_Verdon-Saint_Jean_de_Monts_Vendee_Pays_de_la_Loire.html\" target=\"_blank\" rel=\"noopener noreferrer\"><img decoding=\"async\" src=\"https:\/\/www.tripadvisor.fr\/img\/cdsi\/img2\/branding\/v2\/Tripadvisor_lockup_horizontal_secondary_registered-11900-2.svg\" alt=\"TripAdvisor\"\/><\/a><\/li>\n<\/ul><\/div>\n<script async=\"\" src=\"https:\/\/www.jscache.com\/wejs?wtype=selfserveprop&#038;uniq=884&#038;locationId=9459965&#038;lang=fr&#038;rating=true&#038;nreviews=4&#038;writereviewlink=false&#038;popIdx=true&#038;iswide=true&#038;border=false&#038;display_version=2\" data-loadtrk=\"\" onload=\"this.loadtrk=true\"><\/script>\n\n\n<hr class=\"wp-block-separator has-text-color has-cyan-color has-alpha-channel-opacity has-cyan-background-color has-background is-style-dots\"\/>\n\n\n\n<figure class=\"wp-block-image aligncenter size-large is-resized\"><a href=\"https:\/\/www.google.com\/search?q=camping+bois+verdon&amp;rlz=1C1CHBF_frFR736FR736&amp;oq=camping+bois+verdon+&amp;aqs=chrome.0.69i59j0l3j0i22i30j69i60l3.4630j1j7&amp;sourceid=chrome&amp;ie=UTF-8#lrd=0x4804fd7b9707ab11:0x379dc87cbe355bb6,1,,,\" target=\"_blank\" rel=\"noreferrer noopener\"><img loading=\"lazy\" decoding=\"async\" src=\"https:\/\/www.camping-leboisverdon.com\/wp-content\/uploads\/2023\/01\/gmbstars-1024x565.png\" alt=\"\" class=\"wp-image-152\" width=\"200\" height=\"141\"\/><\/a><\/figure>\n\n\n<p class=\"has-text-align-center\"><a href=\"https:\/\/www.google.com\/search?q=camping+bois+verdon&amp;rlz=1C1CHBF_frFR736FR736&amp;oq=camping+bois+verdon+&amp;aqs=chrome.0.69i59j0l3j0i22i30j69i60l3.4630j1j7&amp;sourceid=chrome&amp;ie=UTF-8#lrd=0x4804fd7b9707ab11:0x379dc87cbe355bb6,1,,,\" target=\"_blank\" rel=\"noreferrer noopener\">Google-Berichte<\/a><\/p>\n\n\n\n<hr class=\"wp-block-separator has-text-color has-cyan-color has-alpha-channel-opacity has-cyan-background-color has-background is-style-dots\"\/>\n<\/div>\n<\/div><\/div>\n\n<div style=\"height:30px\" aria-hidden=\"true\" class=\"wp-block-spacer\"><\/div>\n\n<figure class=\"wp-block-image aligncenter size-full is-resized\"><img loading=\"lazy\" decoding=\"async\" src=\"https:\/\/www.camping-leboisverdon.com\/wp-content\/uploads\/2023\/01\/trait.png\" alt=\"\" class=\"wp-image-407\" width=\"140\" height=\"38\" srcset=\"https:\/\/www.camping-leboisverdon.com\/wp-content\/uploads\/2023\/01\/trait.png 559w, https:\/\/www.camping-leboisverdon.com\/wp-content\/uploads\/2023\/01\/trait-300x81.png 300w\" sizes=\"auto, (max-width: 140px) 100vw, 140px\" \/><\/figure>\n<h2 class=\"has-text-align-center wp-block-heading\"><strong>Lesen Sie die Meinungen \u00fcber Ctoutvert  <\/strong><\/h2>\n<p><ctv-reviews-list><\/ctv-reviews-list><\/p>\n","protected":false},"excerpt":{"rendered":"<p>Kundenmeinungen SEINE MEINUNG SAGEN: WARUM IST DAS WICHTIG? Sie m\u00f6chten wissen, wie die Urlauber auf dem Campingplatz ihren Aufenthalt empfunden haben. Z\u00f6gern Sie nicht, sich unsere Kundenbewertungen anzusehen. Sie werden kein Geheimnis f\u00fcr Sie haben: Landschaftsgestaltung, Ruhig, ohne Animation, Sauberkeit der Umgebung, Moderne und komfortable Unterk\u00fcnfte, sch\u00f6ner Pool&#8230;.Niemand ist besser geeignet als unsere Urlauber, um [&hellip;]<\/p>\n","protected":false},"author":1,"featured_media":0,"parent":0,"menu_order":0,"comment_status":"closed","ping_status":"closed","template":"","meta":{"_seopress_robots_primary_cat":"","_seopress_titles_title":"Kundenmeinungen - Camping Saint Jean de Monts - Le Bois Verdon","_seopress_titles_desc":"Lesen Sie die Bewertungen, die von Reisenden des 4-Sterne-Campingplatzes in Saint Jean de Monts hinterlassen wurden.","_seopress_robots_index":"","footnotes":""},"class_list":["post-2582","page","type-page","status-publish","hentry"],"_links":{"self":[{"href":"https:\/\/www.camping-leboisverdon.com\/de\/wp-json\/wp\/v2\/pages\/2582","targetHints":{"allow":["GET"]}}],"collection":[{"href":"https:\/\/www.camping-leboisverdon.com\/de\/wp-json\/wp\/v2\/pages"}],"about":[{"href":"https:\/\/www.camping-leboisverdon.com\/de\/wp-json\/wp\/v2\/types\/page"}],"author":[{"embeddable":true,"href":"https:\/\/www.camping-leboisverdon.com\/de\/wp-json\/wp\/v2\/users\/1"}],"replies":[{"embeddable":true,"href":"https:\/\/www.camping-leboisverdon.com\/de\/wp-json\/wp\/v2\/comments?post=2582"}],"version-history":[{"count":1,"href":"https:\/\/www.camping-leboisverdon.com\/de\/wp-json\/wp\/v2\/pages\/2582\/revisions"}],"predecessor-version":[{"id":2586,"href":"https:\/\/www.camping-leboisverdon.com\/de\/wp-json\/wp\/v2\/pages\/2582\/revisions\/2586"}],"wp:attachment":[{"href":"https:\/\/www.camping-leboisverdon.com\/de\/wp-json\/wp\/v2\/media?parent=2582"}],"curies":[{"name":"wp","href":"https:\/\/api.w.org\/{rel}","templated":true}]}}