{"id":2445,"date":"2023-01-06T10:22:14","date_gmt":"2023-01-06T09:22:14","guid":{"rendered":"https:\/\/www.camping-leboisverdon.com\/meerseite-inseln\/saint-hilaire-de-riez\/"},"modified":"2023-02-22T16:25:54","modified_gmt":"2023-02-22T15:25:54","slug":"saint-hilaire-de-riez","status":"publish","type":"page","link":"https:\/\/www.camping-leboisverdon.com\/de\/meerseite-inseln\/saint-hilaire-de-riez\/","title":{"rendered":"Saint Hilaire de Riez"},"content":{"rendered":"\n<h1 class=\"wp-block-heading\">Saint Hilaire de Riez<\/h1>\n\n<h2 class=\"wp-block-heading\"><strong>Camping in der N\u00e4he von Saint-Hilaire-de-Riez<\/strong><\/h2>\n\n<p>Nur 20 Minuten vom Campingplatz Le Bois Verdon in Saint Jean de Monts entfernt liegt der h\u00fcbsche Badeort Saint-Hilaire-de-Riez in der Vend\u00e9e mit seinen 13 km langen Sand- und Felsk\u00fcsten. Sie werden von der Vielfalt der Landschaften \u00fcberrascht sein: ein wundersch\u00f6ner Pinienwald, sch\u00f6ne Sandstr\u00e4nde, eine felsige K\u00fcste und Salzg\u00e4rten.<\/p>\n\n<h2 class=\"wp-block-heading\"><strong>Die Corniche Vend\u00e9enne in Saint-Hilaire-de-Riez \/ Sion-sur-l&#8217;Oc\u00e9an, in der N\u00e4he des Campingplatzes Le Bois Verdon<\/strong><\/h2>\n\n<p>Bei einem Spaziergang entlang der Corniche Vend\u00e9enne in Saint-Hilaire-de-Riez (einer Ansammlung von Felsen) k\u00f6nnen Sie <strong>Les Cinq Pineaux<\/strong> entdecken, dabei die frische Jodluft einatmen und die Sch\u00f6nheit dieser Felsk\u00fcste mit ihren <strong>kleinen Buchten<\/strong> bewundern, die sich \u00fcber eine L\u00e4nge von 3 km erstreckt.<\/p>\n\n<p><strong>Die Cinq Pineaux<\/strong> symbolisieren die alte \u00cele de R\u00e9, die nach Jahrtausenden des Kampfes immer noch den Angriffen des Ozeans und der Erosion standh\u00e4lt. Diese Felsen hatten mehrere Namen, darunter Pierres aux moines (M\u00f6nchsfelsen) oder Cinq moines (F\u00fcnf M\u00f6nche). Sie eignen sich als Rastplatz f\u00fcr Seev\u00f6gel, insbesondere f\u00fcr den Kormoran, der seine Fl\u00fcgel nach dem Fischfang zum Trocknen ausbreitet.<\/p>\n\n<p>Jahrhunderts wurden die Viertel Sion und Pineau zu Urlaubsorten f\u00fcr Badeg\u00e4ste. Die Villen oder Chalets, die auf alten Werbeplakaten in Szene gesetzt wurden, zeugen von dieser Begeisterung. Nicht zu vergessen ist das st\u00e4dtische Wasserbecken, das 1950 gebaut wurde, um das Meerwasser bei Ebbe zur\u00fcckzuhalten. Er wurde vom Strandclub des Bademeisters Bouvier genutzt, der von 1950 bis 1988 ge\u00f6ffnet war und in dem viele Kinder aus Hilairo und Urlauber das Schwimmen lernten.<\/p>\n\n<div style=\"height:30px\" aria-hidden=\"true\" class=\"wp-block-spacer\"><\/div>\n\n<div class=\"wp-block-media-text alignwide is-stacked-on-mobile is-vertically-aligned-center is-image-fill\"><figure class=\"wp-block-media-text__media\" style=\"background-image:url(https:\/\/www.camping-leboisverdon.com\/wp-content\/uploads\/2023\/01\/saint-hilaire-de-riez-IMG_3763-1024x683.jpg);background-position:50% 50%\"><img loading=\"lazy\" decoding=\"async\" width=\"1024\" height=\"683\" src=\"https:\/\/www.camping-leboisverdon.com\/wp-content\/uploads\/2023\/01\/saint-hilaire-de-riez-IMG_3763-1024x683.jpg\" alt=\"camping nahe am strand saint hilaire de riez\" class=\"wp-image-1239 size-full\" srcset=\"https:\/\/www.camping-leboisverdon.com\/wp-content\/uploads\/2023\/01\/saint-hilaire-de-riez-IMG_3763-1024x683.jpg 1024w, https:\/\/www.camping-leboisverdon.com\/wp-content\/uploads\/2023\/01\/saint-hilaire-de-riez-IMG_3763-300x200.jpg 300w, https:\/\/www.camping-leboisverdon.com\/wp-content\/uploads\/2023\/01\/saint-hilaire-de-riez-IMG_3763-768x512.jpg 768w, https:\/\/www.camping-leboisverdon.com\/wp-content\/uploads\/2023\/01\/saint-hilaire-de-riez-IMG_3763.jpg 1200w\" sizes=\"auto, (max-width: 1024px) 100vw, 1024px\" \/><\/figure><div class=\"wp-block-media-text__content\">\n<div class=\"wp-block-group has-border-color has-cyan-border-color is-layout-constrained wp-container-core-group-is-layout-301020a0 wp-block-group-is-layout-constrained\" style=\"border-width:3px;padding-top:var(--wp--preset--spacing--50);padding-right:var(--wp--preset--spacing--50);padding-bottom:var(--wp--preset--spacing--50);padding-left:var(--wp--preset--spacing--50)\">\n<h2 class=\"wp-block-heading\">Die Str\u00e4nde<\/h2>\n\n\n\n<p>Die Str\u00e4nde von Saint-Hilaire-de Riez sind zahlreich und man kann einige davon nennen:<\/p>\n\n\n\n<ul class=\"wp-block-list\">\n<li><strong>der Strand der Demoiselles<\/strong>, neben der Wassersportbasis von Saint-Hilaire-de Riez, wo Ihnen verschiedene Aktivit\u00e4ten angeboten werden: Strandsegeln, Windsurfen, Seekajak, Stand up paddle, Strandspiele (Beachvolleyball, M\u00f6lkky, &#8230;),<\/li>\n<\/ul>\n\n\n\n<ul class=\"wp-block-list\">\n<li><strong>den<\/strong> wilden, hinter den D\u00fcnen versteckten <strong>Strand der 60 Bornes<\/strong>,<\/li>\n<\/ul>\n\n\n\n<ul class=\"wp-block-list\">\n<li><strong>der Strand Les Mouettes<\/strong>, der f\u00fcr Menschen mit eingeschr\u00e4nkter Mobilit\u00e4t zug\u00e4nglich ist,<\/li>\n<\/ul>\n\n\n\n<ul class=\"wp-block-list\">\n<li><strong>der gro\u00dfe Strand von Sion<\/strong>, der in der Hochsaison \u00fcberwacht wird, mit seiner Wassersportbasis,<\/li>\n<\/ul>\n\n\n\n<ul class=\"wp-block-list\">\n<li><strong>der Strand von Cinq Pineaux<\/strong>, eine angenehme kleine Bucht an der Corniche Vend\u00e9enne in Saint Hilaire de Riez (Naturschutzgebiet).<\/li>\n<\/ul>\n<\/div>\n\n\n\n<p><\/p>\n<\/div><\/div>\n\n<div style=\"height:30px\" aria-hidden=\"true\" class=\"wp-block-spacer\"><\/div>\n\n<div class=\"wp-block-media-text alignwide has-media-on-the-right is-stacked-on-mobile is-vertically-aligned-center is-image-fill\"><div class=\"wp-block-media-text__content\">\n<h2 class=\"wp-block-heading\"><strong>Die Legende von Cinq Pineaux in Saint Hilaire de Riez<\/strong><\/h2>\n\n\n\n<p>Um die <strong>Cinq Pineaux<\/strong> ranken sich zwei Legenden, die von der Ankunft dieser isolierten F\u00fcnf Felsen im Ozean erz\u00e4hlen.<\/p>\n\n\n\n<p>In der N\u00e4he von Notre Dame de Monts, gegen\u00fcber dem felsigen Ort namens Pont d&#8217;Yeu, lebte im Bois Martin ein Einsiedler namens Martin, der den Weg zur Ile d&#8217;Yeu suchte, um die frohe Botschaft des Evangeliums zu verk\u00fcnden. Als er kein Boot fand, schlug Satan ihm daraufhin einen Handel vor: Er sollte vor dem Morgen, wenn der Hahn kr\u00e4ht, eine Br\u00fccke bauen, die das Festland mit der Insel verbindet, wenn er daf\u00fcr die Seele der ersten Person \u00fcbergibt, die \u00fcber die Br\u00fccke geht. Er machte sich an die Arbeit und mobilisierte Kobolde, Kobolde und Hexen. Da ihm das Unternehmen nicht schnell genug ging, hielt Satan es f\u00fcr angebracht, den Hahn betrunken zu machen, um sein Erwachen zu verz\u00f6gern. Der v\u00f6llig verwirrte Hahn, der durch den Wein angeregt wurde, begann mitten in der Nacht zu kr\u00e4hen. Dann war es ein gro\u00dfes Debakel. Alle rannten schreiend davon und lie\u00dfen hier und da die mitgef\u00fchrten Steine fallen, darunter auch die F\u00fcnf Pineaux.<\/p>\n\n\n\n<p>Der zweiten Legende zufolge wurde der Teufel aufgrund des gro\u00dfen Krachens, das man bei gro\u00dfen St\u00fcrmen an dem Ort, der &#8222;Teufelsloch&#8220; genannt wird, h\u00f6rt, in den Felsvorsprung eingesperrt. F\u00fcnf M\u00f6nche, die zu den F\u00fcnf Pineaux wurden, sollen versteinert worden sein, um den Teufel zu beobachten.<\/p>\n\n\n\n<p><\/p>\n<\/div><figure class=\"wp-block-media-text__media\" style=\"background-image:url(https:\/\/www.camping-leboisverdon.com\/wp-content\/uploads\/2023\/01\/les-5-pineaux-IMG_6591-1024x683.jpg);background-position:50% 50%\"><img loading=\"lazy\" decoding=\"async\" width=\"1024\" height=\"683\" src=\"https:\/\/www.camping-leboisverdon.com\/wp-content\/uploads\/2023\/01\/les-5-pineaux-IMG_6591-1024x683.jpg\" alt=\"camping nahe am strand saint hilaire de riez\" class=\"wp-image-1235 size-full\" srcset=\"https:\/\/www.camping-leboisverdon.com\/wp-content\/uploads\/2023\/01\/les-5-pineaux-IMG_6591-1024x683.jpg 1024w, https:\/\/www.camping-leboisverdon.com\/wp-content\/uploads\/2023\/01\/les-5-pineaux-IMG_6591-300x200.jpg 300w, https:\/\/www.camping-leboisverdon.com\/wp-content\/uploads\/2023\/01\/les-5-pineaux-IMG_6591-768x512.jpg 768w, https:\/\/www.camping-leboisverdon.com\/wp-content\/uploads\/2023\/01\/les-5-pineaux-IMG_6591.jpg 1200w\" sizes=\"auto, (max-width: 1024px) 100vw, 1024px\" \/><\/figure><\/div>\n\n<div style=\"height:30px\" aria-hidden=\"true\" class=\"wp-block-spacer\"><\/div>\n\n<div class=\"wp-block-media-text alignwide is-stacked-on-mobile is-image-fill\"><figure class=\"wp-block-media-text__media\" style=\"background-image:url(https:\/\/www.camping-leboisverdon.com\/wp-content\/uploads\/2023\/02\/bourrine-du-bois-juquaud-IMG_3046-1024x683.jpg);background-position:50% 50%\"><img loading=\"lazy\" decoding=\"async\" width=\"1024\" height=\"683\" src=\"https:\/\/www.camping-leboisverdon.com\/wp-content\/uploads\/2023\/02\/bourrine-du-bois-juquaud-IMG_3046-1024x683.jpg\" alt=\"\" class=\"wp-image-2050 size-full\" srcset=\"https:\/\/www.camping-leboisverdon.com\/wp-content\/uploads\/2023\/02\/bourrine-du-bois-juquaud-IMG_3046-1024x683.jpg 1024w, https:\/\/www.camping-leboisverdon.com\/wp-content\/uploads\/2023\/02\/bourrine-du-bois-juquaud-IMG_3046-300x200.jpg 300w, https:\/\/www.camping-leboisverdon.com\/wp-content\/uploads\/2023\/02\/bourrine-du-bois-juquaud-IMG_3046-768x512.jpg 768w, https:\/\/www.camping-leboisverdon.com\/wp-content\/uploads\/2023\/02\/bourrine-du-bois-juquaud-IMG_3046-1536x1024.jpg 1536w, https:\/\/www.camping-leboisverdon.com\/wp-content\/uploads\/2023\/02\/bourrine-du-bois-juquaud-IMG_3046-2048x1365.jpg 2048w\" sizes=\"auto, (max-width: 1024px) 100vw, 1024px\" \/><\/figure><div class=\"wp-block-media-text__content\">\n<h2 class=\"wp-block-heading\"><strong>Sehensw\u00fcrdigkeiten und Aktivit\u00e4ten in Saint Hilaire de Riez<\/strong><\/h2>\n\n\n\n<p>Entdecken Sie die <strong>Bourrine du Bois Juquaud<\/strong> und ihre Nebengeb\u00e4ude, \u00d6komuseum in Saint Hilaire de Riez. Es wurde 1818 aus Erde und Schilf erbaut, liegt im Sumpfgebiet und stellt dessen traditionelle Behausung dar. Bis 1967 war es bewohnt, ab 1985 wurde es von der Stadt Saint Hilaire de Riez restauriert.<\/p>\n\n\n\n<p>Besuchen Sie die Marais Salants de la Vie in Saint-Hilaire-de Riez und erfahren Sie, wie das Salz im Herzen der S\u00fcmpfe geerntet wird.<\/p>\n\n\n\n<p>Verbringen Sie mit Ihrer Familie einen abenteuerlichen Tag im <strong>Freizeit- und Hochseilgarten Feeling Forest<\/strong> in Saint-Hilaire-de Riez. Im Herzen des Waldes und in der N\u00e4he der Str\u00e4nde gelegen, nutzen Sie die 11 Baumkletterparcours f\u00fcr alle Altersgruppen mit unterschiedlichen Schwierigkeitsgraden.<\/p>\n\n\n\n<p>Verbringen Sie sch\u00f6ne Momente und Abende im 201 Forest Avenue, Bowling und Lasergame in Saint-Hilaire-de-Riez, gegen\u00fcber dem Ozean. Hier finden Sie eine Bowlingbahn mit 12 Bahnen, ein 400 m\u00b2 gro\u00dfes Lasergame, ein Restaurant mit Meerblick, eine stimmungsvolle Bar und Spiele&#8230;<\/p>\n\n\n\n<p><\/p>\n<\/div><\/div>\n<div class=\"wp-block-sev-diaporama\"><!-- Aucune image dans cette galerie --><\/div><div class=\"wp-block-sev-diaporama alignfull\">\t\t\t<div id=\"sevgallery-2250939832\" class=\"sev-diaporama sev-diaporama-portfolio\">\r\n\t\t\t<div class=\"row\">\r\n\r\n\t\t\t\r\n\t\t\t\t\r\n\t\t\t\t<div class=\"sev-diaporama-portfolio-item col-12 col-sm \">\r\n\r\n\t\t\t\t\t\t\t\t\t\t<a href=\"https:\/\/www.camping-leboisverdon.com\/wp-content\/uploads\/2023\/01\/coucher-soleil-sion-sainthilairederiez-DSC_8189.jpg\" data-lightbox=\"sevgallery-2250939832\" style=\"background-image: url(https:\/\/www.camping-leboisverdon.com\/wp-content\/uploads\/2023\/01\/coucher-soleil-sion-sainthilairederiez-DSC_8189.jpg)\">\r\n\t\t\t\t\t\t\t\t\t\t\t<img decoding=\"async\" src=\"https:\/\/www.camping-leboisverdon.com\/wp-content\/uploads\/2023\/01\/coucher-soleil-sion-sainthilairederiez-DSC_8189.jpg\" alt=\"camping proche de saint hilaire de riez\" loading=\"lazy\">\r\n\t\t\t\t\t\t\t\t\t\t<\/a>\r\n\t\t\t\t\t\t\t\t\t<\/div>\r\n\r\n\t\t\t\t\r\n\t\t\t\t\t\t\t\t\t\t\t\r\n\t\t\t\t\r\n\t\t\t\t<div class=\"sev-diaporama-portfolio-item col-12 col-sm  col-shrink\">\r\n\r\n\t\t\t\t\t\t\t\t\t\t<a href=\"https:\/\/www.camping-leboisverdon.com\/wp-content\/uploads\/2023\/01\/les-5-pineaux-aerienne-IMG_3564.jpg\" data-lightbox=\"sevgallery-2250939832\" style=\"background-image: url(https:\/\/www.camping-leboisverdon.com\/wp-content\/uploads\/2023\/01\/les-5-pineaux-aerienne-IMG_3564.jpg)\">\r\n\t\t\t\t\t\t\t\t\t\t\t<img decoding=\"async\" src=\"https:\/\/www.camping-leboisverdon.com\/wp-content\/uploads\/2023\/01\/les-5-pineaux-aerienne-IMG_3564.jpg\" alt=\"camping proche saint hilaire de riez\" loading=\"lazy\">\r\n\t\t\t\t\t\t\t\t\t\t<\/a>\r\n\t\t\t\t\t\t\t\t\t<\/div>\r\n\r\n\t\t\t\t\r\n\t\t\t\t\t\t\t\t\t\t\t\r\n\t\t\t\t\r\n\t\t\t\t<div class=\"sev-diaporama-portfolio-item col-12 col-sm  col-shrink\">\r\n\r\n\t\t\t\t\t\t\t\t\t\t<a href=\"https:\/\/www.camping-leboisverdon.com\/wp-content\/uploads\/2023\/01\/les-5-pineaux-IMG_6591.jpg\" data-lightbox=\"sevgallery-2250939832\" style=\"background-image: url(https:\/\/www.camping-leboisverdon.com\/wp-content\/uploads\/2023\/01\/les-5-pineaux-IMG_6591.jpg)\">\r\n\t\t\t\t\t\t\t\t\t\t\t<img decoding=\"async\" src=\"https:\/\/www.camping-leboisverdon.com\/wp-content\/uploads\/2023\/01\/les-5-pineaux-IMG_6591.jpg\" alt=\"camping proche plage saint hilaire de riez\" loading=\"lazy\">\r\n\t\t\t\t\t\t\t\t\t\t<\/a>\r\n\t\t\t\t\t\t\t\t\t<\/div>\r\n\r\n\t\t\t\t\r\n\t\t\t\t\t\t\t\t\t\t\t\r\n\t\t\t\t\r\n\t\t\t\t<div class=\"sev-diaporama-portfolio-item col-12 col-sm  col-grow\">\r\n\r\n\t\t\t\t\t\t\t\t\t\t<a href=\"https:\/\/www.camping-leboisverdon.com\/wp-content\/uploads\/2023\/01\/saint-hilaire-de-riez-IMG_3763.jpg\" data-lightbox=\"sevgallery-2250939832\" style=\"background-image: url(https:\/\/www.camping-leboisverdon.com\/wp-content\/uploads\/2023\/01\/saint-hilaire-de-riez-IMG_3763.jpg)\">\r\n\t\t\t\t\t\t\t\t\t\t\t<img decoding=\"async\" src=\"https:\/\/www.camping-leboisverdon.com\/wp-content\/uploads\/2023\/01\/saint-hilaire-de-riez-IMG_3763.jpg\" alt=\"camping proche plage saint hilaire de riez\" loading=\"lazy\">\r\n\t\t\t\t\t\t\t\t\t\t<\/a>\r\n\t\t\t\t\t\t\t\t\t<\/div>\r\n\r\n\t\t\t\t\t\t\t\t\t<div class=\"w-100\"><\/div>\r\n\t\t\t\t\t\t\t\t\t\r\n\t\t\t\t\t\t\t\t\t\t\t\r\n\t\t\t\t\r\n\t\t\t\t<div class=\"sev-diaporama-portfolio-item col-12 col-sm  col-grow\">\r\n\r\n\t\t\t\t\t\t\t\t\t\t<a href=\"https:\/\/www.camping-leboisverdon.com\/wp-content\/uploads\/2023\/01\/saint-hilaire-de-riez-IMG_8301.jpg\" data-lightbox=\"sevgallery-2250939832\" style=\"background-image: url(https:\/\/www.camping-leboisverdon.com\/wp-content\/uploads\/2023\/01\/saint-hilaire-de-riez-IMG_8301.jpg)\">\r\n\t\t\t\t\t\t\t\t\t\t\t<img decoding=\"async\" src=\"https:\/\/www.camping-leboisverdon.com\/wp-content\/uploads\/2023\/01\/saint-hilaire-de-riez-IMG_8301.jpg\" alt=\"camping proche saint hilaire de riez\" loading=\"lazy\">\r\n\t\t\t\t\t\t\t\t\t\t<\/a>\r\n\t\t\t\t\t\t\t\t\t<\/div>\r\n\r\n\t\t\t\t\r\n\t\t\t\t\t\t\t\t\t\t\t\r\n\t\t\t\t\r\n\t\t\t\t<div class=\"sev-diaporama-portfolio-item col-12 col-sm  col-shrink\">\r\n\r\n\t\t\t\t\t\t\t\t\t\t<a href=\"https:\/\/www.camping-leboisverdon.com\/wp-content\/uploads\/2023\/01\/saint-hilaire-de-riez-IMG_9120.jpg\" data-lightbox=\"sevgallery-2250939832\" style=\"background-image: url(https:\/\/www.camping-leboisverdon.com\/wp-content\/uploads\/2023\/01\/saint-hilaire-de-riez-IMG_9120.jpg)\">\r\n\t\t\t\t\t\t\t\t\t\t\t<img decoding=\"async\" src=\"https:\/\/www.camping-leboisverdon.com\/wp-content\/uploads\/2023\/01\/saint-hilaire-de-riez-IMG_9120.jpg\" alt=\"camping proche saint hilaire de riez\" loading=\"lazy\">\r\n\t\t\t\t\t\t\t\t\t\t<\/a>\r\n\t\t\t\t\t\t\t\t\t<\/div>\r\n\r\n\t\t\t\t\r\n\t\t\t\t\t\t\t\t\t\t\t\r\n\t\t\t\t\r\n\t\t\t\t<div class=\"sev-diaporama-portfolio-item col-12 col-sm \">\r\n\r\n\t\t\t\t\t\t\t\t\t\t<a href=\"https:\/\/www.camping-leboisverdon.com\/wp-content\/uploads\/2023\/01\/sion-sur-l-ocean-P1320962.jpg\" data-lightbox=\"sevgallery-2250939832\" style=\"background-image: url(https:\/\/www.camping-leboisverdon.com\/wp-content\/uploads\/2023\/01\/sion-sur-l-ocean-P1320962.jpg)\">\r\n\t\t\t\t\t\t\t\t\t\t\t<img decoding=\"async\" src=\"https:\/\/www.camping-leboisverdon.com\/wp-content\/uploads\/2023\/01\/sion-sur-l-ocean-P1320962.jpg\" alt=\"camping proche saint hilaire de riez\" loading=\"lazy\">\r\n\t\t\t\t\t\t\t\t\t\t<\/a>\r\n\t\t\t\t\t\t\t\t\t<\/div>\r\n\r\n\t\t\t\t\r\n\t\t\t\t\t\t\t\t\t\t\t\t\t\t<\/div>\r\n\t\t\t<\/div>\r\n\r\n\t\t\t<script>\r\n\t\t\tjQuery(function($) {\r\n\r\n\t\t\t\tvar marginPortfolio = function() {\r\n\r\n\t\t\t\t\tvar $diapo          = $('#sevgallery-2250939832');\r\n\t\t\t\t\tvar container_width = $diapo.parent().outerWidth();\r\n\t\t\t\t\tvar side            = ( $(window).innerWidth() - container_width ) \/ 2;\r\n\r\n\t\t\t\t\t$diapo.css( {\r\n\t\t\t\t\t\t'margin-left': '-' + side + 'px',\r\n\t\t\t\t\t\t'margin-right': '-' + side + 'px',\r\n\t\t\t\t\t} );\r\n\t\t\t\t};\r\n\r\n\t\t\t\t$( window ).resize( function() {\r\n\t\t\t\t\tmarginPortfolio();\r\n\t\t\t\t} );\r\n\t\t\t\tmarginPortfolio();\r\n\t\t\t});\r\n\t\t\t<\/script>\r\n\t\t\t<\/div>","protected":false},"excerpt":{"rendered":"<p>Saint Hilaire de Riez Camping in der N\u00e4he von Saint-Hilaire-de-Riez Nur 20 Minuten vom Campingplatz Le Bois Verdon in Saint Jean de Monts entfernt liegt der h\u00fcbsche Badeort Saint-Hilaire-de-Riez in der Vend\u00e9e mit seinen 13 km langen Sand- und Felsk\u00fcsten. Sie werden von der Vielfalt der Landschaften \u00fcberrascht sein: ein wundersch\u00f6ner Pinienwald, sch\u00f6ne Sandstr\u00e4nde, eine [&hellip;]<\/p>\n","protected":false},"author":1,"featured_media":0,"parent":2436,"menu_order":0,"comment_status":"closed","ping_status":"closed","template":"","meta":{"_seopress_robots_primary_cat":"","_seopress_titles_title":"Saint Hilaire de Riez - Campingplatz Saint Jean de Monts - Le Bois Verdon","_seopress_titles_desc":"Nur 20 Minuten vom Campingplatz Le Bois Verdon in Saint Jean de Monts entfernt liegt der h\u00fcbsche Badeort Saint-Hilaire-de-Riez in der Vend\u00e9e.","_seopress_robots_index":"","footnotes":""},"class_list":["post-2445","page","type-page","status-publish","hentry"],"_links":{"self":[{"href":"https:\/\/www.camping-leboisverdon.com\/de\/wp-json\/wp\/v2\/pages\/2445","targetHints":{"allow":["GET"]}}],"collection":[{"href":"https:\/\/www.camping-leboisverdon.com\/de\/wp-json\/wp\/v2\/pages"}],"about":[{"href":"https:\/\/www.camping-leboisverdon.com\/de\/wp-json\/wp\/v2\/types\/page"}],"author":[{"embeddable":true,"href":"https:\/\/www.camping-leboisverdon.com\/de\/wp-json\/wp\/v2\/users\/1"}],"replies":[{"embeddable":true,"href":"https:\/\/www.camping-leboisverdon.com\/de\/wp-json\/wp\/v2\/comments?post=2445"}],"version-history":[{"count":3,"href":"https:\/\/www.camping-leboisverdon.com\/de\/wp-json\/wp\/v2\/pages\/2445\/revisions"}],"predecessor-version":[{"id":2466,"href":"https:\/\/www.camping-leboisverdon.com\/de\/wp-json\/wp\/v2\/pages\/2445\/revisions\/2466"}],"up":[{"embeddable":true,"href":"https:\/\/www.camping-leboisverdon.com\/de\/wp-json\/wp\/v2\/pages\/2436"}],"wp:attachment":[{"href":"https:\/\/www.camping-leboisverdon.com\/de\/wp-json\/wp\/v2\/media?parent=2445"}],"curies":[{"name":"wp","href":"https:\/\/api.w.org\/{rel}","templated":true}]}}