{"id":2367,"date":"2023-01-06T11:27:57","date_gmt":"2023-01-06T10:27:57","guid":{"rendered":"https:\/\/www.camping-leboisverdon.com\/freizeitparks\/"},"modified":"2023-02-22T16:25:21","modified_gmt":"2023-02-22T15:25:21","slug":"freizeitparks","status":"publish","type":"page","link":"https:\/\/www.camping-leboisverdon.com\/de\/seite-besichtigungen-und-ausfluege\/freizeitparks\/","title":{"rendered":"Freizeitparks"},"content":{"rendered":"\n<h1 class=\"wp-block-heading\">Freizeitparks<\/h1>\n\n<h2 class=\"wp-block-heading\"><strong>Freizeitparks in der N\u00e4he von Saint Jean de Monts in der Vend\u00e9e<\/strong><\/h2>\n\n<div style=\"height:30px\" aria-hidden=\"true\" class=\"wp-block-spacer\"><\/div>\n\n<div class=\"wp-block-media-text alignwide is-stacked-on-mobile is-image-fill\"><figure class=\"wp-block-media-text__media\" style=\"background-image:url(https:\/\/www.camping-leboisverdon.com\/wp-content\/uploads\/2023\/01\/ALE07-exploraparc.jpg);background-position:51% 34%\"><img loading=\"lazy\" decoding=\"async\" width=\"527\" height=\"375\" src=\"https:\/\/www.camping-leboisverdon.com\/wp-content\/uploads\/2023\/01\/ALE07-exploraparc.jpg\" alt=\"explora park in der N\u00e4he des Campingplatzes in St Jean de Monts\" class=\"wp-image-429 size-full\" srcset=\"https:\/\/www.camping-leboisverdon.com\/wp-content\/uploads\/2023\/01\/ALE07-exploraparc.jpg 527w, https:\/\/www.camping-leboisverdon.com\/wp-content\/uploads\/2023\/01\/ALE07-exploraparc-300x213.jpg 300w\" sizes=\"auto, (max-width: 527px) 100vw, 527px\" \/><\/figure><div class=\"wp-block-media-text__content\">\n<h2 class=\"wp-block-heading\"><strong>Explora Parc (500 m entfernt)<\/strong><\/h2>\n\n\n\n<p>4-Sterne-Campingplatz in der N\u00e4he von Explora Parc (Freizeitpark im Wald) in Saint Jean de Monts. Zwischen Meer und Wald, im Herzen des Pinienwaldes, teilen Sie unvergessliche Momente mit der Familie oder mit Freunden im Hochseilgarten Explora Parc. Kommen Sie und entdecken Sie eine Vielzahl von Outdoor-Aktivit\u00e4ten f\u00fcr alle.<\/p>\n\n\n\n<ul class=\"wp-block-list\">\n<li>10 <strong>Baumkletterparcours<\/strong> f\u00fcr Kinder ab 3 Jahren, auf denen Sie Ihr Gleichgewicht und Ihre Kraft testen k\u00f6nnen: Kletterw\u00e4nde, Base Jump (Sprung ins Leere), XXL-Seilrutschen&#8230;,<\/li>\n\n\n\n<li>das <strong>Trampofilet<\/strong> f\u00fcr die Kleinsten, ab 3 Jahren, f\u00fcr maximale Akrobatik,<\/li>\n\n\n\n<li><strong>Lasertag: Lasergame am helllichten Tag<\/strong> und in der Natur,<\/li>\n\n\n\n<li><strong>archery tag<\/strong>: Hier kannst du deine Freunde herausfordern, allerdings nicht mehr mit einer Pistole, sondern mit Pfeil und Bogen,<\/li>\n\n\n\n<li><strong>Bogenschie\u00dfen<\/strong>: Einf\u00fchrungskurs und Fortgeschrittenenkurs,<\/li>\n\n\n\n<li>Virtuelle <strong>Realit\u00e4t<\/strong>: Steigen Sie auf den Omni Virtuix und lassen Sie sich in eine 100% virtuelle Welt eintauchen (ab dem 1. Juli).<\/li>\n\n\n\n<li><strong>Tennis<\/strong>: \u00dcben Sie Tennis auf einem der 13 Pl\u00e4tze im Herzen des Pinienwaldes aus.<\/li>\n<\/ul>\n\n\n\n<p>Emotionen und Nervenkitzel garantiert!<br\/><a href=\"http:\/\/www.exploraparc.com\" target=\"_blank\" rel=\"noreferrer noopener\">www.exploraparc.com<\/a><\/p>\n<\/div><\/div>\n\n<div style=\"height:30px\" aria-hidden=\"true\" class=\"wp-block-spacer\"><\/div>\n\n<figure class=\"wp-block-image aligncenter size-full is-resized\"><img loading=\"lazy\" decoding=\"async\" src=\"https:\/\/www.camping-leboisverdon.com\/wp-content\/uploads\/2023\/01\/trait.png\" alt=\"\" class=\"wp-image-407\" width=\"140\" height=\"38\" srcset=\"https:\/\/www.camping-leboisverdon.com\/wp-content\/uploads\/2023\/01\/trait.png 559w, https:\/\/www.camping-leboisverdon.com\/wp-content\/uploads\/2023\/01\/trait-300x81.png 300w\" sizes=\"auto, (max-width: 140px) 100vw, 140px\" \/><\/figure>\n<div style=\"height:30px\" aria-hidden=\"true\" class=\"wp-block-spacer\"><\/div>\n\n<div class=\"wp-block-media-text alignwide has-media-on-the-right is-stacked-on-mobile\"><div class=\"wp-block-media-text__content\">\n<h2 class=\"wp-block-heading\"><strong>Der interaktive Park Biotopia (10 Min. entfernt)<\/strong><\/h2>\n\n\n\n<p>Kommen Sie <strong>Erkunden Sie die Welt der K\u00fcste und des Waldes<\/strong>  in Biotopia in Notre Dame de Monts, indem Sie den 250 m2 gro\u00dfen interaktiven Innenbereich entdecken, um drei Lebensr\u00e4ume im Laufe der Zeit in verschiedenen Ma\u00dfst\u00e4ben zu erforschen: den Ozean, die D\u00fcne und den Wald, und auch den 40 ha gro\u00dfen Freiluftbereich, um die Erfahrung vor Ort im Wald und auf dem D\u00fcnenpfad fortzusetzen.<\/p>\n\n\n\n<p>Es werden mehrere Formeln angeboten: freie Besichtigung, thematischer Spaziergang mit einem Animateur, Rundgang &#8218;Explorateur 3D&#8216;, Entdeckung des Arboretums.<\/p>\n\n\n\n<p><a href=\"http:\/\/www.biotopia.fr\" target=\"_blank\" rel=\"noreferrer noopener\">www.biotopia.fr<\/a><\/p>\n<\/div><figure class=\"wp-block-media-text__media\"><img loading=\"lazy\" decoding=\"async\" width=\"670\" height=\"443\" src=\"https:\/\/www.camping-leboisverdon.com\/wp-content\/uploads\/2023\/01\/biotopia.jpg\" alt=\"Spielpark in der N\u00e4he des Campingplatzes in der Vend\u00e9e\" class=\"wp-image-433 size-full\" srcset=\"https:\/\/www.camping-leboisverdon.com\/wp-content\/uploads\/2023\/01\/biotopia.jpg 670w, https:\/\/www.camping-leboisverdon.com\/wp-content\/uploads\/2023\/01\/biotopia-300x198.jpg 300w\" sizes=\"auto, (max-width: 670px) 100vw, 670px\" \/><\/figure><\/div>\n\n<div style=\"height:30px\" aria-hidden=\"true\" class=\"wp-block-spacer\"><\/div>\n\n<figure class=\"wp-block-image aligncenter size-full is-resized\"><img loading=\"lazy\" decoding=\"async\" src=\"https:\/\/www.camping-leboisverdon.com\/wp-content\/uploads\/2023\/01\/trait.png\" alt=\"\" class=\"wp-image-407\" width=\"140\" height=\"38\" srcset=\"https:\/\/www.camping-leboisverdon.com\/wp-content\/uploads\/2023\/01\/trait.png 559w, https:\/\/www.camping-leboisverdon.com\/wp-content\/uploads\/2023\/01\/trait-300x81.png 300w\" sizes=\"auto, (max-width: 140px) 100vw, 140px\" \/><\/figure>\n<div style=\"height:30px\" aria-hidden=\"true\" class=\"wp-block-spacer\"><\/div>\n\n<div class=\"wp-block-media-text alignwide is-stacked-on-mobile is-image-fill\"><figure class=\"wp-block-media-text__media\" style=\"background-image:url(https:\/\/www.camping-leboisverdon.com\/wp-content\/uploads\/2023\/01\/dinospark.jpg);background-position:50% 50%\"><img loading=\"lazy\" decoding=\"async\" width=\"880\" height=\"495\" src=\"https:\/\/www.camping-leboisverdon.com\/wp-content\/uploads\/2023\/01\/dinospark.jpg\" alt=\"Freizeitpark in der Vend\u00e9e in der N\u00e4he des 4-Sterne-Campingplatzes\" class=\"wp-image-437 size-full\" srcset=\"https:\/\/www.camping-leboisverdon.com\/wp-content\/uploads\/2023\/01\/dinospark.jpg 880w, https:\/\/www.camping-leboisverdon.com\/wp-content\/uploads\/2023\/01\/dinospark-300x169.jpg 300w, https:\/\/www.camping-leboisverdon.com\/wp-content\/uploads\/2023\/01\/dinospark-768x432.jpg 768w\" sizes=\"auto, (max-width: 880px) 100vw, 880px\" \/><\/figure><div class=\"wp-block-media-text__content\">\n<h2 class=\"wp-block-heading\"><strong>Dino &#8217;s Park (15 Min. entfernt)<\/strong><\/h2>\n\n\n\n<p>Machen Sie einen gewaltigen <strong>Sprung in die Vergangenheit<\/strong> vor 230 Millionen Jahren und entdecken Sie die pr\u00e4historische Tierwelt!<\/p>\n\n\n\n<p>Einzigartig in der Vend\u00e9e, in Saint Hilaire de Riez, auf einer Fl\u00e4che von mehr als 2 Hektar, entdecken und beobachten Sie die Welt der <strong>Dinosaurier in Originalgr\u00f6\u00dfe<\/strong> und sehen Sie, wie sie sich bewegen, grunzen, br\u00fcllen und atmen.<\/p>\n\n\n\n<p>Vor Ort k\u00f6nnen Kinder <strong>Arch\u00e4ologenlehrlinge<\/strong> spielen, indem sie eine Ausgrabungsst\u00e4tte mit einem echten Dinosaurierskelett entdecken.<\/p>\n\n\n\n<p><a href=\"http:\/\/www.dinos-park.com\" target=\"_blank\" rel=\"noreferrer noopener\">www.dinos-park.com<\/a><\/p>\n<\/div><\/div>\n\n<div style=\"height:30px\" aria-hidden=\"true\" class=\"wp-block-spacer\"><\/div>\n\n<figure class=\"wp-block-image aligncenter size-full is-resized\"><img loading=\"lazy\" decoding=\"async\" src=\"https:\/\/www.camping-leboisverdon.com\/wp-content\/uploads\/2023\/01\/trait.png\" alt=\"\" class=\"wp-image-407\" width=\"140\" height=\"38\" srcset=\"https:\/\/www.camping-leboisverdon.com\/wp-content\/uploads\/2023\/01\/trait.png 559w, https:\/\/www.camping-leboisverdon.com\/wp-content\/uploads\/2023\/01\/trait-300x81.png 300w\" sizes=\"auto, (max-width: 140px) 100vw, 140px\" \/><\/figure>\n<div style=\"height:30px\" aria-hidden=\"true\" class=\"wp-block-spacer\"><\/div>\n\n<div class=\"wp-block-media-text alignwide has-media-on-the-right is-stacked-on-mobile\"><div class=\"wp-block-media-text__content\">\n<h2 class=\"wp-block-heading\"><strong>Atlantic Toboggan (10 Min. entfernt)<\/strong><\/h2>\n\n\n\n<p>Lust auf Nervenkitzel?<br\/>Entdecken Sie Atlantic Toboggan, einen <strong>Wasserpark<\/strong> in Saint Hilaire de Riez, in dem Sie unvergessliche Momente mit der Familie oder mit Freunden verbringen k\u00f6nnen.<\/p>\n\n\n\n<p>Kommen Sie und am\u00fcsieren Sie sich im 1500 m2 gro\u00dfen Riesenwellenbad, auf den riesigen Rutschen, dem Blackhole, dem Space Boat, der Turbolance, dem Kamikaz&#8230;<\/p>\n\n\n\n<p>Die Kleinsten werden sich \u00fcber das Spielbecken und den Bojenfluss freuen.<\/p>\n\n\n\n<p>Und au\u00dferdem: Fitnessbecken mit Jacuzzi, Whirlpool, Geysiren, &#8230;<\/p>\n\n\n\n<p>Ge\u00f6ffnet von Ende Juni bis Anfang September.<\/p>\n\n\n\n<p><a href=\"http:\/\/www.atlantic-toboggan.com\" target=\"_blank\" rel=\"noreferrer noopener\">www.atlantic-toboggan.com<\/a><\/p>\n<\/div><figure class=\"wp-block-media-text__media\"><img loading=\"lazy\" decoding=\"async\" width=\"540\" height=\"360\" src=\"https:\/\/www.camping-leboisverdon.com\/wp-content\/uploads\/2023\/01\/atlantic-toboggan.jpg\" alt=\"Wasserpark in der N\u00e4he des Campingplatzes in der Vend\u00e9e\" class=\"wp-image-441 size-full\" srcset=\"https:\/\/www.camping-leboisverdon.com\/wp-content\/uploads\/2023\/01\/atlantic-toboggan.jpg 540w, https:\/\/www.camping-leboisverdon.com\/wp-content\/uploads\/2023\/01\/atlantic-toboggan-300x200.jpg 300w\" sizes=\"auto, (max-width: 540px) 100vw, 540px\" \/><\/figure><\/div>\n","protected":false},"excerpt":{"rendered":"<p>Freizeitparks Freizeitparks in der N\u00e4he von Saint Jean de Monts in der Vend\u00e9e Der interaktive Park Biotopia (10 Min. entfernt) Kommen Sie Erkunden Sie die Welt der K\u00fcste und des Waldes in Biotopia in Notre Dame de Monts, indem Sie den 250 m2 gro\u00dfen interaktiven Innenbereich entdecken, um drei Lebensr\u00e4ume im Laufe der Zeit in [&hellip;]<\/p>\n","protected":false},"author":1,"featured_media":0,"parent":2464,"menu_order":0,"comment_status":"closed","ping_status":"closed","template":"","meta":{"_seopress_robots_primary_cat":"","_seopress_titles_title":"Die Freizeitparks - Camping Saint Jean de Monts - Le Bois Verdon","_seopress_titles_desc":"Freizeitparks in der N\u00e4he von Saint Jean de Monts in der Vend\u00e9e, Wasserparks in der N\u00e4he von Saint Jean de Monts in der Vend\u00e9e","_seopress_robots_index":"","footnotes":""},"class_list":["post-2367","page","type-page","status-publish","hentry"],"_links":{"self":[{"href":"https:\/\/www.camping-leboisverdon.com\/de\/wp-json\/wp\/v2\/pages\/2367","targetHints":{"allow":["GET"]}}],"collection":[{"href":"https:\/\/www.camping-leboisverdon.com\/de\/wp-json\/wp\/v2\/pages"}],"about":[{"href":"https:\/\/www.camping-leboisverdon.com\/de\/wp-json\/wp\/v2\/types\/page"}],"author":[{"embeddable":true,"href":"https:\/\/www.camping-leboisverdon.com\/de\/wp-json\/wp\/v2\/users\/1"}],"replies":[{"embeddable":true,"href":"https:\/\/www.camping-leboisverdon.com\/de\/wp-json\/wp\/v2\/comments?post=2367"}],"version-history":[{"count":1,"href":"https:\/\/www.camping-leboisverdon.com\/de\/wp-json\/wp\/v2\/pages\/2367\/revisions"}],"predecessor-version":[{"id":2375,"href":"https:\/\/www.camping-leboisverdon.com\/de\/wp-json\/wp\/v2\/pages\/2367\/revisions\/2375"}],"up":[{"embeddable":true,"href":"https:\/\/www.camping-leboisverdon.com\/de\/wp-json\/wp\/v2\/pages\/2464"}],"wp:attachment":[{"href":"https:\/\/www.camping-leboisverdon.com\/de\/wp-json\/wp\/v2\/media?parent=2367"}],"curies":[{"name":"wp","href":"https:\/\/api.w.org\/{rel}","templated":true}]}}