{"id":2353,"date":"2023-02-06T12:39:22","date_gmt":"2023-02-06T11:39:22","guid":{"rendered":"https:\/\/www.camping-leboisverdon.com\/erfahrung-saint-gilles-croix-de-vie\/"},"modified":"2023-02-22T16:25:19","modified_gmt":"2023-02-22T15:25:19","slug":"erfahrung-saint-gilles-croix-de-vie","status":"publish","type":"page","link":"https:\/\/www.camping-leboisverdon.com\/de\/erfahrung-saint-gilles-croix-de-vie\/","title":{"rendered":"Erfahrung Saint Gilles Croix de Vie"},"content":{"rendered":"\n<h1 class=\"wp-block-heading\">Ein Tag rund um Saint Gilles Croix de Vie<\/h1>\n\n<h2 class=\"wp-block-heading\">Destination Saint Gilles Croix de Vie&#8230;<\/h2>\n\n<p>F\u00fcr diesen neuen Ausflug mit Herz entf\u00fchren wir Sie nach <a href=\"https:\/\/www.camping-leboisverdon.com\/cote-mer-iles\/saint-gilles-croix-de-vie\/\" data-type=\"page\" data-id=\"358\">Saint Gilles Croix de Vie<\/a>.<\/p>\n\n<div class=\"wp-block-group has-border-color has-cyan-border-color is-layout-constrained wp-container-core-group-is-layout-301020a0 wp-block-group-is-layout-constrained\" style=\"border-width:3px;padding-top:var(--wp--preset--spacing--50);padding-right:var(--wp--preset--spacing--50);padding-bottom:var(--wp--preset--spacing--50);padding-left:var(--wp--preset--spacing--50)\">\n<p><img loading=\"lazy\" decoding=\"async\" width=\"30\" height=\"30\" class=\"wp-image-199\" style=\"width: 30px;\" src=\"https:\/\/www.camping-leboisverdon.com\/wp-content\/uploads\/2023\/01\/idee-1.png\" alt=\"\" srcset=\"https:\/\/www.camping-leboisverdon.com\/wp-content\/uploads\/2023\/01\/idee-1.png 256w, https:\/\/www.camping-leboisverdon.com\/wp-content\/uploads\/2023\/01\/idee-1-150x150.png 150w\" sizes=\"auto, (max-width: 30px) 100vw, 30px\" \/>  Die Ged\u00e4chtnisst\u00fctze von Bois Verdon und einige Tipps, damit dieser Tag perfekt wird&#8230;<\/p>\n\n\n\n<ul class=\"wp-block-list\">\n<li>Fahrr\u00e4der oder Turnschuhe w\u00e4hlen, was Ihnen f\u00fcr den auf dem Programm stehenden Ausflug am besten passt<\/li>\n\n\n\n<li>Planen Sie nicht unbedingt ein Picknick ein. Der Besuch eines Marktes kann eine Gelegenheit sein, lokale Produkte zu kaufen und Ihre Neugier zu befriedigen.<\/li>\n\n\n\n<li>Die komplette Kleidung des Badenden (Handtuch, Badeanzug, Hut und Sonnencreme&#8230;)<\/li>\n\n\n\n<li>Um den &#8222;F\u00e4hrmann&#8220; zu nehmen, denken Sie daran, die Gezeitenzeiten zu \u00fcberpr\u00fcfen.<\/li>\n<\/ul>\n<\/div>\n\n<div style=\"height:30px\" aria-hidden=\"true\" class=\"wp-block-spacer\"><\/div>\n\n<div class=\"wp-block-media-text alignwide is-stacked-on-mobile is-image-fill\" style=\"grid-template-columns:33% auto\"><figure class=\"wp-block-media-text__media\" style=\"background-image:url(https:\/\/www.camping-leboisverdon.com\/wp-content\/uploads\/2023\/02\/saint-gilles-croix-de-vie-IMG_5486-1-1024x683.jpg);background-position:32% 63%\"><img loading=\"lazy\" decoding=\"async\" width=\"1024\" height=\"683\" src=\"https:\/\/www.camping-leboisverdon.com\/wp-content\/uploads\/2023\/02\/saint-gilles-croix-de-vie-IMG_5486-1-1024x683.jpg\" alt=\"hafen von saint gilles croix de vie\" class=\"wp-image-1874 size-full\" srcset=\"https:\/\/www.camping-leboisverdon.com\/wp-content\/uploads\/2023\/02\/saint-gilles-croix-de-vie-IMG_5486-1-1024x683.jpg 1024w, https:\/\/www.camping-leboisverdon.com\/wp-content\/uploads\/2023\/02\/saint-gilles-croix-de-vie-IMG_5486-1-300x200.jpg 300w, https:\/\/www.camping-leboisverdon.com\/wp-content\/uploads\/2023\/02\/saint-gilles-croix-de-vie-IMG_5486-1-768x512.jpg 768w, https:\/\/www.camping-leboisverdon.com\/wp-content\/uploads\/2023\/02\/saint-gilles-croix-de-vie-IMG_5486-1.jpg 1200w\" sizes=\"auto, (max-width: 1024px) 100vw, 1024px\" \/><\/figure><div class=\"wp-block-media-text__content\">\n<h2 class=\"wp-block-heading\">Dieser Badeort ist eines der<strong> Top-Reiseziele<\/strong> in der Vend\u00e9e.<\/h2>\n\n\n\n<p>Das Leben in <strong>Saint Gilles Croix<\/strong> de Vie wurde lange Zeit von der Aktivit\u00e4t des Hafens bestimmt.<br\/>Noch heute beobachten wir gerne, wie die bunten Schiffe in See stechen, um frischen Fisch auf die Tische unserer Restaurants oder zu unseren Fischh\u00e4ndlern zu bringen.<br\/>Genau das ist der Punkt.<br\/>Da wir die Gaumenfreuden erw\u00e4hnen, warum sollten wir diesen k\u00f6stlichen Tag nicht mit dem <strong>Markt<\/strong> beginnen.<br\/>Treffen Sie sich am Place Guy Kergousti auf dem Lebensmittelmarkt, der jeden Mittwoch- und Samstagmorgen von 8:00 bis 13:00 Uhr stattfindet.<br\/>Es ist ein idealer Einstieg, wenn Sie die lokale Kultur kennenlernen und ihre Feinheiten entdecken m\u00f6chten. Sie werden diese ganz besondere Atmosph\u00e4re, die f\u00fcr Fr\u00f6hlichkeit und Geselligkeit steht, ohne M\u00e4\u00dfigung auskosten.<br\/>Es ist eine Einladung zum Flanieren, eine Ode an die einfachen Freuden&#8230;<br\/>Ein schlichtweg einzigartiger Treffpunkt, an dem Sie mal auf H\u00e4ndler treffen, die regionalen Produkten den Vorzug geben, mal auf K\u00fcnstler, die das Viertel fr\u00f6hlich beleben.<\/p>\n\n\n\n<p>Zum Abschluss des Vormittags und vor einer St\u00e4rkung laden wir Sie ein, Ihre Erkundungstour fortzusetzen und drei Kilometer lang an der Corniche Vend\u00e9enne entlang zu fahren.<\/p>\n\n\n\n<p>Noch ein symboltr\u00e4chtiger Ort in der Vend\u00e9e, ein <strong>Spaziergang, der f\u00fcr alle<\/strong> Altersgruppen <strong>geeignet<\/strong> ist, zu Fu\u00df oder mit dem Fahrrad. Wenn Sie diesem Weg folgen, genie\u00dfen Sie die reine, jodhaltige Luft des Ozeans, w\u00e4hrend Sie erhabene <strong>Panoramen<\/strong> betrachten. Vers\u00e4umen Sie es nicht, einen Zwischenstopp am Trou du Diable einzulegen.<br\/>Um diese H\u00f6hle ranken sich viele Legenden, eine davon besagt, dass der Teufel dort gefangen gehalten wird&#8230; G\u00e4nsehaut garantiert!<\/p>\n\n\n\n<p><strong>Es ist \u00fcberfl\u00fcssig zu sagen, dass dieses Programm Ihren Appetit fr\u00f6hlich anregen d\u00fcrfte&#8230;<\/strong><\/p>\n\n\n\n<p><\/p>\n<\/div><\/div>\n\n<div style=\"height:30px\" aria-hidden=\"true\" class=\"wp-block-spacer\"><\/div>\n\n<div class=\"wp-block-media-text alignwide has-media-on-the-right is-stacked-on-mobile is-image-fill\"><div class=\"wp-block-media-text__content\">\n<div class=\"wp-block-sev-featured-text\" style=\"width:100%\"><div class=\"wp-block-sev-featured-text-content\">F\u00fcr das Mittagessen stehen Ihnen zwei Optionen zur Verf\u00fcgung&#8230;<\/div><\/div>\n\n\n\n<p>Wenn Sie sich f\u00fcr ein<strong> Picknick<\/strong> entscheiden, empfehlen wir Ihnen, wenn Sie in Sion sur l&#8217;oc\u00e9an angekommen sind, den Spaziergang bis zum Staatswald fortzusetzen. Der Platz dort ist wunderbar zum Mittagessen geeignet.<\/p>\n\n\n\n<p>Wenn Sie sich f\u00fcr ein <strong>Restaurant<\/strong> entscheiden und Fisch oder Meeresfr\u00fcchte lieben, sollten Sie nicht widerstehen, sondern der Versuchung nachgeben.<br\/>Glauben Sie uns, dass es in Saint Gilles viele Adressen gibt, an denen Sie Ihren Gaumen verw\u00f6hnen k\u00f6nnen.<\/p>\n\n\n\n<div class=\"wp-block-group has-border-color has-cyan-border-color is-layout-constrained wp-container-core-group-is-layout-301020a0 wp-block-group-is-layout-constrained\" style=\"border-width:3px;padding-top:var(--wp--preset--spacing--50);padding-right:var(--wp--preset--spacing--50);padding-bottom:var(--wp--preset--spacing--50);padding-left:var(--wp--preset--spacing--50)\">\n<p><img loading=\"lazy\" decoding=\"async\" width=\"30\" height=\"35\" class=\"wp-image-79\" style=\"width: 30px;\" src=\"https:\/\/www.camping-leboisverdon.com\/wp-content\/uploads\/2023\/01\/picto-info-1.png\" alt=\"\" srcset=\"https:\/\/www.camping-leboisverdon.com\/wp-content\/uploads\/2023\/01\/picto-info-1.png 528w, https:\/\/www.camping-leboisverdon.com\/wp-content\/uploads\/2023\/01\/picto-info-1-261x300.png 261w\" sizes=\"auto, (max-width: 30px) 100vw, 30px\" \/>  Guter Plan :  <\/p>\n\n\n\n<p>Wenn wir Ihnen eine Adresse empfehlen m\u00fcssten, w\u00fcrde das <em>Restaurant PILOURS<\/em> bei uns alle Stimmen auf sich vereinen. Es handelt sich um einen einzigartigen Ort, der alles vereint, was die W\u00fcrze eines Urlaubs ausmacht&#8230;<br\/>Die Lage des Hotels bietet Ihnen einen <strong>atemberaubenden Blick auf den Ozean<\/strong>, w\u00e4hrend die gem\u00fctliche Atmosph\u00e4re und die Art-D\u00e9co-Dekoration Sie begeistern werden.<br\/>Und auf dem Teller, werden Sie fragen? In dieser pr\u00e4chtigen Umgebung, glauben Sie uns, werden Sie es sich gut gehen lassen. Die Gerichte dort sind raffiniert und alle Produkte stammen aus der lokalen Produktion. Ein reines Gl\u00fcck!<\/p>\n<\/div>\n\n\n\n<p class=\"has-petit-font-size\"><em>Bildnachweis; Simon Bourcier<\/em><\/p>\n<\/div><figure class=\"wp-block-media-text__media\" style=\"background-image:url(https:\/\/www.camping-leboisverdon.com\/wp-content\/uploads\/2023\/02\/restaurant_fleurs_de_thym_-5_828x1242.jpg);background-position:50% 50%\"><img loading=\"lazy\" decoding=\"async\" width=\"824\" height=\"635\" src=\"https:\/\/www.camping-leboisverdon.com\/wp-content\/uploads\/2023\/02\/restaurant_fleurs_de_thym_-5_828x1242.jpg\" alt=\"\" class=\"wp-image-1880 size-full\" srcset=\"https:\/\/www.camping-leboisverdon.com\/wp-content\/uploads\/2023\/02\/restaurant_fleurs_de_thym_-5_828x1242.jpg 824w, https:\/\/www.camping-leboisverdon.com\/wp-content\/uploads\/2023\/02\/restaurant_fleurs_de_thym_-5_828x1242-300x231.jpg 300w, https:\/\/www.camping-leboisverdon.com\/wp-content\/uploads\/2023\/02\/restaurant_fleurs_de_thym_-5_828x1242-768x592.jpg 768w\" sizes=\"auto, (max-width: 824px) 100vw, 824px\" \/><\/figure><\/div>\n\n<div style=\"height:30px\" aria-hidden=\"true\" class=\"wp-block-spacer\"><\/div>\n\n<h2 class=\"wp-block-heading\">Nachmittags Schwimmen am gro\u00dfen Strand von Saint Gilles&#8230;<\/h2>\n\n<p>Um den gro\u00dfen Strand von Croix de Vie aus zu erreichen, schlagen wir Ihnen eine originelle L\u00f6sung vor.<br\/>F\u00fcr etwas weniger als 2 \u20ac pro Person k\u00f6nnen Sie <strong>den &#8222;Passeur de la Vie<\/strong>&#8220; ausleihen.<br\/>und Zeit sparen. Kein Stress, kein Stau<\/p>\n\n<p><em>N. B. Man muss nur darauf achten, dass die Flut hoch ist<\/em><\/p>\n\n<p>Dann entdecken Sie eine weite Sandfl\u00e4che, <strong>einen typischen Strand der K\u00fcste des Lichts<\/strong>.<br\/>Jeder kann seinen Lieblingsbesch\u00e4ftigungen nachgehen.<br\/>Schl\u00e4gerspiele, Sandburgen, Schwimmen, Lesen, Wasseraktivit\u00e4ten, Sonnenbaden, Kreuzwortr\u00e4tsel, Misch- oder Pfeilwortr\u00e4tsel&#8230;<br\/>Sie haben genug Zeit, sich zu besch\u00e4ftigen, bis der Traumh\u00e4ndler vorbeikommt&#8230;<br\/>Derjenige, der<em> &#8222;Schokoladeneis f\u00fcr p&#8217;tits gars und Chichis f\u00fcr kleine M\u00e4dchen&#8220;<\/em> verkauft.<\/p>\n<div class=\"wp-block-sev-diaporama alignfull\">\t\t\t<div id=\"sevgallery-1240959517\" class=\"sev-diaporama sev-diaporama-portfolio\">\r\n\t\t\t<div class=\"row\">\r\n\r\n\t\t\t\r\n\t\t\t\t\r\n\t\t\t\t<div class=\"sev-diaporama-portfolio-item col-12 col-sm  col-grow\">\r\n\r\n\t\t\t\t\t\t\t\t\t\t<a href=\"https:\/\/www.camping-leboisverdon.com\/wp-content\/uploads\/2023\/01\/photo-aerienne-saint-gilles-croix-de-vie-4.jpg\" data-lightbox=\"sevgallery-1240959517\" style=\"background-image: url(https:\/\/www.camping-leboisverdon.com\/wp-content\/uploads\/2023\/01\/photo-aerienne-saint-gilles-croix-de-vie-4.jpg)\">\r\n\t\t\t\t\t\t\t\t\t\t\t<img decoding=\"async\" src=\"https:\/\/www.camping-leboisverdon.com\/wp-content\/uploads\/2023\/01\/photo-aerienne-saint-gilles-croix-de-vie-4.jpg\" alt=\"Camping proche Saint Gilles Croix de Vie\" loading=\"lazy\">\r\n\t\t\t\t\t\t\t\t\t\t<\/a>\r\n\t\t\t\t\t\t\t\t\t<\/div>\r\n\r\n\t\t\t\t\r\n\t\t\t\t\t\t\t\t\t\t\t\r\n\t\t\t\t\r\n\t\t\t\t<div class=\"sev-diaporama-portfolio-item col-12 col-sm  col-grow\">\r\n\r\n\t\t\t\t\t\t\t\t\t\t<a href=\"https:\/\/www.camping-leboisverdon.com\/wp-content\/uploads\/2023\/01\/photo-aerienne-saint-gilles-croix-de-vie-P1240070.jpg\" data-lightbox=\"sevgallery-1240959517\" style=\"background-image: url(https:\/\/www.camping-leboisverdon.com\/wp-content\/uploads\/2023\/01\/photo-aerienne-saint-gilles-croix-de-vie-P1240070.jpg)\">\r\n\t\t\t\t\t\t\t\t\t\t\t<img decoding=\"async\" src=\"https:\/\/www.camping-leboisverdon.com\/wp-content\/uploads\/2023\/01\/photo-aerienne-saint-gilles-croix-de-vie-P1240070.jpg\" alt=\"camping proche \" loading=\"lazy\">\r\n\t\t\t\t\t\t\t\t\t\t<\/a>\r\n\t\t\t\t\t\t\t\t\t<\/div>\r\n\r\n\t\t\t\t\r\n\t\t\t\t\t\t\t\t\t\t\t\r\n\t\t\t\t\r\n\t\t\t\t<div class=\"sev-diaporama-portfolio-item col-12 col-sm  col-shrink\">\r\n\r\n\t\t\t\t\t\t\t\t\t\t<a href=\"https:\/\/www.camping-leboisverdon.com\/wp-content\/uploads\/2023\/01\/photo-aerienne-saint-gilles-croix-de-vie-P1240151.jpg\" data-lightbox=\"sevgallery-1240959517\" style=\"background-image: url(https:\/\/www.camping-leboisverdon.com\/wp-content\/uploads\/2023\/01\/photo-aerienne-saint-gilles-croix-de-vie-P1240151.jpg)\">\r\n\t\t\t\t\t\t\t\t\t\t\t<img decoding=\"async\" src=\"https:\/\/www.camping-leboisverdon.com\/wp-content\/uploads\/2023\/01\/photo-aerienne-saint-gilles-croix-de-vie-P1240151.jpg\" alt=\"camping proche Saint Gilles Croix de Vie\" loading=\"lazy\">\r\n\t\t\t\t\t\t\t\t\t\t<\/a>\r\n\t\t\t\t\t\t\t\t\t<\/div>\r\n\r\n\t\t\t\t\t\t\t\t\t<div class=\"w-100\"><\/div>\r\n\t\t\t\t\t\t\t\t\t\r\n\t\t\t\t\t\t\t\t\t\t\t\r\n\t\t\t\t\r\n\t\t\t\t<div class=\"sev-diaporama-portfolio-item col-12 col-sm \">\r\n\r\n\t\t\t\t\t\t\t\t\t\t<a href=\"https:\/\/www.camping-leboisverdon.com\/wp-content\/uploads\/2023\/01\/saint-gilles-croix-de-vie-IMG_5486-1.jpg\" data-lightbox=\"sevgallery-1240959517\" style=\"background-image: url(https:\/\/www.camping-leboisverdon.com\/wp-content\/uploads\/2023\/01\/saint-gilles-croix-de-vie-IMG_5486-1.jpg)\">\r\n\t\t\t\t\t\t\t\t\t\t\t<img decoding=\"async\" src=\"https:\/\/www.camping-leboisverdon.com\/wp-content\/uploads\/2023\/01\/saint-gilles-croix-de-vie-IMG_5486-1.jpg\" alt=\"camping proche Saint Gilles Croix de Vie\" loading=\"lazy\">\r\n\t\t\t\t\t\t\t\t\t\t<\/a>\r\n\t\t\t\t\t\t\t\t\t<\/div>\r\n\r\n\t\t\t\t\r\n\t\t\t\t\t\t\t\t\t\t\t\r\n\t\t\t\t\r\n\t\t\t\t<div class=\"sev-diaporama-portfolio-item col-12 col-sm \">\r\n\r\n\t\t\t\t\t\t\t\t\t\t<a href=\"https:\/\/www.camping-leboisverdon.com\/wp-content\/uploads\/2023\/01\/saint-gilles-croix-de-vie-IMG_5489.jpg\" data-lightbox=\"sevgallery-1240959517\" style=\"background-image: url(https:\/\/www.camping-leboisverdon.com\/wp-content\/uploads\/2023\/01\/saint-gilles-croix-de-vie-IMG_5489.jpg)\">\r\n\t\t\t\t\t\t\t\t\t\t\t<img decoding=\"async\" src=\"https:\/\/www.camping-leboisverdon.com\/wp-content\/uploads\/2023\/01\/saint-gilles-croix-de-vie-IMG_5489.jpg\" alt=\"camping haut de gamme proche Saint Gilles Croix de Vie\" loading=\"lazy\">\r\n\t\t\t\t\t\t\t\t\t\t<\/a>\r\n\t\t\t\t\t\t\t\t\t<\/div>\r\n\r\n\t\t\t\t\r\n\t\t\t\t\t\t\t\t\t\t\t\t\t\t<\/div>\r\n\t\t\t<\/div>\r\n\r\n\t\t\t<script>\r\n\t\t\tjQuery(function($) {\r\n\r\n\t\t\t\tvar marginPortfolio = function() {\r\n\r\n\t\t\t\t\tvar $diapo          = $('#sevgallery-1240959517');\r\n\t\t\t\t\tvar container_width = $diapo.parent().outerWidth();\r\n\t\t\t\t\tvar side            = ( $(window).innerWidth() - container_width ) \/ 2;\r\n\r\n\t\t\t\t\t$diapo.css( {\r\n\t\t\t\t\t\t'margin-left': '-' + side + 'px',\r\n\t\t\t\t\t\t'margin-right': '-' + side + 'px',\r\n\t\t\t\t\t} );\r\n\t\t\t\t};\r\n\r\n\t\t\t\t$( window ).resize( function() {\r\n\t\t\t\t\tmarginPortfolio();\r\n\t\t\t\t} );\r\n\t\t\t\tmarginPortfolio();\r\n\t\t\t});\r\n\t\t\t<\/script>\r\n\t\t\t<\/div>","protected":false},"excerpt":{"rendered":"<p>Ein Tag rund um Saint Gilles Croix de Vie Destination Saint Gilles Croix de Vie&#8230; F\u00fcr diesen neuen Ausflug mit Herz entf\u00fchren wir Sie nach Saint Gilles Croix de Vie. Die Ged\u00e4chtnisst\u00fctze von Bois Verdon und einige Tipps, damit dieser Tag perfekt wird&#8230; Dieser Badeort ist eines der Top-Reiseziele in der Vend\u00e9e. Das Leben in [&hellip;]<\/p>\n","protected":false},"author":1,"featured_media":0,"parent":0,"menu_order":0,"comment_status":"closed","ping_status":"closed","template":"","meta":{"_seopress_robots_primary_cat":"","_seopress_titles_title":"","_seopress_titles_desc":"","_seopress_robots_index":"","footnotes":""},"class_list":["post-2353","page","type-page","status-publish","hentry"],"_links":{"self":[{"href":"https:\/\/www.camping-leboisverdon.com\/de\/wp-json\/wp\/v2\/pages\/2353","targetHints":{"allow":["GET"]}}],"collection":[{"href":"https:\/\/www.camping-leboisverdon.com\/de\/wp-json\/wp\/v2\/pages"}],"about":[{"href":"https:\/\/www.camping-leboisverdon.com\/de\/wp-json\/wp\/v2\/types\/page"}],"author":[{"embeddable":true,"href":"https:\/\/www.camping-leboisverdon.com\/de\/wp-json\/wp\/v2\/users\/1"}],"replies":[{"embeddable":true,"href":"https:\/\/www.camping-leboisverdon.com\/de\/wp-json\/wp\/v2\/comments?post=2353"}],"version-history":[{"count":1,"href":"https:\/\/www.camping-leboisverdon.com\/de\/wp-json\/wp\/v2\/pages\/2353\/revisions"}],"predecessor-version":[{"id":2366,"href":"https:\/\/www.camping-leboisverdon.com\/de\/wp-json\/wp\/v2\/pages\/2353\/revisions\/2366"}],"wp:attachment":[{"href":"https:\/\/www.camping-leboisverdon.com\/de\/wp-json\/wp\/v2\/media?parent=2353"}],"curies":[{"name":"wp","href":"https:\/\/api.w.org\/{rel}","templated":true}]}}